{"id":4185,"date":"2026-01-25T15:42:45","date_gmt":"2026-01-25T14:42:45","guid":{"rendered":"https:\/\/parapharmacieenligne.ma\/?post_type=product&#038;p=4185"},"modified":"2026-01-25T15:50:42","modified_gmt":"2026-01-25T14:50:42","slug":"alphanova-contour-des-yeux-anti-rides-anti-poches-anti-cernes-lissant","status":"publish","type":"product","link":"https:\/\/parapharmacieenligne.ma\/en\/product\/alphanova-contour-des-yeux-anti-rides-anti-poches-anti-cernes-lissant\/","title":{"rendered":"ALPHANOVA Contour Des Yeux Anti-Rides Anti-poches Anti-cernes LISSANT+"},"content":{"rendered":"<p>Le contour des yeux anti-rides est un soin triple action qui hydrate, lisse et att\u00e9nue les poches et les cernes. Sa formule thermale haute tol\u00e9rance associe deux acides hyaluroniques, un actif anti-rides, le Power HBR ainsi qu\u2019un actif anti-cernes et anti-poches, le complexe TB. Le r\u00e9sultat est rapide et durable. Sa texture l\u00e9g\u00e8re, fra\u00eeche et non collante att\u00e9nue visiblement les cernes, poches et ridules li\u00e9es \u00e0 la d\u00e9shydratation.<\/p>\n<p><strong>76% des testeurs constatent une diminution des cernes et 61% des poches.<\/p>\n<p><\/strong>(Test Complexe TB, 21 femmes, pendant 30 jours)<\/p>\n<p>Le regard est d\u00e9fatigu\u00e9 et liss\u00e9. Sans parfum. <strong>99% d\u2019ingr\u00e9dients d\u2019origine naturelle \u2013 48% d\u2019ingr\u00e9dients bio.<\/strong><\/p>\n<p><strong>Pour qui ?<\/strong> Tous types de peaux.<\/p>\n<h5>ALPHANOVA Thermal Care est une gamme de soins naturels \u00e0 l\u2019efficacit\u00e9 exceptionnelle qui allie :<\/h5>\n<p>\u2022 Des actifs naturels innovants de nouvelle g\u00e9n\u00e9ration<\/p>\n<p>\u2022 L\u2019eau thermale apaisante de Provence<\/p>\n<p>\u2022 La naturalit\u00e9 d\u2019un produit certifi\u00e9 bio et v\u00e9gan<\/p>\n<h5>CONSEILS D\u2019UTILISATION DU CONTOUR DES YEUX ANTI-RIDES<\/h5>\n<p>Appliquez matin et soir sur le contour des yeux en tapotant d\u00e9licatement. Non com\u00e9dog\u00e8ne. Test\u00e9 sous contr\u00f4le dermatologique.<\/p>\n<p>*Ingr\u00e9dient issu de l\u2019Agriculture Biologique<\/p>\n<p>99% du total est d\u2019origine naturelle.<\/p>\n<p>48% du total des ingr\u00e9dients sont issus de l\u2019agriculture biologique.<\/p>\n<p>Source naturelle de bien-\u00eatre<\/p>\n<p>Fabriqu\u00e9 en France<\/p>\n<p>Flacon en verre recycl\u00e9 et recyclable 15 ml<\/p>","protected":false},"excerpt":{"rendered":"<p>Le contour des yeux anti-rides est un soin triple action qui hydrate, lisse et att\u00e9nue les poches et les cernes. Sa formule&hellip;<\/p>","protected":false},"featured_media":4274,"comment_status":"open","ping_status":"closed","template":"","meta":[],"product_cat":[83],"product_tag":[],"yith_product_brand":[95],"class_list":{"0":"post-4185","1":"product","2":"type-product","3":"status-publish","4":"has-post-thumbnail","6":"product_cat-soins-visage","7":"yith_product_brand-alphanova","9":"first","10":"instock","11":"sale","12":"shipping-taxable","13":"purchasable","14":"product-type-simple"},"_links":{"self":[{"href":"https:\/\/parapharmacieenligne.ma\/en\/wp-json\/wp\/v2\/product\/4185","targetHints":{"allow":["GET"]}}],"collection":[{"href":"https:\/\/parapharmacieenligne.ma\/en\/wp-json\/wp\/v2\/product"}],"about":[{"href":"https:\/\/parapharmacieenligne.ma\/en\/wp-json\/wp\/v2\/types\/product"}],"replies":[{"embeddable":true,"href":"https:\/\/parapharmacieenligne.ma\/en\/wp-json\/wp\/v2\/comments?post=4185"}],"version-history":[{"count":1,"href":"https:\/\/parapharmacieenligne.ma\/en\/wp-json\/wp\/v2\/product\/4185\/revisions"}],"predecessor-version":[{"id":4275,"href":"https:\/\/parapharmacieenligne.ma\/en\/wp-json\/wp\/v2\/product\/4185\/revisions\/4275"}],"wp:featuredmedia":[{"embeddable":true,"href":"https:\/\/parapharmacieenligne.ma\/en\/wp-json\/wp\/v2\/media\/4274"}],"wp:attachment":[{"href":"https:\/\/parapharmacieenligne.ma\/en\/wp-json\/wp\/v2\/media?parent=4185"}],"wp:term":[{"taxonomy":"product_cat","embeddable":true,"href":"https:\/\/parapharmacieenligne.ma\/en\/wp-json\/wp\/v2\/product_cat?post=4185"},{"taxonomy":"product_tag","embeddable":true,"href":"https:\/\/parapharmacieenligne.ma\/en\/wp-json\/wp\/v2\/product_tag?post=4185"},{"taxonomy":"yith_product_brand","embeddable":true,"href":"https:\/\/parapharmacieenligne.ma\/en\/wp-json\/wp\/v2\/yith_product_brand?post=4185"}],"curies":[{"name":"wp","href":"https:\/\/api.w.org\/{rel}","templated":true}]}}