{"id":4189,"date":"2026-01-25T15:43:20","date_gmt":"2026-01-25T14:43:20","guid":{"rendered":"https:\/\/parapharmacieenligne.ma\/?post_type=product&#038;p=4189"},"modified":"2026-01-25T15:50:48","modified_gmt":"2026-01-25T14:50:48","slug":"alphanova-creme-anti-rides-energisante-lissant","status":"publish","type":"product","link":"https:\/\/parapharmacieenligne.ma\/en\/product\/alphanova-creme-anti-rides-energisante-lissant\/","title":{"rendered":"ALPHANOVA Cr\u00e8me Anti-Rides \u00c9nergisante LISSANT+"},"content":{"rendered":"<p>La cr\u00e8me anti-rides \u00e9nergisante Alphanova Thermal Care hydrate, <strong>lisse et affine le grain de peau.<\/strong> Sa formule thermale l\u00e9g\u00e8re associe <strong>deux acides hyaluroniques<\/strong> et deux actifs anti-rides, le <strong>Power HBR<\/strong> et le <strong>Basilic Sacr\u00e9 Ayurv\u00e9dique<\/strong>, qui r\u00e9duisent les rides, att\u00e9nuent les rougeurs et stimulent l\u2019\u00e9lasticit\u00e9 de la peau.<\/p>\n<p><strong>95% d\u00e9clarent que les rides de d\u00e9shydratations semblent adoucies.<\/strong><\/p>\n<p>(Test Power HBR, 20 femmes pendant 28 jours, 2 fois par jour).<\/p>\n<p>Sa texture fluide, hydratante, non grasse, repulpe et redonne \u00e0 la peau \u00e9clat et \u00e9lasticit\u00e9 tout en la prot\u00e8geant des agressions ext\u00e9rieures. Son d\u00e9licat parfum \u00e0 la fois fleuri et poudr\u00e9 rend l\u2019application des plus agr\u00e9able. Les rides et ridules sont estomp\u00e9es. La peau est lumineuse, \u00e9clatante de jeunesse. <strong>99% d\u2019ingr\u00e9dients d\u2019origine naturelle \u2013 42% d\u2019ingr\u00e9dients bio.<\/strong><\/p>\n<p><strong>Pour qui ?<\/strong> Tous types de peaux.<\/p>\n<h5>ALPHANOVA Thermal Care est une gamme de soins naturels \u00e0 l\u2019efficacit\u00e9 exceptionnelle qui allie :<\/h5>\n<p>\u2022 Des actifs naturels innovants de nouvelle g\u00e9n\u00e9ration<\/p>\n<p>\u2022 L\u2019eau thermale apaisante de Provence<\/p>\n<p>\u2022 La naturalit\u00e9 d\u2019un produit certifi\u00e9 bio et v\u00e9gan<\/p>\n<h5>CONSEILS D\u2019UTILISATION DE LA CR\u00c9ME ANTI-RIDES \u00c9NERGISANTE<\/h5>\n<p>Appliquez une noisette, le matin sur le visage et le cou pr\u00e9alablement nettoy\u00e9s en massant d\u00e9licatement. Id\u00e9al comme base de maquillage. Pour une efficacit\u00e9 renforc\u00e9e, appliquez cette cr\u00e8me apr\u00e8s le S\u00e9rum Booster Anti-Rides. Pour une action plus nourrissante, utilisez la Cr\u00e8me Anti-Rides R\u00e9g\u00e9n\u00e9rante Alphanova Thermal Care. Non com\u00e9dog\u00e8ne. Test\u00e9 sous contr\u00f4le dermatologique<\/p>","protected":false},"excerpt":{"rendered":"<p>La cr\u00e8me anti-rides \u00e9nergisante Alphanova Thermal Care hydrate, lisse et affine le grain de peau. Sa formule thermale l\u00e9g\u00e8re associe deux acides&hellip;<\/p>","protected":false},"featured_media":4277,"comment_status":"open","ping_status":"closed","template":"","meta":[],"product_cat":[83],"product_tag":[],"yith_product_brand":[95],"class_list":{"0":"post-4189","1":"product","2":"type-product","3":"status-publish","4":"has-post-thumbnail","6":"product_cat-soins-visage","7":"yith_product_brand-alphanova","9":"first","10":"instock","11":"sale","12":"shipping-taxable","13":"purchasable","14":"product-type-simple"},"_links":{"self":[{"href":"https:\/\/parapharmacieenligne.ma\/en\/wp-json\/wp\/v2\/product\/4189","targetHints":{"allow":["GET"]}}],"collection":[{"href":"https:\/\/parapharmacieenligne.ma\/en\/wp-json\/wp\/v2\/product"}],"about":[{"href":"https:\/\/parapharmacieenligne.ma\/en\/wp-json\/wp\/v2\/types\/product"}],"replies":[{"embeddable":true,"href":"https:\/\/parapharmacieenligne.ma\/en\/wp-json\/wp\/v2\/comments?post=4189"}],"version-history":[{"count":1,"href":"https:\/\/parapharmacieenligne.ma\/en\/wp-json\/wp\/v2\/product\/4189\/revisions"}],"predecessor-version":[{"id":4278,"href":"https:\/\/parapharmacieenligne.ma\/en\/wp-json\/wp\/v2\/product\/4189\/revisions\/4278"}],"wp:featuredmedia":[{"embeddable":true,"href":"https:\/\/parapharmacieenligne.ma\/en\/wp-json\/wp\/v2\/media\/4277"}],"wp:attachment":[{"href":"https:\/\/parapharmacieenligne.ma\/en\/wp-json\/wp\/v2\/media?parent=4189"}],"wp:term":[{"taxonomy":"product_cat","embeddable":true,"href":"https:\/\/parapharmacieenligne.ma\/en\/wp-json\/wp\/v2\/product_cat?post=4189"},{"taxonomy":"product_tag","embeddable":true,"href":"https:\/\/parapharmacieenligne.ma\/en\/wp-json\/wp\/v2\/product_tag?post=4189"},{"taxonomy":"yith_product_brand","embeddable":true,"href":"https:\/\/parapharmacieenligne.ma\/en\/wp-json\/wp\/v2\/yith_product_brand?post=4189"}],"curies":[{"name":"wp","href":"https:\/\/api.w.org\/{rel}","templated":true}]}}