{"id":4197,"date":"2026-01-25T15:44:25","date_gmt":"2026-01-25T14:44:25","guid":{"rendered":"https:\/\/parapharmacieenligne.ma\/?post_type=product&#038;p=4197"},"modified":"2026-01-25T15:51:06","modified_gmt":"2026-01-25T14:51:06","slug":"alphanova-serum-booster-anti-rides-lissant","status":"publish","type":"product","link":"https:\/\/parapharmacieenligne.ma\/en\/product\/alphanova-serum-booster-anti-rides-lissant\/","title":{"rendered":"ALPHANOVA S\u00e9rum Booster Anti-Rides LISSANT+"},"content":{"rendered":"<p>Le s\u00e9rum booster anti-rides Alphanova Thermal Care lisse, repulpe et hydrate intens\u00e9ment la peau. <strong>Surdos\u00e9 en acides hyaluroniques<\/strong> pour un v\u00e9ritable concentr\u00e9 flash lissant. D\u00e8s l\u2019application, le s\u00e9rum <strong>stimule la formation du collag\u00e8ne<\/strong> et restaure l\u2019\u00e9lasticit\u00e9 cutan\u00e9e.<\/p>\n<p>Sa formule thermale associe un complexe de cellules v\u00e9g\u00e9tales d\u2019<strong>Hibiscus bleu activ\u00e9 en rutine<\/strong> \u00e0 un <strong>acide hyaluronique de tr\u00e8s bas poids mol\u00e9culaire.<\/strong> Ces deux actifs compl\u00e9mentaires favorisent le <strong>renouvellement cellulaire<\/strong>, <strong>r\u00e9duisent la profondeur des rides<\/strong> et <strong>stimulent l\u2019\u00e9lasticit\u00e9 cutan\u00e9e.<\/strong><\/p>\n<p>Sa texture fluide et non collante est un v\u00e9ritable \u00e9lixir lissant. Son d\u00e9licat parfum floral rend l\u2019application des plus agr\u00e9able. Le teint est sublim\u00e9, les traits affin\u00e9s, la peau est tonifi\u00e9e, repulp\u00e9e et \u00e9clatante de jeunesse.<\/p>\n<p><strong>Pour qui ?<\/strong> Tous types de peaux.<\/p>\n<p>Non com\u00e9dog\u00e8ne. Test\u00e9 sous contr\u00f4le dermatologique.<\/p>\n<h5>ALPHANOVA Thermal Care est une gamme de soins naturels \u00e0 l\u2019efficacit\u00e9 exceptionnelle qui allie :<\/h5>\n<p>\u2022 Des actifs naturels innovants de nouvelle g\u00e9n\u00e9ration<\/p>\n<p>\u2022 L\u2019eau thermale apaisante de Provence<\/p>\n<p>\u2022 La naturalit\u00e9 d\u2019un produit certifi\u00e9 bio et v\u00e9gan<\/p>\n<p>Source naturelle de bien-\u00eatre \u2013 Fabriqu\u00e9 en France<\/p>","protected":false},"excerpt":{"rendered":"<p>Le s\u00e9rum booster anti-rides Alphanova Thermal Care lisse, repulpe et hydrate intens\u00e9ment la peau. Surdos\u00e9 en acides hyaluroniques pour un v\u00e9ritable concentr\u00e9&hellip;<\/p>","protected":false},"featured_media":4283,"comment_status":"open","ping_status":"closed","template":"","meta":[],"product_cat":[83],"product_tag":[],"yith_product_brand":[95],"class_list":{"0":"post-4197","1":"product","2":"type-product","3":"status-publish","4":"has-post-thumbnail","6":"product_cat-soins-visage","7":"yith_product_brand-alphanova","9":"first","10":"instock","11":"sale","12":"shipping-taxable","13":"purchasable","14":"product-type-simple"},"_links":{"self":[{"href":"https:\/\/parapharmacieenligne.ma\/en\/wp-json\/wp\/v2\/product\/4197","targetHints":{"allow":["GET"]}}],"collection":[{"href":"https:\/\/parapharmacieenligne.ma\/en\/wp-json\/wp\/v2\/product"}],"about":[{"href":"https:\/\/parapharmacieenligne.ma\/en\/wp-json\/wp\/v2\/types\/product"}],"replies":[{"embeddable":true,"href":"https:\/\/parapharmacieenligne.ma\/en\/wp-json\/wp\/v2\/comments?post=4197"}],"version-history":[{"count":1,"href":"https:\/\/parapharmacieenligne.ma\/en\/wp-json\/wp\/v2\/product\/4197\/revisions"}],"predecessor-version":[{"id":4284,"href":"https:\/\/parapharmacieenligne.ma\/en\/wp-json\/wp\/v2\/product\/4197\/revisions\/4284"}],"wp:featuredmedia":[{"embeddable":true,"href":"https:\/\/parapharmacieenligne.ma\/en\/wp-json\/wp\/v2\/media\/4283"}],"wp:attachment":[{"href":"https:\/\/parapharmacieenligne.ma\/en\/wp-json\/wp\/v2\/media?parent=4197"}],"wp:term":[{"taxonomy":"product_cat","embeddable":true,"href":"https:\/\/parapharmacieenligne.ma\/en\/wp-json\/wp\/v2\/product_cat?post=4197"},{"taxonomy":"product_tag","embeddable":true,"href":"https:\/\/parapharmacieenligne.ma\/en\/wp-json\/wp\/v2\/product_tag?post=4197"},{"taxonomy":"yith_product_brand","embeddable":true,"href":"https:\/\/parapharmacieenligne.ma\/en\/wp-json\/wp\/v2\/yith_product_brand?post=4197"}],"curies":[{"name":"wp","href":"https:\/\/api.w.org\/{rel}","templated":true}]}}