{"id":4787,"date":"2026-01-25T16:24:17","date_gmt":"2026-01-25T15:24:17","guid":{"rendered":"https:\/\/parapharmacieenligne.ma\/?post_type=product&#038;p=4787"},"modified":"2026-01-25T16:24:35","modified_gmt":"2026-01-25T15:24:35","slug":"svr-ecran-sun-secure-lait-spray-hydratantspf50-200ml","status":"publish","type":"product","link":"https:\/\/parapharmacieenligne.ma\/en\/product\/svr-ecran-sun-secure-lait-spray-hydratantspf50-200ml\/","title":{"rendered":"SVR Ecran Sun Secure Lait Spray HydratantSpf50+ 200ml"},"content":{"rendered":"<div aria-labelledby=\"tab-title-description\" class=\"woocommerce-Tabs-panel woocommerce-Tabs-panel--description panel entry-content wc-tab\" id=\"tab-description\" role=\"tabpanel\" style=\"\">\n<h2>Description<\/h2>\n<div class=\"flex max-w-full flex-col flex-grow\">\n<div class=\"min-h-8 text-message flex w-full flex-col items-end gap-2 whitespace-normal break-words [.text-message+&amp;]:mt-5\" data-message-author-role=\"assistant\" data-message-id=\"3c8f14a1-c274-46e9-96c0-91fc4ae33c88\" data-message-model-slug=\"gpt-4o\" dir=\"auto\">\n<div class=\"flex w-full flex-col gap-1 empty:hidden first:pt-[3px]\">\n<div class=\"markdown prose w-full break-words dark:prose-invert light\">\n<p>SVR Sun Secure Lait Cr\u00e9pitant SPF50+ est un lait solaire innovant qui combine une haute protection solaire avec une texture unique et ludique. Son application cr\u00e9pitante procure une sensation de fra\u00eecheur imm\u00e9diate, id\u00e9ale pour les journ\u00e9es chaudes. Enrichi en filtres solaires de large spectre, il prot\u00e8ge la peau des effets nocifs du soleil, incluant les coups de soleil et le vieillissement pr\u00e9matur\u00e9. Sa formule r\u00e9sistante \u00e0 l\u2019eau et \u00e0 la transpiration convient \u00e0 toute la famille, m\u00eame aux peaux sensibles. L\u2019application est rapide, la peau est prot\u00e9g\u00e9e et reste douce et hydrat\u00e9e sans effet collant.<\/p>\n<\/p><\/div>\n<\/p><\/div>\n<\/p><\/div>\n<\/p><\/div>\n<\/p><\/div>\n","protected":false},"excerpt":{"rendered":"<p>Highlights:SUN SECURE Lait Cr\u00e9pitant SPF50+ 200ml | Une protection solaire ludique et efficace pour une peau prot\u00e9g\u00e9e et sublim\u00e9e.<\/p>","protected":false},"featured_media":4818,"comment_status":"open","ping_status":"closed","template":"","meta":[],"product_cat":[86],"product_tag":[],"yith_product_brand":[99],"class_list":{"0":"post-4787","1":"product","2":"type-product","3":"status-publish","4":"has-post-thumbnail","6":"product_cat-protection-solaire","7":"yith_product_brand-svr","9":"first","10":"instock","11":"sale","12":"shipping-taxable","13":"purchasable","14":"product-type-simple"},"_links":{"self":[{"href":"https:\/\/parapharmacieenligne.ma\/en\/wp-json\/wp\/v2\/product\/4787","targetHints":{"allow":["GET"]}}],"collection":[{"href":"https:\/\/parapharmacieenligne.ma\/en\/wp-json\/wp\/v2\/product"}],"about":[{"href":"https:\/\/parapharmacieenligne.ma\/en\/wp-json\/wp\/v2\/types\/product"}],"replies":[{"embeddable":true,"href":"https:\/\/parapharmacieenligne.ma\/en\/wp-json\/wp\/v2\/comments?post=4787"}],"version-history":[{"count":1,"href":"https:\/\/parapharmacieenligne.ma\/en\/wp-json\/wp\/v2\/product\/4787\/revisions"}],"predecessor-version":[{"id":4819,"href":"https:\/\/parapharmacieenligne.ma\/en\/wp-json\/wp\/v2\/product\/4787\/revisions\/4819"}],"wp:featuredmedia":[{"embeddable":true,"href":"https:\/\/parapharmacieenligne.ma\/en\/wp-json\/wp\/v2\/media\/4818"}],"wp:attachment":[{"href":"https:\/\/parapharmacieenligne.ma\/en\/wp-json\/wp\/v2\/media?parent=4787"}],"wp:term":[{"taxonomy":"product_cat","embeddable":true,"href":"https:\/\/parapharmacieenligne.ma\/en\/wp-json\/wp\/v2\/product_cat?post=4787"},{"taxonomy":"product_tag","embeddable":true,"href":"https:\/\/parapharmacieenligne.ma\/en\/wp-json\/wp\/v2\/product_tag?post=4787"},{"taxonomy":"yith_product_brand","embeddable":true,"href":"https:\/\/parapharmacieenligne.ma\/en\/wp-json\/wp\/v2\/yith_product_brand?post=4787"}],"curies":[{"name":"wp","href":"https:\/\/api.w.org\/{rel}","templated":true}]}}