{"id":4788,"date":"2026-01-25T16:24:17","date_gmt":"2026-01-25T15:24:17","guid":{"rendered":"https:\/\/parapharmacieenligne.ma\/?post_type=product&#038;p=4788"},"modified":"2026-01-25T16:24:38","modified_gmt":"2026-01-25T15:24:38","slug":"svr-sun-secur-lait-apres-soleil-spf50-200ml","status":"publish","type":"product","link":"https:\/\/parapharmacieenligne.ma\/en\/product\/svr-sun-secur-lait-apres-soleil-spf50-200ml\/","title":{"rendered":"Svr Sun Secur Lait Apres-soleil Spf50+ 200ml"},"content":{"rendered":"<div aria-labelledby=\"tab-title-description\" class=\"woocommerce-Tabs-panel woocommerce-Tabs-panel--description panel entry-content wc-tab\" id=\"tab-description\" role=\"tabpanel\" style=\"\">\n<h2>Description<\/h2>\n<div class=\"product product--template\" data-enable-history-state=\"true\" data-section-id=\"\" data-section-type=\"product\">\n<div class=\"container\">\n<div class=\"product__content\">\n<div class=\"product__tab expanded\" data-drawer-container=\"\">\n<div class=\"product__tab-content\" data-drawer-content=\"\">\n<p>Pour toutes les peaux sensibles. D\u00e8s la naissance (hors pr\u00e9matur\u00e9s). Visage et corps.<\/p>\n<p>SUN SECURE Apr\u00e8s-soleil est un soin apaisant, hydratant et r\u00e9parateur qui convient aux peaux \u00e9chauff\u00e9es de toute la famille! Sa texture in\u00e9dite, onctueuse et micro-a\u00e9r\u00e9e, fond sur la peau et procure une sensation de fra\u00eecheur imm\u00e9diate. Gr\u00e2ce \u00e0 ses nacres ultra-fines et son parfum addictif d\u2019\u00e9t\u00e9, il laisse la peau satin\u00e9e et le bronzage sublim\u00e9 pour les longues soir\u00e9es d\u2019\u00e9t\u00e9. Vous ne pourrez plus vous en passer !<\/p>\n<p>\u2022 <strong>100%<\/strong> Fra\u00eecheur instantan\u00e9e et durable<sup>(1)<\/sup><br \/>\n \u2022 <strong>95%<\/strong> Peau apais\u00e9e durablement<sup>(2)<\/sup><br \/>\n \u2022 <strong>90%<\/strong> Bronzage sublim\u00e9<sup>(2)<\/sup><br \/>\n \u2022 <strong>100%<\/strong> volontaires convaincus<sup>(1)<\/sup><\/p>\n<\/p>\n<p>(1) SVR, SUN SECURE Apr\u00e8s-soleil, test d\u2019usage 20 volontaires, 28 jours, % satisfaction (2) SVR, SUN SECURE Apr\u00e8s-soleil, test d\u2019usage 20 volontaires, 21 jours, % satisfaction<\/p>\n<\/div><\/div>\n<div class=\"product__tab\" data-drawer-container=\"\">\n<h2 class=\"product__tab-header\" data-drawer-header=\"\">Comment \u00e7a marche ?<\/h2>\n<\/p><\/div>\n<div class=\"product__tab\" data-drawer-container=\"\">\n<h2 class=\"product__tab-header\" data-drawer-header=\"\">Comment l\u2019utiliser ?<\/h2>\n<\/p><\/div>\n<\/p><\/div>\n<\/p><\/div>\n<\/p><\/div>\n<section class=\"shopify-section section section--nosto-products\" id=\"shopify-section-product-nosto-recommandation\">\n<div class=\"nosto_element js-nosto-placement-section\" data-section-id=\"product-nosto-recommandation\" id=\"\"><\/div>\n<\/section>\n<div class=\"section section--products\">\n<div class=\"container\">\n<div class=\"section__header\"><\/div>\n<\/p><\/div>\n<\/p><\/div>\n<\/p><\/div>","protected":false},"excerpt":{"rendered":"<p>Highlights:SUN SECURE Apr\u00e8s-Soleil 200ml | apr\u00e8s-soleil rafra\u00eechissant apaisant hydratant200ml<\/p>","protected":false},"featured_media":4820,"comment_status":"open","ping_status":"closed","template":"","meta":[],"product_cat":[86],"product_tag":[],"yith_product_brand":[99],"class_list":{"0":"post-4788","1":"product","2":"type-product","3":"status-publish","4":"has-post-thumbnail","6":"product_cat-protection-solaire","7":"yith_product_brand-svr","9":"first","10":"instock","11":"sale","12":"shipping-taxable","13":"purchasable","14":"product-type-simple"},"_links":{"self":[{"href":"https:\/\/parapharmacieenligne.ma\/en\/wp-json\/wp\/v2\/product\/4788","targetHints":{"allow":["GET"]}}],"collection":[{"href":"https:\/\/parapharmacieenligne.ma\/en\/wp-json\/wp\/v2\/product"}],"about":[{"href":"https:\/\/parapharmacieenligne.ma\/en\/wp-json\/wp\/v2\/types\/product"}],"replies":[{"embeddable":true,"href":"https:\/\/parapharmacieenligne.ma\/en\/wp-json\/wp\/v2\/comments?post=4788"}],"version-history":[{"count":1,"href":"https:\/\/parapharmacieenligne.ma\/en\/wp-json\/wp\/v2\/product\/4788\/revisions"}],"predecessor-version":[{"id":4821,"href":"https:\/\/parapharmacieenligne.ma\/en\/wp-json\/wp\/v2\/product\/4788\/revisions\/4821"}],"wp:featuredmedia":[{"embeddable":true,"href":"https:\/\/parapharmacieenligne.ma\/en\/wp-json\/wp\/v2\/media\/4820"}],"wp:attachment":[{"href":"https:\/\/parapharmacieenligne.ma\/en\/wp-json\/wp\/v2\/media?parent=4788"}],"wp:term":[{"taxonomy":"product_cat","embeddable":true,"href":"https:\/\/parapharmacieenligne.ma\/en\/wp-json\/wp\/v2\/product_cat?post=4788"},{"taxonomy":"product_tag","embeddable":true,"href":"https:\/\/parapharmacieenligne.ma\/en\/wp-json\/wp\/v2\/product_tag?post=4788"},{"taxonomy":"yith_product_brand","embeddable":true,"href":"https:\/\/parapharmacieenligne.ma\/en\/wp-json\/wp\/v2\/yith_product_brand?post=4788"}],"curies":[{"name":"wp","href":"https:\/\/api.w.org\/{rel}","templated":true}]}}