{"id":4790,"date":"2026-01-25T16:24:18","date_gmt":"2026-01-25T15:24:18","guid":{"rendered":"https:\/\/parapharmacieenligne.ma\/?post_type=product&#038;p=4790"},"modified":"2026-01-25T16:24:43","modified_gmt":"2026-01-25T15:24:43","slug":"svr-palpebral-baume-30-ml","status":"publish","type":"product","link":"https:\/\/parapharmacieenligne.ma\/en\/product\/svr-palpebral-baume-30-ml\/","title":{"rendered":"Svr Palpebral Baume 30 ml"},"content":{"rendered":"<div aria-labelledby=\"tab-title-description\" class=\"woocommerce-Tabs-panel woocommerce-Tabs-panel--description panel entry-content wc-tab\" id=\"tab-description\" role=\"tabpanel\" style=\"\">\n<h2>Description<\/h2>\n<div class=\"relative truncate__content [&amp;.truncate]:max-h-[43px] [&amp;.truncate]:lg:max-h-[60px] max-w-full prose-prevent-my flex flex-col gap-3 whitespace-normal !text-big lg:!text-[18px] !font-light\"><\/div>\n<div class=\"relative truncate__content [&amp;.truncate]:max-h-[43px] [&amp;.truncate]:lg:max-h-[60px] max-w-full prose-prevent-my flex flex-col gap-3 whitespace-normal !text-big lg:!text-[18px] !font-light\">Riche en acide hyaluronique et en Om\u00e9gas 3, 6, 9 coupl\u00e9s au brevet C\u00e9ramides AD prot\u00e8ge des agressions ext\u00e9rieures<\/div>\n<div class=\"relative truncate__content [&amp;.truncate]:max-h-[43px] [&amp;.truncate]:lg:max-h-[60px] max-w-full prose-prevent-my flex flex-col gap-3 whitespace-normal !text-big lg:!text-[18px] !font-light\">Sa texture riche et fondante 100% plaisir et sans parfum.<\/div>\n<div class=\"relative truncate__content [&amp;.truncate]:max-h-[43px] [&amp;.truncate]:lg:max-h-[60px] max-w-full prose-prevent-my flex flex-col gap-3 whitespace-normal !text-big lg:!text-[18px] !font-light\">4-Test d\u2019usage sur 22 volontaires, application matin et soir pendant 21 jours et \u00e9valuation 48h apr\u00e8s la fin des aplication<\/div>\n<\/p><\/div>\n","protected":false},"excerpt":{"rendered":"<p>Highlights:Baume PALPEBRAL hydrate et restaure la barri\u00e8re cutan\u00e9e et le film hydrolipidique pour apaiser instantan\u00e9ment et r\u00e9duire durablement les inconforts pendant 24H (4).FORMULE POURVisage, contour des yeux et paupi\u00e8res. Peaux s\u00e8ches sujettes \u00e0 crise d\u2019eczema atopique. Rougeurs, irritations, d\u00e9mangeaisonsTESTE SOUS CONTROLE DERMATOLOGIQUE ET OPHTALMOLOGIQUEContour des yeux secs et atopiques pr\u00e9sentant de fortes marques de s\u00e9cheresse et des sensations de d\u00e9mangeaisonsSANS PARFUMTEST\u00c9 SUR LES PERTURBATEURS ENDOCRINIENS**Test\u00e9 sans effet sur les m\u00e9canismes endocriniens (oestrog\u00e9niques, androg\u00e9niques et thyro\u00efdiens). Tests r\u00e9alis\u00e9s par un laboratoire ind\u00e9pendant, expert de la perturbation endocrinienne.<\/p>","protected":false},"featured_media":4824,"comment_status":"open","ping_status":"closed","template":"","meta":[],"product_cat":[83],"product_tag":[],"yith_product_brand":[99],"class_list":{"0":"post-4790","1":"product","2":"type-product","3":"status-publish","4":"has-post-thumbnail","6":"product_cat-soins-visage","7":"yith_product_brand-svr","9":"first","10":"instock","11":"sale","12":"shipping-taxable","13":"purchasable","14":"product-type-simple"},"_links":{"self":[{"href":"https:\/\/parapharmacieenligne.ma\/en\/wp-json\/wp\/v2\/product\/4790","targetHints":{"allow":["GET"]}}],"collection":[{"href":"https:\/\/parapharmacieenligne.ma\/en\/wp-json\/wp\/v2\/product"}],"about":[{"href":"https:\/\/parapharmacieenligne.ma\/en\/wp-json\/wp\/v2\/types\/product"}],"replies":[{"embeddable":true,"href":"https:\/\/parapharmacieenligne.ma\/en\/wp-json\/wp\/v2\/comments?post=4790"}],"version-history":[{"count":1,"href":"https:\/\/parapharmacieenligne.ma\/en\/wp-json\/wp\/v2\/product\/4790\/revisions"}],"predecessor-version":[{"id":4825,"href":"https:\/\/parapharmacieenligne.ma\/en\/wp-json\/wp\/v2\/product\/4790\/revisions\/4825"}],"wp:featuredmedia":[{"embeddable":true,"href":"https:\/\/parapharmacieenligne.ma\/en\/wp-json\/wp\/v2\/media\/4824"}],"wp:attachment":[{"href":"https:\/\/parapharmacieenligne.ma\/en\/wp-json\/wp\/v2\/media?parent=4790"}],"wp:term":[{"taxonomy":"product_cat","embeddable":true,"href":"https:\/\/parapharmacieenligne.ma\/en\/wp-json\/wp\/v2\/product_cat?post=4790"},{"taxonomy":"product_tag","embeddable":true,"href":"https:\/\/parapharmacieenligne.ma\/en\/wp-json\/wp\/v2\/product_tag?post=4790"},{"taxonomy":"yith_product_brand","embeddable":true,"href":"https:\/\/parapharmacieenligne.ma\/en\/wp-json\/wp\/v2\/yith_product_brand?post=4790"}],"curies":[{"name":"wp","href":"https:\/\/api.w.org\/{rel}","templated":true}]}}