{"id":4792,"date":"2026-01-25T16:24:19","date_gmt":"2026-01-25T15:24:19","guid":{"rendered":"https:\/\/parapharmacieenligne.ma\/?post_type=product&#038;p=4792"},"modified":"2026-03-31T22:53:12","modified_gmt":"2026-03-31T20:53:12","slug":"svr-sebiaclear-creme-lavante-400ml","status":"publish","type":"product","link":"https:\/\/parapharmacieenligne.ma\/en\/product\/svr-sebiaclear-creme-lavante-400ml\/","title":{"rendered":"Svr Sebiaclear Creme Lavante 400ml"},"content":{"rendered":"<div aria-labelledby=\"tab-title-description\" class=\"woocommerce-Tabs-panel woocommerce-Tabs-panel--description panel entry-content wc-tab\" id=\"tab-description\" role=\"tabpanel\" style=\"\">\n<h2>Description<\/h2>\n<div class=\"product__resume\">SEBIACLEAR Cr\u00e8me lavante | Nettoyant anti-imperfections hydratant qui apaise les peaux \u00e0 imperfections d\u00e9shydrat\u00e9es ou les peaux fragilis\u00e9es par les traitements.<\/div>\n<div class=\"price-indication\" id=\"965132126\"><\/div>\n<div class=\"product__variants\">\n<div class=\"product__options\">\n<div class=\"product__options-dropdown\">\n<p>Pour les peaux sensibles, fragilis\u00e9es, irrit\u00e9es d\u00fb au dess\u00e8chement cutan\u00e9. Peaux \u00e0 imperfections d\u00e9shydrat\u00e9es ou peaux fragilis\u00e9es par les traitements dess\u00e9chants. Visage et corps. Adolescents, adultes.<\/p>\n<p>Nettoyer sa peau est un geste indispensable de la routine beaut\u00e9. Mais quand la peau est sensibilis\u00e9e, d\u00e9shydrat\u00e9e ou encore fragilis\u00e9e par des traitements dess\u00e9chants, elle a besoin d\u2019un nettoyant tout particulier ultra confortable.<\/p>\n<p>La Cr\u00e8me Lavante SEBIACLEAR a \u00e9t\u00e9 sp\u00e9cialement formul\u00e9e sans parfum et sans savon pour nettoyer en douceur dans le plus grand respect des peaux sensibles fragilis\u00e9es. Sa base lavante sans tensioactifs sulfat\u00e9s est associ\u00e9e au zinc pour purifier la peau et \u00e0 la niacinamide pour apaiser les sensations de tiraillements, d\u2019irritations et renforcer la barri\u00e8re cutan\u00e9e. Sa texture enveloppante non moussante \u00e9limine les impuret\u00e9s et l\u2019exc\u00e8s de s\u00e9bum pour une sensation peau nette. Enrichie en glyc\u00e9rine, elle prot\u00e8ge la peau en aidant \u00e0 compenser les effets des traitements dess\u00e9chants. La peau est douce, fraiche et confortable.<\/p>\n<\/p><\/div>\n<\/p><\/div>\n<\/p><\/div>\n<\/p><\/div>","protected":false},"excerpt":{"rendered":"<p>Highlights:Cr\u00e8me lavante hydratante apaisante anti-dess\u00e8chement anti-imperfections<\/p>","protected":false},"featured_media":4828,"comment_status":"open","ping_status":"closed","template":"","meta":[],"product_cat":[206,83],"product_tag":[],"yith_product_brand":[99],"class_list":{"0":"post-4792","1":"product","2":"type-product","3":"status-publish","4":"has-post-thumbnail","6":"product_cat-acne","7":"product_cat-soins-visage","8":"yith_product_brand-svr","10":"first","11":"instock","12":"sale","13":"shipping-taxable","14":"purchasable","15":"product-type-simple"},"_links":{"self":[{"href":"https:\/\/parapharmacieenligne.ma\/en\/wp-json\/wp\/v2\/product\/4792","targetHints":{"allow":["GET"]}}],"collection":[{"href":"https:\/\/parapharmacieenligne.ma\/en\/wp-json\/wp\/v2\/product"}],"about":[{"href":"https:\/\/parapharmacieenligne.ma\/en\/wp-json\/wp\/v2\/types\/product"}],"replies":[{"embeddable":true,"href":"https:\/\/parapharmacieenligne.ma\/en\/wp-json\/wp\/v2\/comments?post=4792"}],"version-history":[{"count":1,"href":"https:\/\/parapharmacieenligne.ma\/en\/wp-json\/wp\/v2\/product\/4792\/revisions"}],"predecessor-version":[{"id":4829,"href":"https:\/\/parapharmacieenligne.ma\/en\/wp-json\/wp\/v2\/product\/4792\/revisions\/4829"}],"wp:featuredmedia":[{"embeddable":true,"href":"https:\/\/parapharmacieenligne.ma\/en\/wp-json\/wp\/v2\/media\/4828"}],"wp:attachment":[{"href":"https:\/\/parapharmacieenligne.ma\/en\/wp-json\/wp\/v2\/media?parent=4792"}],"wp:term":[{"taxonomy":"product_cat","embeddable":true,"href":"https:\/\/parapharmacieenligne.ma\/en\/wp-json\/wp\/v2\/product_cat?post=4792"},{"taxonomy":"product_tag","embeddable":true,"href":"https:\/\/parapharmacieenligne.ma\/en\/wp-json\/wp\/v2\/product_tag?post=4792"},{"taxonomy":"yith_product_brand","embeddable":true,"href":"https:\/\/parapharmacieenligne.ma\/en\/wp-json\/wp\/v2\/yith_product_brand?post=4792"}],"curies":[{"name":"wp","href":"https:\/\/api.w.org\/{rel}","templated":true}]}}