{"id":4793,"date":"2026-01-25T16:24:20","date_gmt":"2026-01-25T15:24:20","guid":{"rendered":"https:\/\/parapharmacieenligne.ma\/?post_type=product&#038;p=4793"},"modified":"2026-01-25T16:25:02","modified_gmt":"2026-01-25T15:25:02","slug":"svr-densitium-creme-spf30-50ml","status":"publish","type":"product","link":"https:\/\/parapharmacieenligne.ma\/en\/product\/svr-densitium-creme-spf30-50ml\/","title":{"rendered":"Svr Densitium Creme Spf30 50ml"},"content":{"rendered":"<div aria-labelledby=\"tab-title-description\" class=\"woocommerce-Tabs-panel woocommerce-Tabs-panel--description panel entry-content wc-tab\" id=\"tab-description\" role=\"tabpanel\" style=\"\">\n<h2>Description<\/h2>\n<div class=\"product__resume\">DENSITIUM Cr\u00e8me SPF 30 I Le c\u0153ur de formule Densitium, la protection solaire en plus !<\/div>\n<div class=\"price-indication\" id=\"496450858\"><\/div>\n<div class=\"product__variants\">\n<div class=\"product__options\">\n<p>Rides install\u00e9es, taches, fermet\u00e9. Peau normale \u00e0 s\u00e8che. Visage et cou.<\/p>\n<p>La Cr\u00e8me SPF 30 Densitium offre une action anti-\u00e2ge globale avec une protection solaire contre les UVB, UVA, les IR et la lumi\u00e8re visible (bleue) responsables du photo-vieillissement et des taches.<\/p>\n<p>L\u2019association de filtres solaires brevet\u00e9s SVR<sup>(1)<\/sup> combine la haute protection large spectre \u00e0 un puissant complexe anti-oxydants pour prot\u00e9ger et renforcer la peau des effets responsables de l\u2019acc\u00e9l\u00e9ration du vieillissement cutan\u00e9e.<\/p>\n<p>Redensifi\u00e9e, la peau est plus ferme, les contours du visage sont plus nets. Renforc\u00e9e et prot\u00e9g\u00e9e au quotidien des rayons, elle parait plus jeune et \u00e9clatante.<\/p>\n<\/p><\/div>\n<\/p><\/div>\n<\/p><\/div>","protected":false},"excerpt":{"rendered":"<p>Highlights:Correction globale, redensifiante, multi-protection<\/p>","protected":false},"featured_media":4837,"comment_status":"open","ping_status":"closed","template":"","meta":[],"product_cat":[83],"product_tag":[],"yith_product_brand":[99],"class_list":{"0":"post-4793","1":"product","2":"type-product","3":"status-publish","4":"has-post-thumbnail","6":"product_cat-soins-visage","7":"yith_product_brand-svr","9":"first","10":"instock","11":"sale","12":"shipping-taxable","13":"purchasable","14":"product-type-simple"},"_links":{"self":[{"href":"https:\/\/parapharmacieenligne.ma\/en\/wp-json\/wp\/v2\/product\/4793","targetHints":{"allow":["GET"]}}],"collection":[{"href":"https:\/\/parapharmacieenligne.ma\/en\/wp-json\/wp\/v2\/product"}],"about":[{"href":"https:\/\/parapharmacieenligne.ma\/en\/wp-json\/wp\/v2\/types\/product"}],"replies":[{"embeddable":true,"href":"https:\/\/parapharmacieenligne.ma\/en\/wp-json\/wp\/v2\/comments?post=4793"}],"version-history":[{"count":1,"href":"https:\/\/parapharmacieenligne.ma\/en\/wp-json\/wp\/v2\/product\/4793\/revisions"}],"predecessor-version":[{"id":4838,"href":"https:\/\/parapharmacieenligne.ma\/en\/wp-json\/wp\/v2\/product\/4793\/revisions\/4838"}],"wp:featuredmedia":[{"embeddable":true,"href":"https:\/\/parapharmacieenligne.ma\/en\/wp-json\/wp\/v2\/media\/4837"}],"wp:attachment":[{"href":"https:\/\/parapharmacieenligne.ma\/en\/wp-json\/wp\/v2\/media?parent=4793"}],"wp:term":[{"taxonomy":"product_cat","embeddable":true,"href":"https:\/\/parapharmacieenligne.ma\/en\/wp-json\/wp\/v2\/product_cat?post=4793"},{"taxonomy":"product_tag","embeddable":true,"href":"https:\/\/parapharmacieenligne.ma\/en\/wp-json\/wp\/v2\/product_tag?post=4793"},{"taxonomy":"yith_product_brand","embeddable":true,"href":"https:\/\/parapharmacieenligne.ma\/en\/wp-json\/wp\/v2\/yith_product_brand?post=4793"}],"curies":[{"name":"wp","href":"https:\/\/api.w.org\/{rel}","templated":true}]}}