{"id":4794,"date":"2026-01-25T16:24:20","date_gmt":"2026-01-25T15:24:20","guid":{"rendered":"https:\/\/parapharmacieenligne.ma\/?post_type=product&#038;p=4794"},"modified":"2026-01-25T16:25:06","modified_gmt":"2026-01-25T15:25:06","slug":"svr-creme-hydraliane-40ml","status":"publish","type":"product","link":"https:\/\/parapharmacieenligne.ma\/en\/product\/svr-creme-hydraliane-40ml\/","title":{"rendered":"Svr Creme Hydraliane 40ml"},"content":{"rendered":"<div aria-labelledby=\"tab-title-description\" class=\"woocommerce-Tabs-panel woocommerce-Tabs-panel--description panel entry-content wc-tab\" id=\"tab-description\" role=\"tabpanel\" style=\"\">\n<h2>Description<\/h2>\n<p>SVR Hydraliane Cr\u00e8me Hydratation Intense 50 ml est un soin visage pour tous types de peaux sensibles formul\u00e9 avec 100% d\u2019ingr\u00e9dients d\u2019origine naturelle. Cette cr\u00e8me fondante apaise et hydrate intens\u00e9ment la peau toute la journ\u00e9e. Elle prot\u00e8ge la peau qui retrouve douceur, souplesse et confort.<\/p>\n<p>Pour toute la famille.<\/p>\n<p>Non gras, non collant.<\/p>\n<p>Non com\u00e9dog\u00e8ne. Hypoallerg\u00e9nique.<br \/>\n Test\u00e9 sous contr\u00f4le dermatologique.<\/p>\n<\/p><\/div>","protected":false},"excerpt":{"rendered":"<p>Highlights:SVR Hydraliane Cr\u00e8me Hydratation Intense 50 ml est un soin visage pour tous types de peaux sensibles formul\u00e9 avec 100% d\u2019ingr\u00e9dients d\u2019origine naturelle.<\/p>","protected":false},"featured_media":4839,"comment_status":"open","ping_status":"closed","template":"","meta":[],"product_cat":[83],"product_tag":[],"yith_product_brand":[99],"class_list":{"0":"post-4794","1":"product","2":"type-product","3":"status-publish","4":"has-post-thumbnail","6":"product_cat-soins-visage","7":"yith_product_brand-svr","9":"first","10":"instock","11":"sale","12":"shipping-taxable","13":"purchasable","14":"product-type-simple"},"_links":{"self":[{"href":"https:\/\/parapharmacieenligne.ma\/en\/wp-json\/wp\/v2\/product\/4794","targetHints":{"allow":["GET"]}}],"collection":[{"href":"https:\/\/parapharmacieenligne.ma\/en\/wp-json\/wp\/v2\/product"}],"about":[{"href":"https:\/\/parapharmacieenligne.ma\/en\/wp-json\/wp\/v2\/types\/product"}],"replies":[{"embeddable":true,"href":"https:\/\/parapharmacieenligne.ma\/en\/wp-json\/wp\/v2\/comments?post=4794"}],"version-history":[{"count":1,"href":"https:\/\/parapharmacieenligne.ma\/en\/wp-json\/wp\/v2\/product\/4794\/revisions"}],"predecessor-version":[{"id":4840,"href":"https:\/\/parapharmacieenligne.ma\/en\/wp-json\/wp\/v2\/product\/4794\/revisions\/4840"}],"wp:featuredmedia":[{"embeddable":true,"href":"https:\/\/parapharmacieenligne.ma\/en\/wp-json\/wp\/v2\/media\/4839"}],"wp:attachment":[{"href":"https:\/\/parapharmacieenligne.ma\/en\/wp-json\/wp\/v2\/media?parent=4794"}],"wp:term":[{"taxonomy":"product_cat","embeddable":true,"href":"https:\/\/parapharmacieenligne.ma\/en\/wp-json\/wp\/v2\/product_cat?post=4794"},{"taxonomy":"product_tag","embeddable":true,"href":"https:\/\/parapharmacieenligne.ma\/en\/wp-json\/wp\/v2\/product_tag?post=4794"},{"taxonomy":"yith_product_brand","embeddable":true,"href":"https:\/\/parapharmacieenligne.ma\/en\/wp-json\/wp\/v2\/yith_product_brand?post=4794"}],"curies":[{"name":"wp","href":"https:\/\/api.w.org\/{rel}","templated":true}]}}