{"id":4797,"date":"2026-01-25T16:24:24","date_gmt":"2026-01-25T15:24:24","guid":{"rendered":"https:\/\/parapharmacieenligne.ma\/?post_type=product&#038;p=4797"},"modified":"2026-01-25T16:25:17","modified_gmt":"2026-01-25T15:25:17","slug":"svr-topialyse-stick-levre-4g","status":"publish","type":"product","link":"https:\/\/parapharmacieenligne.ma\/en\/product\/svr-topialyse-stick-levre-4g\/","title":{"rendered":"Svr Topialyse Stick Levre 4g"},"content":{"rendered":"<div aria-labelledby=\"tab-title-description\" class=\"woocommerce-Tabs-panel woocommerce-Tabs-panel--description panel entry-content wc-tab\" id=\"tab-description\" role=\"tabpanel\" style=\"\">\n<h2>Description<\/h2>\n<p>TOPIALYSE LEVRES est un soin double action qui nourrit et r\u00e9pare les l\u00e8vres sensibles, gerc\u00e9es, ab\u00eem\u00e9es et craquel\u00e9es. Sa formule, enrichie en om\u00e9gas 3, 6 et 9, prot\u00e8ge durablement les l\u00e8vres des agressions ext\u00e9rieures pour une hydratation <strong>8h<\/strong><sup>(1)<\/sup>.<\/p>\n<p>Texture ultra-fondante au fini invisible et non collant.<\/p>\n<\/p><\/div>","protected":false},"excerpt":{"rendered":"<p>Highlights:TOPIALYSE L\u00e8vres 4g | Sa formule enrichie prot\u00e8ge durablement les l\u00e8vres des agressions ext\u00e9rieures.<\/p>","protected":false},"featured_media":4845,"comment_status":"open","ping_status":"closed","template":"","meta":[],"product_cat":[83],"product_tag":[],"yith_product_brand":[99],"class_list":{"0":"post-4797","1":"product","2":"type-product","3":"status-publish","4":"has-post-thumbnail","6":"product_cat-soins-visage","7":"yith_product_brand-svr","9":"first","10":"instock","11":"sale","12":"shipping-taxable","13":"purchasable","14":"product-type-simple"},"_links":{"self":[{"href":"https:\/\/parapharmacieenligne.ma\/en\/wp-json\/wp\/v2\/product\/4797","targetHints":{"allow":["GET"]}}],"collection":[{"href":"https:\/\/parapharmacieenligne.ma\/en\/wp-json\/wp\/v2\/product"}],"about":[{"href":"https:\/\/parapharmacieenligne.ma\/en\/wp-json\/wp\/v2\/types\/product"}],"replies":[{"embeddable":true,"href":"https:\/\/parapharmacieenligne.ma\/en\/wp-json\/wp\/v2\/comments?post=4797"}],"version-history":[{"count":1,"href":"https:\/\/parapharmacieenligne.ma\/en\/wp-json\/wp\/v2\/product\/4797\/revisions"}],"predecessor-version":[{"id":4846,"href":"https:\/\/parapharmacieenligne.ma\/en\/wp-json\/wp\/v2\/product\/4797\/revisions\/4846"}],"wp:featuredmedia":[{"embeddable":true,"href":"https:\/\/parapharmacieenligne.ma\/en\/wp-json\/wp\/v2\/media\/4845"}],"wp:attachment":[{"href":"https:\/\/parapharmacieenligne.ma\/en\/wp-json\/wp\/v2\/media?parent=4797"}],"wp:term":[{"taxonomy":"product_cat","embeddable":true,"href":"https:\/\/parapharmacieenligne.ma\/en\/wp-json\/wp\/v2\/product_cat?post=4797"},{"taxonomy":"product_tag","embeddable":true,"href":"https:\/\/parapharmacieenligne.ma\/en\/wp-json\/wp\/v2\/product_tag?post=4797"},{"taxonomy":"yith_product_brand","embeddable":true,"href":"https:\/\/parapharmacieenligne.ma\/en\/wp-json\/wp\/v2\/yith_product_brand?post=4797"}],"curies":[{"name":"wp","href":"https:\/\/api.w.org\/{rel}","templated":true}]}}