{"id":4804,"date":"2026-01-25T16:24:25","date_gmt":"2026-01-25T15:24:25","guid":{"rendered":"https:\/\/parapharmacieenligne.ma\/?post_type=product&#038;p=4804"},"modified":"2026-01-25T16:25:45","modified_gmt":"2026-01-25T15:25:45","slug":"svr-topialyse-creme-emolliente-200ml","status":"publish","type":"product","link":"https:\/\/parapharmacieenligne.ma\/en\/product\/svr-topialyse-creme-emolliente-200ml\/","title":{"rendered":"Svr Topialyse Creme Emolliente 200Ml"},"content":{"rendered":"<div aria-labelledby=\"tab-title-description\" class=\"woocommerce-Tabs-panel woocommerce-Tabs-panel--description panel entry-content wc-tab\" id=\"tab-description\" role=\"tabpanel\" style=\"\">\n<h2>Description<\/h2>\n<\/p>\n<p>TOPIALYSE CREME, un soin anti-dess\u00e8chement qui apaise les sensations de tiraillements pour un confort imm\u00e9diat et durable.<br \/>\n Hydratation 48h*.<br \/>\n Texture plaisir fra\u00eeche, l\u00e9g\u00e8re et non collante qui fusionne instantan\u00e9ment avec la peau pour un habillage imm\u00e9diat.<\/p>\n<p>UNE EFFICACITE CLINIQUEMENT PROUVEE<br \/>\n Hydratation 48H*<br \/>\n -40%** Tiraillements 48H apr\u00e8s application<br \/>\n -65%** Tiraillements et d\u00e9mangeaisons apr\u00e8s 21 jours d\u2019utilisation<\/p>\n<p>UNE EFFICACIT\u00c9 PL\u00c9BISCIT\u00c9E PAR LES VOLONTAIRES<br \/>\n 100%*** Peau intens\u00e9ment hydrat\u00e9e, apais\u00e9e, tiraillements r\u00e9duits<br \/>\n 90%*** Peau douce et souple d\u00e8s la premi\u00e8re application<\/p>\n<p>*Corn\u00e9om\u00e9trie, 12 volontaires. Test d\u2019usage sur 20 volontaires, application 2 fois par jour pendant 21 jours,<br \/>\n **Auto-\u00e9valuation,<br \/>\n ***% de satisfaction<\/p>\n<p>COMMENT CA MARCHE ?<\/p>\n<p>Une formule super concentr\u00e9e en actifs dermatologiques et tr\u00e8s haute tol\u00e9rance<\/p>\n<p>\u2022 27% d\u2019actifs hydratants &amp; nutritifs : apaisent, adoucissent et restaurent la barri\u00e8re cutan\u00e9e<\/p>\n<p>\u2013 Huile de coton &amp; Huile de coco, sources d\u2019Om\u00e9gas 3, 6 et 9 : nourrissent et r\u00e9parent intens\u00e9ment la peau<br \/>\n \u2013 Beurre de babassu fond sur la peau et favorise un \u00e9talement agr\u00e9able tout en procurant nutrition et confort<br \/>\n \u2013 Sucres hydrophiles : renforcent la barri\u00e8re cutan\u00e9e et fixent durablement l\u2019eau dans la peau pour un confort durable et une hydratation longue dur\u00e9e<\/p>\n<p>\u2022 2% Niacinamide : apaise intens\u00e9ment les sensations de tiraillements, hydrate et restructure la barri\u00e8re cutan\u00e9e<\/p>\n<p>Test\u00e9 sur peaux sensibles sous contr\u00f4le dermatologique et p\u00e9diatrique. Hypoallerg\u00e9nique<\/p>\n<\/p><\/div>","protected":false},"excerpt":{"rendered":"<p>Highlights:Soin nourrissant anti-dess\u00e8chement200ml \u2013 Topialyse Cr\u00e8me 48H d\u2019hydratation et d\u2019efficacit\u00e9 anti-dess\u00e8chement associ\u00e9 \u00e0 une efficacit\u00e9 apaisante imm\u00e9diate et durable.<\/p>","protected":false},"featured_media":4865,"comment_status":"open","ping_status":"closed","template":"","meta":[],"product_cat":[85],"product_tag":[],"yith_product_brand":[99],"class_list":{"0":"post-4804","1":"product","2":"type-product","3":"status-publish","4":"has-post-thumbnail","6":"product_cat-soins-corps","7":"yith_product_brand-svr","9":"first","10":"instock","11":"sale","12":"shipping-taxable","13":"purchasable","14":"product-type-simple"},"_links":{"self":[{"href":"https:\/\/parapharmacieenligne.ma\/en\/wp-json\/wp\/v2\/product\/4804","targetHints":{"allow":["GET"]}}],"collection":[{"href":"https:\/\/parapharmacieenligne.ma\/en\/wp-json\/wp\/v2\/product"}],"about":[{"href":"https:\/\/parapharmacieenligne.ma\/en\/wp-json\/wp\/v2\/types\/product"}],"replies":[{"embeddable":true,"href":"https:\/\/parapharmacieenligne.ma\/en\/wp-json\/wp\/v2\/comments?post=4804"}],"version-history":[{"count":1,"href":"https:\/\/parapharmacieenligne.ma\/en\/wp-json\/wp\/v2\/product\/4804\/revisions"}],"predecessor-version":[{"id":4866,"href":"https:\/\/parapharmacieenligne.ma\/en\/wp-json\/wp\/v2\/product\/4804\/revisions\/4866"}],"wp:featuredmedia":[{"embeddable":true,"href":"https:\/\/parapharmacieenligne.ma\/en\/wp-json\/wp\/v2\/media\/4865"}],"wp:attachment":[{"href":"https:\/\/parapharmacieenligne.ma\/en\/wp-json\/wp\/v2\/media?parent=4804"}],"wp:term":[{"taxonomy":"product_cat","embeddable":true,"href":"https:\/\/parapharmacieenligne.ma\/en\/wp-json\/wp\/v2\/product_cat?post=4804"},{"taxonomy":"product_tag","embeddable":true,"href":"https:\/\/parapharmacieenligne.ma\/en\/wp-json\/wp\/v2\/product_tag?post=4804"},{"taxonomy":"yith_product_brand","embeddable":true,"href":"https:\/\/parapharmacieenligne.ma\/en\/wp-json\/wp\/v2\/yith_product_brand?post=4804"}],"curies":[{"name":"wp","href":"https:\/\/api.w.org\/{rel}","templated":true}]}}