{"id":4807,"date":"2026-01-25T16:24:26","date_gmt":"2026-01-25T15:24:26","guid":{"rendered":"https:\/\/parapharmacieenligne.ma\/?post_type=product&#038;p=4807"},"modified":"2026-03-30T21:24:39","modified_gmt":"2026-03-30T19:24:39","slug":"svr-sebiaclear-hydra-40ml","status":"publish","type":"product","link":"https:\/\/parapharmacieenligne.ma\/en\/product\/svr-sebiaclear-hydra-40ml\/","title":{"rendered":"SVR SEBIACLEAR HYDRA 40ML"},"content":{"rendered":"<div aria-labelledby=\"tab-title-description\" class=\"woocommerce-Tabs-panel woocommerce-Tabs-panel--description panel entry-content wc-tab\" id=\"tab-description\" role=\"tabpanel\" style=\"\">\n<h2>Description<\/h2>\n<p>Peaux \u00e0 tendance acn\u00e9ique sous traitements dess\u00e9chants.<\/p>\n<p>Soin r\u00e9parateur apaisant anti-marques.<br \/>\n Sebiaclear Hydra est le 1er soin r\u00e9parateur apaisant \u00e0 l\u2019efficacit\u00e9 anti-marques, sp\u00e9cifiquement d\u00e9velopp\u00e9 pour les peaux \u00e0 tendance acn\u00e9ique sous traitement dess\u00e9chant.<\/p>\n<p>Les peaux \u00e0 tendance acn\u00e9ique sous traitements ont la peau s\u00e8che et fragilis\u00e9e. Elles recherchent un soin adapt\u00e9 qui leur apporte confort et hydratation au quotidien.<br \/>\n Plus qu\u2019un hydratant compensateur, elles ont besoin d\u2019un soin qui combat les imperfections et les marques r\u00e9siduelles tout en hydratant leur peau qui subit une s\u00e9cheresse intense.<br \/>\n Pour r\u00e9pondre \u00e0 ce besoin, SVR cr\u00e9\u00e9 Sebiaclear Hydra, le 1er soin r\u00e9parateur apaisant \u00e0 l\u2019efficacit\u00e9 anti-marques, cliniquement prouv\u00e9e.<\/p>\n<p>HYDRA est le v\u00e9ritable alli\u00e9 des peaux sous traitements anti-acn\u00e9iques.<br \/>\n Plus qu\u2019un hydratant compensateur, SEBIACLEAR HYDRA r\u00e9pare la peau en profondeur et combat aussi les imperfections et les marques r\u00e9siduelles rouges et brunes.<br \/>\n Sa texture in\u00e9dite micro-a\u00e9r\u00e9e cr\u00e8me-mousse fond sur la peau \u00e0 l\u2019application. Ce soin p\u00e9n\u00e8tre facilement pour un fini velout\u00e9 non gras. Excellente base de maquillage<\/p>\n<p>EFFICACIT\u00c9 PROUV\u00c9E SUR LES PEAUX A TENDANCE ACN\u00c9IQUE SOUS TRAITEMENT<br \/>\n \u2022 Marques rouges et brunes -41%1<br \/>\n \u2022 Desquamation et s\u00e9cheresse : -53%1<br \/>\n \u2022 Hydratation \u00e0 48h : +73%2<br \/>\n \u2022 Effet apaisant imm\u00e9diat : +34%3<\/p>\n<p>1 Test d\u2019usage, SEBIACLEAR HYDRA, 30 volontaires sous traitement anti-acn\u00e9, application bi-quotidienne pendant 30 jours, cotation clinique<br \/>\n 2 Test d\u2019usage SEBIACLEAR HYDRA, 21 volontaires sous traitement dess\u00e9chant, application quotidienne pendant 28 jours, auto-\u00e9valuation<br \/>\n 3 Mesures corn\u00e9om\u00e9triques, 11 volontaires<\/p>\n<h3>QUELLE EST LA COMPOSITION ?<\/h3>\n<p>Les personnes \u00e0 tendance acn\u00e9ique sous traitements ont la peau dess\u00e9ch\u00e9e et fragilis\u00e9e. Pour compenser les effets du traitement, SEBIACLEAR HYDRA apporte confort et hydratation au quotidien, tout en combattant les imperfections et les marques.<\/p>\n<p>Ce soin au pH physiologique est adapt\u00e9 pour toutes les peaux, m\u00eame les plus sensibles.<br \/>\n Hypoallerg\u00e9nique, non com\u00e9dog\u00e8ne.<\/p>\n<p>Une peau hydrat\u00e9e gr\u00e2ce \u00e0 une tr\u00e8s haute concentration en actifs :<br \/>\n \u2022 21% de phase riche pour une peau ultra-hydrat\u00e9e, dont :<br \/>\n \u2022 8% Om\u00e9gas c\u00e9ramides: R\u00e9gulent le dess\u00e8chement cutan\u00e9 : rugosit\u00e9s, desquamation et s\u00e9cheresse. Ils restaurent la barri\u00e8re protectrice de la peau<br \/>\n \u2022 Sucres hydrophiles : Hydratant 72h***<br \/>\n ***Cotation clinique, 13 volontaires, application bi-quotidienne pendant 4 semaines<\/p>\n<p>\u2022 5% de Niacinamide : Double action<br \/>\n \u2022 Action anti-marques brunes et rouges<br \/>\n \u2022 Ralentit la prolif\u00e9ration bact\u00e9rienne et \u00e9limine les imperfections caus\u00e9es par les inflammations.<\/p>\n<h3>Conseils d\u2019utilisations :<\/h3>\n<p>Appliquer matin et\/ou soir sur une peau nettoy\u00e9e pr\u00e9alablement avec Sebiaclear Eau micellaire.<\/p>\n<\/p><\/div>","protected":false},"excerpt":{"rendered":"<p>Highlights:Soin r\u00e9parateur apaisant anti-marques40ml \u2013 SEBIACLEAR Hydra est le 1er soin r\u00e9parateur apaisant \u00e0 l\u2019efficacit\u00e9 anti-marques, sp\u00e9cifiquement d\u00e9velopp\u00e9 pour les peaux \u00e0 tendance acn\u00e9ique sous traitement dess\u00e9chant.<\/p>","protected":false},"featured_media":4878,"comment_status":"open","ping_status":"closed","template":"","meta":[],"product_cat":[206,83],"product_tag":[],"yith_product_brand":[99],"class_list":{"0":"post-4807","1":"product","2":"type-product","3":"status-publish","4":"has-post-thumbnail","6":"product_cat-acne","7":"product_cat-soins-visage","8":"yith_product_brand-svr","10":"first","11":"instock","12":"sale","13":"shipping-taxable","14":"purchasable","15":"product-type-simple"},"_links":{"self":[{"href":"https:\/\/parapharmacieenligne.ma\/en\/wp-json\/wp\/v2\/product\/4807","targetHints":{"allow":["GET"]}}],"collection":[{"href":"https:\/\/parapharmacieenligne.ma\/en\/wp-json\/wp\/v2\/product"}],"about":[{"href":"https:\/\/parapharmacieenligne.ma\/en\/wp-json\/wp\/v2\/types\/product"}],"replies":[{"embeddable":true,"href":"https:\/\/parapharmacieenligne.ma\/en\/wp-json\/wp\/v2\/comments?post=4807"}],"version-history":[{"count":1,"href":"https:\/\/parapharmacieenligne.ma\/en\/wp-json\/wp\/v2\/product\/4807\/revisions"}],"predecessor-version":[{"id":4879,"href":"https:\/\/parapharmacieenligne.ma\/en\/wp-json\/wp\/v2\/product\/4807\/revisions\/4879"}],"wp:featuredmedia":[{"embeddable":true,"href":"https:\/\/parapharmacieenligne.ma\/en\/wp-json\/wp\/v2\/media\/4878"}],"wp:attachment":[{"href":"https:\/\/parapharmacieenligne.ma\/en\/wp-json\/wp\/v2\/media?parent=4807"}],"wp:term":[{"taxonomy":"product_cat","embeddable":true,"href":"https:\/\/parapharmacieenligne.ma\/en\/wp-json\/wp\/v2\/product_cat?post=4807"},{"taxonomy":"product_tag","embeddable":true,"href":"https:\/\/parapharmacieenligne.ma\/en\/wp-json\/wp\/v2\/product_tag?post=4807"},{"taxonomy":"yith_product_brand","embeddable":true,"href":"https:\/\/parapharmacieenligne.ma\/en\/wp-json\/wp\/v2\/yith_product_brand?post=4807"}],"curies":[{"name":"wp","href":"https:\/\/api.w.org\/{rel}","templated":true}]}}