{"id":4808,"date":"2026-01-25T16:24:26","date_gmt":"2026-01-25T15:24:26","guid":{"rendered":"https:\/\/parapharmacieenligne.ma\/?post_type=product&#038;p=4808"},"modified":"2026-03-30T20:58:17","modified_gmt":"2026-03-30T18:58:17","slug":"svr-sebiaclear-gel-moussant-400-ml","status":"publish","type":"product","link":"https:\/\/parapharmacieenligne.ma\/en\/product\/svr-sebiaclear-gel-moussant-400-ml\/","title":{"rendered":"SVR SEBIACLEAR Gel Moussant 400 ML"},"content":{"rendered":"<div aria-labelledby=\"tab-title-description\" class=\"woocommerce-Tabs-panel woocommerce-Tabs-panel--description panel entry-content wc-tab\" id=\"tab-description\" role=\"tabpanel\" style=\"\">\n<h2>Description<\/h2>\n<p>Sebiaclear Gel Moussant est un nettoyant sans savon qui purifie et d\u00e9sincruste la peau tout en douceur. Il \u00e9limine impuret\u00e9s et exc\u00e8s de s\u00e9bum sans dess\u00e9cher.<\/p>\n<p>Pour les peaux sensibles, mixtes \u00e0 grasses &amp; \u00e0 tendance acn\u00e9ique. Visage et corps.<\/p>\n<p>Pour combattre les imperfections nous avons le r\u00e9flexe de vouloir les d\u00e9caper avec des produits agressifs. Erreur, il faut au contraire la nettoyer en douceur pour ne pas stimuler la production de s\u00e9bum, pour ne pas l\u2019irriter davantage.<\/p>\n<p>Appliquer sur peau mouill\u00e9e, faire mousser puis rincer. Matin et soir ou seulement le matin avec, en relais, l\u2019Eau Micellaire SEBIACLEAR pour le d\u00e9maquillage du soir.<\/p>\n<\/p><\/div>","protected":false},"excerpt":{"rendered":"<p>Highlights:SEBIACLEAR Gel Moussant | Nettoyant anti-imperfections qui purifie et d\u00e9sincruste la peau tout en douceur. Il \u00e9limine impuret\u00e9s et exc\u00e8s de s\u00e9bum sans dess\u00e9cher.<\/p>","protected":false},"featured_media":4880,"comment_status":"open","ping_status":"closed","template":"","meta":[],"product_cat":[206,83],"product_tag":[],"yith_product_brand":[99],"class_list":{"0":"post-4808","1":"product","2":"type-product","3":"status-publish","4":"has-post-thumbnail","6":"product_cat-acne","7":"product_cat-soins-visage","8":"yith_product_brand-svr","10":"first","11":"instock","12":"sale","13":"shipping-taxable","14":"purchasable","15":"product-type-simple"},"_links":{"self":[{"href":"https:\/\/parapharmacieenligne.ma\/en\/wp-json\/wp\/v2\/product\/4808","targetHints":{"allow":["GET"]}}],"collection":[{"href":"https:\/\/parapharmacieenligne.ma\/en\/wp-json\/wp\/v2\/product"}],"about":[{"href":"https:\/\/parapharmacieenligne.ma\/en\/wp-json\/wp\/v2\/types\/product"}],"replies":[{"embeddable":true,"href":"https:\/\/parapharmacieenligne.ma\/en\/wp-json\/wp\/v2\/comments?post=4808"}],"version-history":[{"count":1,"href":"https:\/\/parapharmacieenligne.ma\/en\/wp-json\/wp\/v2\/product\/4808\/revisions"}],"predecessor-version":[{"id":4881,"href":"https:\/\/parapharmacieenligne.ma\/en\/wp-json\/wp\/v2\/product\/4808\/revisions\/4881"}],"wp:featuredmedia":[{"embeddable":true,"href":"https:\/\/parapharmacieenligne.ma\/en\/wp-json\/wp\/v2\/media\/4880"}],"wp:attachment":[{"href":"https:\/\/parapharmacieenligne.ma\/en\/wp-json\/wp\/v2\/media?parent=4808"}],"wp:term":[{"taxonomy":"product_cat","embeddable":true,"href":"https:\/\/parapharmacieenligne.ma\/en\/wp-json\/wp\/v2\/product_cat?post=4808"},{"taxonomy":"product_tag","embeddable":true,"href":"https:\/\/parapharmacieenligne.ma\/en\/wp-json\/wp\/v2\/product_tag?post=4808"},{"taxonomy":"yith_product_brand","embeddable":true,"href":"https:\/\/parapharmacieenligne.ma\/en\/wp-json\/wp\/v2\/yith_product_brand?post=4808"}],"curies":[{"name":"wp","href":"https:\/\/api.w.org\/{rel}","templated":true}]}}