{"id":4809,"date":"2026-01-25T16:24:26","date_gmt":"2026-01-25T15:24:26","guid":{"rendered":"https:\/\/parapharmacieenligne.ma\/?post_type=product&#038;p=4809"},"modified":"2026-04-07T16:44:53","modified_gmt":"2026-04-07T14:44:53","slug":"svr-ampoule-anti-ox-c-30ml","status":"publish","type":"product","link":"https:\/\/parapharmacieenligne.ma\/en\/product\/svr-ampoule-anti-ox-c-30ml\/","title":{"rendered":"Svr Ampoule Anti-Ox C 30ml"},"content":{"rendered":"<div aria-labelledby=\"tab-title-description\" class=\"woocommerce-Tabs-panel woocommerce-Tabs-panel--description panel entry-content wc-tab\" id=\"tab-description\" role=\"tabpanel\" style=\"\">\n<h2>Description<\/h2>\n<div class=\"product__resume\">[C] Ampoule Anti-Ox | 20% de vitamine C optimis\u00e9e pour une peau \u00e9clatante d\u00e8s 7 jours.<\/div>\n<div><\/div>\n<div class=\"product__tab expanded\" data-drawer-container=\"\">\n<h2 class=\"product__tab-header\" data-drawer-header=\"\">Pour qui ? Pour quoi ?<\/h2>\n<div class=\"product__tab-content\" data-drawer-content=\"\"><\/div>\n<\/p><\/div>\n<p>Peaux ternes, fatigu\u00e9es, manque d\u2019uniformit\u00e9, rides.<\/p>\n<p>20% de Vitamine C optimis\u00e9e pour une peau \u00e9clatante ! Ce s\u00e9rum ultra-concentr\u00e9 en vitamine C optimis\u00e9e recharge imm\u00e9diatement la peau pour r\u00e9v\u00e9ler l\u2019\u00e9clat du teint et r\u00e9duire les signes de fatigue. Jour apr\u00e8s jour, la peau est en pleine forme : tonique, lumineuse et uniforme \ud83d\ude0a ! Et \u00e7a c\u2019est bon pour le moral !<\/p>\n<\/p><\/div>\n","protected":false},"excerpt":{"rendered":"<p>Highlights:Concentr\u00e9 \u00e9clat. R\u00e9g\u00e9n\u00e9rant, anti-rides30ml \u2013 20% de vitamine C optimis\u00e9e pour une peau \u00e9clatante d\u00e8s 7 jours.<\/p>","protected":false},"featured_media":4882,"comment_status":"open","ping_status":"closed","template":"","meta":[],"product_cat":[208,83],"product_tag":[],"yith_product_brand":[99],"class_list":{"0":"post-4809","1":"product","2":"type-product","3":"status-publish","4":"has-post-thumbnail","6":"product_cat-anti-taches","7":"product_cat-soins-visage","8":"yith_product_brand-svr","10":"first","11":"instock","12":"sale","13":"shipping-taxable","14":"purchasable","15":"product-type-simple"},"_links":{"self":[{"href":"https:\/\/parapharmacieenligne.ma\/en\/wp-json\/wp\/v2\/product\/4809","targetHints":{"allow":["GET"]}}],"collection":[{"href":"https:\/\/parapharmacieenligne.ma\/en\/wp-json\/wp\/v2\/product"}],"about":[{"href":"https:\/\/parapharmacieenligne.ma\/en\/wp-json\/wp\/v2\/types\/product"}],"replies":[{"embeddable":true,"href":"https:\/\/parapharmacieenligne.ma\/en\/wp-json\/wp\/v2\/comments?post=4809"}],"version-history":[{"count":1,"href":"https:\/\/parapharmacieenligne.ma\/en\/wp-json\/wp\/v2\/product\/4809\/revisions"}],"predecessor-version":[{"id":4883,"href":"https:\/\/parapharmacieenligne.ma\/en\/wp-json\/wp\/v2\/product\/4809\/revisions\/4883"}],"wp:featuredmedia":[{"embeddable":true,"href":"https:\/\/parapharmacieenligne.ma\/en\/wp-json\/wp\/v2\/media\/4882"}],"wp:attachment":[{"href":"https:\/\/parapharmacieenligne.ma\/en\/wp-json\/wp\/v2\/media?parent=4809"}],"wp:term":[{"taxonomy":"product_cat","embeddable":true,"href":"https:\/\/parapharmacieenligne.ma\/en\/wp-json\/wp\/v2\/product_cat?post=4809"},{"taxonomy":"product_tag","embeddable":true,"href":"https:\/\/parapharmacieenligne.ma\/en\/wp-json\/wp\/v2\/product_tag?post=4809"},{"taxonomy":"yith_product_brand","embeddable":true,"href":"https:\/\/parapharmacieenligne.ma\/en\/wp-json\/wp\/v2\/yith_product_brand?post=4809"}],"curies":[{"name":"wp","href":"https:\/\/api.w.org\/{rel}","templated":true}]}}