{"id":4812,"date":"2026-01-25T16:24:27","date_gmt":"2026-01-25T15:24:27","guid":{"rendered":"https:\/\/parapharmacieenligne.ma\/?post_type=product&#038;p=4812"},"modified":"2026-01-25T16:26:27","modified_gmt":"2026-01-25T15:26:27","slug":"svr-sun-secure-blur-spf50-50ml","status":"publish","type":"product","link":"https:\/\/parapharmacieenligne.ma\/en\/product\/svr-sun-secure-blur-spf50-50ml\/","title":{"rendered":"SVR SUN SECURE Blur SPF50 50ML"},"content":{"rendered":"<div aria-labelledby=\"tab-title-description\" class=\"woocommerce-Tabs-panel woocommerce-Tabs-panel--description panel entry-content wc-tab\" id=\"tab-description\" role=\"tabpanel\" style=\"\">\n<h2>Description<\/h2>\n<p>Pour toutes les peaux sensibles. Adultes. Visage.<\/p>\n<p>SUN SECURE Blur offre une haute protection solaire dans une texture mousse magique !<\/p>\n<p>La cr\u00e8me mousse abricot\u00e9e fond instantan\u00e9ment sur la peau et devient invisible pour un effet peau nue. Les imperfections sont flout\u00e9es, le teint liss\u00e9 et unifi\u00e9, la peau incroyablement velout\u00e9e. Comme une base de maquillage, la protection en plus.<\/p>\n<p>Appliquer une noisette de produit. La r\u00e9partir sur toutes les zones du visage et l\u2019\u00e9tirer comme une base de maquillage.<\/p>\n<p>Appliquer le matin et avant chaque exposition au soleil sur le visage. Renouveler fr\u00e9quemment lors d\u2019exposition prolong\u00e9e.<\/p>\n<\/p><\/div>","protected":false},"excerpt":{"rendered":"<p>Highlights:Cr\u00e8me mousse flouteur optique SPF5050ml \u2013 SUN SECURE Blur offre une haute protection solaire dans une texture mousse magique !<\/p>","protected":false},"featured_media":4893,"comment_status":"open","ping_status":"closed","template":"","meta":[],"product_cat":[86],"product_tag":[],"yith_product_brand":[99],"class_list":{"0":"post-4812","1":"product","2":"type-product","3":"status-publish","4":"has-post-thumbnail","6":"product_cat-protection-solaire","7":"yith_product_brand-svr","9":"first","10":"instock","11":"sale","12":"shipping-taxable","13":"purchasable","14":"product-type-simple"},"_links":{"self":[{"href":"https:\/\/parapharmacieenligne.ma\/en\/wp-json\/wp\/v2\/product\/4812","targetHints":{"allow":["GET"]}}],"collection":[{"href":"https:\/\/parapharmacieenligne.ma\/en\/wp-json\/wp\/v2\/product"}],"about":[{"href":"https:\/\/parapharmacieenligne.ma\/en\/wp-json\/wp\/v2\/types\/product"}],"replies":[{"embeddable":true,"href":"https:\/\/parapharmacieenligne.ma\/en\/wp-json\/wp\/v2\/comments?post=4812"}],"version-history":[{"count":1,"href":"https:\/\/parapharmacieenligne.ma\/en\/wp-json\/wp\/v2\/product\/4812\/revisions"}],"predecessor-version":[{"id":4894,"href":"https:\/\/parapharmacieenligne.ma\/en\/wp-json\/wp\/v2\/product\/4812\/revisions\/4894"}],"wp:featuredmedia":[{"embeddable":true,"href":"https:\/\/parapharmacieenligne.ma\/en\/wp-json\/wp\/v2\/media\/4893"}],"wp:attachment":[{"href":"https:\/\/parapharmacieenligne.ma\/en\/wp-json\/wp\/v2\/media?parent=4812"}],"wp:term":[{"taxonomy":"product_cat","embeddable":true,"href":"https:\/\/parapharmacieenligne.ma\/en\/wp-json\/wp\/v2\/product_cat?post=4812"},{"taxonomy":"product_tag","embeddable":true,"href":"https:\/\/parapharmacieenligne.ma\/en\/wp-json\/wp\/v2\/product_tag?post=4812"},{"taxonomy":"yith_product_brand","embeddable":true,"href":"https:\/\/parapharmacieenligne.ma\/en\/wp-json\/wp\/v2\/yith_product_brand?post=4812"}],"curies":[{"name":"wp","href":"https:\/\/api.w.org\/{rel}","templated":true}]}}