{"id":4814,"date":"2026-01-25T16:24:28","date_gmt":"2026-01-25T15:24:28","guid":{"rendered":"https:\/\/parapharmacieenligne.ma\/?post_type=product&#038;p=4814"},"modified":"2026-01-25T16:26:33","modified_gmt":"2026-01-25T15:26:33","slug":"svr-sebiaclear-active-40ml","status":"publish","type":"product","link":"https:\/\/parapharmacieenligne.ma\/en\/product\/svr-sebiaclear-active-40ml\/","title":{"rendered":"SVR Sebiaclear Active 40ml"},"content":{"rendered":"<div aria-labelledby=\"tab-title-description\" class=\"woocommerce-Tabs-panel woocommerce-Tabs-panel--description panel entry-content wc-tab\" id=\"tab-description\" role=\"tabpanel\" style=\"\">\n<h2>Description<\/h2>\n<p>Pour les peaux sensibles \u00e0 tendance acn\u00e9ique, visage.<\/p>\n<p>Boutons, points noirs, pores dilat\u00e9s, l\u2019acn\u00e9 est une v\u00e9ritable charge mentale ! Mais ce n\u2019est pas une fatalit\u00e9 !<\/p>\n<p>SEBIACLEAR ACTIVE est un soin super concentr\u00e9 en actifs dermatologiques qui aide \u00e0 \u00e9liminer les imperfections s\u00e9v\u00e8res : boutons, points noirs, marques et brillances. Son plus, une action hydratante 12h<\/p>\n<p>Texture gel-cr\u00e8me au fini non gras \u2013 effet poudr\u00e9\/matifiant. Excellente base de maquillage.<\/p>\n<p>D\u00e8s 7 jours, on observe une r\u00e9duction des imperfections. D\u00e8s 4 semaines, la qualit\u00e9 de peau est nettement am\u00e9lior\u00e9e, les pores d\u00e9sobstru\u00e9s, la brillance r\u00e9gul\u00e9e et les marques r\u00e9duites.<\/p>\n<p><strong>EFFICACIT\u00c9 PROUV\u00c9E SUR LES PEAUX SENSIBLES \u00c0 TENDANCE ACN\u00c9IQUE :<\/strong><br \/>\n \u2022 \u2013<strong>64%<\/strong> de boutons<br \/>\n \u2022 \u2013<strong>82%<\/strong> de points noirs<br \/>\n \u2022 \u2013<strong>40%<\/strong> de marques rouges<\/p>\n<\/p><\/div>","protected":false},"excerpt":{"rendered":"<p>Highlights:Pour les peaux sensibles \u00e0 tendance acn\u00e9ique, visage.Boutons, points noirs, pores dilat\u00e9s, l\u2019acn\u00e9 est une v\u00e9ritable charge mentale ! Mais ce n\u2019est pas une fatalit\u00e9 !<\/p>","protected":false},"featured_media":4897,"comment_status":"open","ping_status":"closed","template":"","meta":[],"product_cat":[83],"product_tag":[],"yith_product_brand":[99],"class_list":{"0":"post-4814","1":"product","2":"type-product","3":"status-publish","4":"has-post-thumbnail","6":"product_cat-soins-visage","7":"yith_product_brand-svr","9":"first","10":"instock","11":"sale","12":"shipping-taxable","13":"purchasable","14":"product-type-simple"},"_links":{"self":[{"href":"https:\/\/parapharmacieenligne.ma\/en\/wp-json\/wp\/v2\/product\/4814","targetHints":{"allow":["GET"]}}],"collection":[{"href":"https:\/\/parapharmacieenligne.ma\/en\/wp-json\/wp\/v2\/product"}],"about":[{"href":"https:\/\/parapharmacieenligne.ma\/en\/wp-json\/wp\/v2\/types\/product"}],"replies":[{"embeddable":true,"href":"https:\/\/parapharmacieenligne.ma\/en\/wp-json\/wp\/v2\/comments?post=4814"}],"version-history":[{"count":1,"href":"https:\/\/parapharmacieenligne.ma\/en\/wp-json\/wp\/v2\/product\/4814\/revisions"}],"predecessor-version":[{"id":4898,"href":"https:\/\/parapharmacieenligne.ma\/en\/wp-json\/wp\/v2\/product\/4814\/revisions\/4898"}],"wp:featuredmedia":[{"embeddable":true,"href":"https:\/\/parapharmacieenligne.ma\/en\/wp-json\/wp\/v2\/media\/4897"}],"wp:attachment":[{"href":"https:\/\/parapharmacieenligne.ma\/en\/wp-json\/wp\/v2\/media?parent=4814"}],"wp:term":[{"taxonomy":"product_cat","embeddable":true,"href":"https:\/\/parapharmacieenligne.ma\/en\/wp-json\/wp\/v2\/product_cat?post=4814"},{"taxonomy":"product_tag","embeddable":true,"href":"https:\/\/parapharmacieenligne.ma\/en\/wp-json\/wp\/v2\/product_tag?post=4814"},{"taxonomy":"yith_product_brand","embeddable":true,"href":"https:\/\/parapharmacieenligne.ma\/en\/wp-json\/wp\/v2\/yith_product_brand?post=4814"}],"curies":[{"name":"wp","href":"https:\/\/api.w.org\/{rel}","templated":true}]}}