{"id":4815,"date":"2026-01-25T16:24:28","date_gmt":"2026-01-25T15:24:28","guid":{"rendered":"https:\/\/parapharmacieenligne.ma\/?post_type=product&#038;p=4815"},"modified":"2026-03-30T21:01:43","modified_gmt":"2026-03-30T19:01:43","slug":"svr-sebiaclear-serum-30ml","status":"publish","type":"product","link":"https:\/\/parapharmacieenligne.ma\/en\/product\/svr-sebiaclear-serum-30ml\/","title":{"rendered":"SVR SEBIACLEAR S\u00e9rum 30ML"},"content":{"rendered":"<div aria-labelledby=\"tab-title-description\" class=\"woocommerce-Tabs-panel woocommerce-Tabs-panel--description panel entry-content wc-tab\" id=\"tab-description\" role=\"tabpanel\" style=\"\">\n<h2>Description<\/h2>\n<p>Pour toutes les peaux sensibles, grasse \u00e0 tendance acn\u00e9ique. Visage, adultes. Combattre les imperfections ou pr\u00e9venir l\u2019apparition des rides ? Les 2 mon Capitaine ! SEBIACLEAR S\u00e9rum est miraculeux contre l\u2019acn\u00e9 des peaux adultes.<\/p>\n<p>Appliquer quotidiennement matin et\/ou soir sur l\u2019ensemble du visage, le cou et le d\u00e9collet\u00e9 :<\/p>\n<p>\u2022 pour les peaux mixtes, en association du soin quotidien.<\/p>\n<p>\u2022 pour les peaux grasses, le s\u00e9rum peut s\u2019appliquer seul.<\/p>\n<p>Excellente base de maquillage.<\/p>\n<\/p><\/div>","protected":false},"excerpt":{"rendered":"<p>Highlights:Correcteur global anti-imperfections, marques, rides30ml \u2013 Pour toutes les peaux sensibles, grasse \u00e0 tendance acn\u00e9ique. Visage, adultes.<\/p>","protected":false},"featured_media":4899,"comment_status":"open","ping_status":"closed","template":"","meta":[],"product_cat":[206,83],"product_tag":[],"yith_product_brand":[99],"class_list":{"0":"post-4815","1":"product","2":"type-product","3":"status-publish","4":"has-post-thumbnail","6":"product_cat-acne","7":"product_cat-soins-visage","8":"yith_product_brand-svr","10":"first","11":"instock","12":"sale","13":"shipping-taxable","14":"purchasable","15":"product-type-simple"},"_links":{"self":[{"href":"https:\/\/parapharmacieenligne.ma\/en\/wp-json\/wp\/v2\/product\/4815","targetHints":{"allow":["GET"]}}],"collection":[{"href":"https:\/\/parapharmacieenligne.ma\/en\/wp-json\/wp\/v2\/product"}],"about":[{"href":"https:\/\/parapharmacieenligne.ma\/en\/wp-json\/wp\/v2\/types\/product"}],"replies":[{"embeddable":true,"href":"https:\/\/parapharmacieenligne.ma\/en\/wp-json\/wp\/v2\/comments?post=4815"}],"version-history":[{"count":1,"href":"https:\/\/parapharmacieenligne.ma\/en\/wp-json\/wp\/v2\/product\/4815\/revisions"}],"predecessor-version":[{"id":4900,"href":"https:\/\/parapharmacieenligne.ma\/en\/wp-json\/wp\/v2\/product\/4815\/revisions\/4900"}],"wp:featuredmedia":[{"embeddable":true,"href":"https:\/\/parapharmacieenligne.ma\/en\/wp-json\/wp\/v2\/media\/4899"}],"wp:attachment":[{"href":"https:\/\/parapharmacieenligne.ma\/en\/wp-json\/wp\/v2\/media?parent=4815"}],"wp:term":[{"taxonomy":"product_cat","embeddable":true,"href":"https:\/\/parapharmacieenligne.ma\/en\/wp-json\/wp\/v2\/product_cat?post=4815"},{"taxonomy":"product_tag","embeddable":true,"href":"https:\/\/parapharmacieenligne.ma\/en\/wp-json\/wp\/v2\/product_tag?post=4815"},{"taxonomy":"yith_product_brand","embeddable":true,"href":"https:\/\/parapharmacieenligne.ma\/en\/wp-json\/wp\/v2\/yith_product_brand?post=4815"}],"curies":[{"name":"wp","href":"https:\/\/api.w.org\/{rel}","templated":true}]}}