{"id":4830,"date":"2026-01-25T16:24:56","date_gmt":"2026-01-25T15:24:56","guid":{"rendered":"https:\/\/parapharmacieenligne.ma\/?post_type=product&#038;p=4830"},"modified":"2026-01-25T16:26:40","modified_gmt":"2026-01-25T15:26:40","slug":"svr-hydraliane-legere-40-ml","status":"publish","type":"product","link":"https:\/\/parapharmacieenligne.ma\/en\/product\/svr-hydraliane-legere-40-ml\/","title":{"rendered":"SVR HYDRALIANE L\u00e9g\u00e8re 40 ML"},"content":{"rendered":"<div aria-labelledby=\"tab-title-description\" class=\"woocommerce-Tabs-panel woocommerce-Tabs-panel--description panel entry-content wc-tab\" id=\"tab-description\" role=\"tabpanel\" style=\"\">\n<h2>Description<\/h2>\n<div class=\"product__main\">\n<div class=\"product__sidebar product__sidebar--is-sticky\">\n<div class=\"inner-wrapper-sticky\">\n<div class=\"product__resume\">Hydraliane L\u00e9g\u00e8re est la premi\u00e8re cr\u00e8me hydratante formul\u00e9e avec 60% d\u2019eau physio-adapt\u00e9e qui infuse votre peau en continu : 24h d\u2019hydratation, de confort et d\u2019\u00e9clat.<\/div>\n<div><\/div>\n<div>Hydraliane L\u00e9g\u00e8re est enrichie en Eau Physio-Adapt\u00e9e, une eau reconstitu\u00e9e en laboratoire qui imite les facteurs d\u2019hydratation<sup>(1)<\/sup> de la peau pour la d\u00e9salt\u00e9rer intens\u00e9ment. Sa texture fra\u00eeche et non grasse convient aux peaux sensibles normales \u00e0 mixtes.<\/div>\n<\/p><\/div>\n<div>\n<p>Appliquer matin et\/ou soir sur le visage et le cou. Excellente base de maquillage.<\/p>\n<p>Et pour une plus grande hydratation, adopter la routine Hydraliane matin et soir :<br \/>\n \u2022 Pr\u00e9parer votre peau avec Hydraliane Essence<br \/>\n \u2022 Appliquer votre soin Hydraliane<\/p>\n<\/p><\/div>\n<\/p><\/div>\n<div><\/div>\n<\/p><\/div>\n<\/p><\/div>","protected":false},"excerpt":{"rendered":"<p>Highlights:Cr\u00e8me hydratante intense \u2013 peaux normales \u00e0 mixtes40ml \u2013 Hydraliane L\u00e9g\u00e8re est la premi\u00e8re cr\u00e8me hydratante formul\u00e9e avec 60% d\u2019eau physio-adapt\u00e9e qui infuse votre peau en continu : 24h d\u2019hydratation, de confort et d\u2019\u00e9clat.<\/p>","protected":false},"featured_media":4901,"comment_status":"open","ping_status":"closed","template":"","meta":[],"product_cat":[83],"product_tag":[],"yith_product_brand":[99],"class_list":{"0":"post-4830","1":"product","2":"type-product","3":"status-publish","4":"has-post-thumbnail","6":"product_cat-soins-visage","7":"yith_product_brand-svr","9":"first","10":"instock","11":"sale","12":"shipping-taxable","13":"purchasable","14":"product-type-simple"},"_links":{"self":[{"href":"https:\/\/parapharmacieenligne.ma\/en\/wp-json\/wp\/v2\/product\/4830","targetHints":{"allow":["GET"]}}],"collection":[{"href":"https:\/\/parapharmacieenligne.ma\/en\/wp-json\/wp\/v2\/product"}],"about":[{"href":"https:\/\/parapharmacieenligne.ma\/en\/wp-json\/wp\/v2\/types\/product"}],"replies":[{"embeddable":true,"href":"https:\/\/parapharmacieenligne.ma\/en\/wp-json\/wp\/v2\/comments?post=4830"}],"version-history":[{"count":1,"href":"https:\/\/parapharmacieenligne.ma\/en\/wp-json\/wp\/v2\/product\/4830\/revisions"}],"predecessor-version":[{"id":4902,"href":"https:\/\/parapharmacieenligne.ma\/en\/wp-json\/wp\/v2\/product\/4830\/revisions\/4902"}],"wp:featuredmedia":[{"embeddable":true,"href":"https:\/\/parapharmacieenligne.ma\/en\/wp-json\/wp\/v2\/media\/4901"}],"wp:attachment":[{"href":"https:\/\/parapharmacieenligne.ma\/en\/wp-json\/wp\/v2\/media?parent=4830"}],"wp:term":[{"taxonomy":"product_cat","embeddable":true,"href":"https:\/\/parapharmacieenligne.ma\/en\/wp-json\/wp\/v2\/product_cat?post=4830"},{"taxonomy":"product_tag","embeddable":true,"href":"https:\/\/parapharmacieenligne.ma\/en\/wp-json\/wp\/v2\/product_tag?post=4830"},{"taxonomy":"yith_product_brand","embeddable":true,"href":"https:\/\/parapharmacieenligne.ma\/en\/wp-json\/wp\/v2\/yith_product_brand?post=4830"}],"curies":[{"name":"wp","href":"https:\/\/api.w.org\/{rel}","templated":true}]}}