{"id":4831,"date":"2026-01-25T16:24:56","date_gmt":"2026-01-25T15:24:56","guid":{"rendered":"https:\/\/parapharmacieenligne.ma\/?post_type=product&#038;p=4831"},"modified":"2026-03-25T10:36:48","modified_gmt":"2026-03-25T09:36:48","slug":"svr-ecran-sun-secure-creme-spf-50ml-lait-apres-soleil-50ml-offert","status":"publish","type":"product","link":"https:\/\/parapharmacieenligne.ma\/en\/product\/svr-ecran-sun-secure-creme-spf-50ml-lait-apres-soleil-50ml-offert\/","title":{"rendered":"SVR ECRAN SUN SECURE CREME SPF 50ML = LAIT APRES SOLEIL 50ML OFFERT"},"content":{"rendered":"<div aria-labelledby=\"tab-title-description\" class=\"woocommerce-Tabs-panel woocommerce-Tabs-panel--description panel entry-content wc-tab\" id=\"tab-description\" role=\"tabpanel\" style=\"\">\n<h2>Description<\/h2>\n<p>Test\u00e9 \u2013 Perturbateurs endocriniensSUN SECURE Cr\u00e8me SPF50+<br \/>\n Cr\u00e8me biod\u00e9gradable hydratante SPF50+ 50ml \u2013 Peaux hypersensibles au soleil. B\u00e9b\u00e9, Enfant, Adulte. Visage<br \/>\n INNOVATION SUN SECURE : SE PROT\u00c9GER EN TOUTE TRANSPARENCE<\/p>\n<p>UVB + UVA + VISIBLE + INFRAROUGES<\/p>\n<p>Brevet (1) Sun Secure : 4 ann\u00e9es de recherche pour inventer l\u2019association filtrante id\u00e9ale qui d\u00e9livre \u00e0 la fois une tr\u00e8s haute protection solaire tout en respectant l\u2019environnement marin.<\/p>\n<p>SUN SECURE Cr\u00e8me SPF50+ offre une tr\u00e8s haute protection dermatologique int\u00e9grant cette nouvelle association de filtre brevet\u00e9e (1) respectueuse de l\u2019environnement marin et des m\u00e9canismes endocriniens \u00e9valu\u00e9s (2).<\/p>\n<p>Sans compromis sur la sensorialit\u00e9 !<br \/>\n Fini invisible : sans trace blanche.<\/p>\n<p>Une cr\u00e8me confort au toucher velours non collant. Particuli\u00e8rement adapt\u00e9e aux peaux normales \u00e0 s\u00e8ches, sa texture onctueuse fond sur la peau et l\u2019hydrate g\u00e9n\u00e9reusement. Son d\u00e9licat parfum d\u2019\u00e9t\u00e9 donne envie d\u2019en r\u00e9appliquer encore et encore.<\/p>\n<p>R\u00e9siste \u00e0 l\u2019eau, \u00e0 la transpiration et aux frottements.<\/p>\n<p>Son plus ? SUN SECURE Cr\u00e8me SPF50+ respecte l\u2019environnement marin. Elle a pass\u00e9 les tests de biod\u00e9gradabilit\u00e9 selon la norme OCDE 301F, ainsi que ceux d\u2019\u00e9co-toxicit\u00e9 sur des algues (ISO 10253) et sur des invert\u00e9br\u00e9s aquatiques (ISO 14669). Deux esp\u00e8ces appartenant \u00e0 la famille des zooplanctons et phytoplanctons, indispensables au bon d\u00e9veloppement des coraux.<\/p>\n<\/p><\/div>","protected":false},"excerpt":{"rendered":"<p>Highlights:Cr\u00e8me biod\u00e9gradable hydratante SPF50+ 50ml \u2013 Peaux hypersensibles au soleil. B\u00e9b\u00e9, Enfant, Adulte. Visage + Apr\u00e9s soleil Offert<\/p>","protected":false},"featured_media":4903,"comment_status":"open","ping_status":"closed","template":"","meta":[],"product_cat":[86],"product_tag":[],"yith_product_brand":[99],"class_list":{"0":"post-4831","1":"product","2":"type-product","3":"status-publish","4":"has-post-thumbnail","6":"product_cat-protection-solaire","7":"yith_product_brand-svr","9":"first","10":"instock","11":"sale","12":"shipping-taxable","13":"purchasable","14":"product-type-simple"},"_links":{"self":[{"href":"https:\/\/parapharmacieenligne.ma\/en\/wp-json\/wp\/v2\/product\/4831","targetHints":{"allow":["GET"]}}],"collection":[{"href":"https:\/\/parapharmacieenligne.ma\/en\/wp-json\/wp\/v2\/product"}],"about":[{"href":"https:\/\/parapharmacieenligne.ma\/en\/wp-json\/wp\/v2\/types\/product"}],"replies":[{"embeddable":true,"href":"https:\/\/parapharmacieenligne.ma\/en\/wp-json\/wp\/v2\/comments?post=4831"}],"version-history":[{"count":1,"href":"https:\/\/parapharmacieenligne.ma\/en\/wp-json\/wp\/v2\/product\/4831\/revisions"}],"predecessor-version":[{"id":4904,"href":"https:\/\/parapharmacieenligne.ma\/en\/wp-json\/wp\/v2\/product\/4831\/revisions\/4904"}],"wp:featuredmedia":[{"embeddable":true,"href":"https:\/\/parapharmacieenligne.ma\/en\/wp-json\/wp\/v2\/media\/4903"}],"wp:attachment":[{"href":"https:\/\/parapharmacieenligne.ma\/en\/wp-json\/wp\/v2\/media?parent=4831"}],"wp:term":[{"taxonomy":"product_cat","embeddable":true,"href":"https:\/\/parapharmacieenligne.ma\/en\/wp-json\/wp\/v2\/product_cat?post=4831"},{"taxonomy":"product_tag","embeddable":true,"href":"https:\/\/parapharmacieenligne.ma\/en\/wp-json\/wp\/v2\/product_tag?post=4831"},{"taxonomy":"yith_product_brand","embeddable":true,"href":"https:\/\/parapharmacieenligne.ma\/en\/wp-json\/wp\/v2\/yith_product_brand?post=4831"}],"curies":[{"name":"wp","href":"https:\/\/api.w.org\/{rel}","templated":true}]}}