{"id":4854,"date":"2026-01-25T16:25:25","date_gmt":"2026-01-25T15:25:25","guid":{"rendered":"https:\/\/parapharmacieenligne.ma\/?post_type=product&#038;p=4854"},"modified":"2026-03-30T21:32:24","modified_gmt":"2026-03-30T19:32:24","slug":"svr-sebiaclear-mat-et-pore-40ml","status":"publish","type":"product","link":"https:\/\/parapharmacieenligne.ma\/en\/product\/svr-sebiaclear-mat-et-pore-40ml\/","title":{"rendered":"Svr Sebiaclear Mat Et Pore 40ml"},"content":{"rendered":"<div aria-labelledby=\"tab-title-description\" class=\"woocommerce-Tabs-panel woocommerce-Tabs-panel--description panel entry-content wc-tab\" id=\"tab-description\" role=\"tabpanel\" style=\"\">\n<h2>Description<\/h2>\n<p>MAT + PORES est le soin matifiant s\u00e9bo-r\u00e9gulateur anti-pores dilat\u00e9s, Il corrige les pores, hydrate, et matifie la peau pendant 8h , Son effet peeling doux, sans AHA pour une tol\u00e9rance maximale, affine le grain de peau et r\u00e9gule l\u2019exc\u00e8s de s\u00e9bum,<br \/>\n FORMULATION<br \/>\n Peaux \u00e0 imperfections, Test\u00e9e sur peaux sensibles mixtes \u00e0 grasses,<br \/>\n Texture fluide \u00e0 fini velout\u00e9, Oil-free,<\/p>\n<p>ACTIFS DERMATOLOGIQUES A HAUTES DOSES<\/p>\n<ul>\n<li>Gluconolactone (4%) + Acide salicylique : purifient, lissent le grain de peau et r\u00e9duisent les imperfections,<\/li>\n<li>Niacinamide (4%) : limite la prolif\u00e9ration bact\u00e9rienne, apaise les rougeurs,<\/li>\n<li>Mat SR (2%) : matifiant s\u00e9bo-r\u00e9gulateur, Normalise la production de s\u00e9bum,<\/li>\n<li>Sucres hydrophiles : hydratant durablement la peau,<\/li>\n<\/ul>\n<p>EFFICACIT\u00c9 PROUV\u00c9E SUR PEAUX SENSIBLES MIXTES A GRASSES<\/p>\n<\/p><\/div>","protected":false},"excerpt":{"rendered":"<p>Highlights:Soin matifiant s\u00e9bo-r\u00e9gulateur anti-pores dilat\u00e9s40ml \u2013 Sebiaclear Mat + Pores est le soin matifiant s\u00e9bo-r\u00e9gulateur anti-pores dilat\u00e9s. Son effet peeling doux affine le grain de peau et r\u00e9gule l\u2019exc\u00e8s de s\u00e9bum.<\/p>","protected":false},"featured_media":4937,"comment_status":"open","ping_status":"closed","template":"","meta":[],"product_cat":[206,83],"product_tag":[],"yith_product_brand":[99],"class_list":{"0":"post-4854","1":"product","2":"type-product","3":"status-publish","4":"has-post-thumbnail","6":"product_cat-acne","7":"product_cat-soins-visage","8":"yith_product_brand-svr","10":"first","11":"instock","12":"sale","13":"shipping-taxable","14":"purchasable","15":"product-type-simple"},"_links":{"self":[{"href":"https:\/\/parapharmacieenligne.ma\/en\/wp-json\/wp\/v2\/product\/4854","targetHints":{"allow":["GET"]}}],"collection":[{"href":"https:\/\/parapharmacieenligne.ma\/en\/wp-json\/wp\/v2\/product"}],"about":[{"href":"https:\/\/parapharmacieenligne.ma\/en\/wp-json\/wp\/v2\/types\/product"}],"replies":[{"embeddable":true,"href":"https:\/\/parapharmacieenligne.ma\/en\/wp-json\/wp\/v2\/comments?post=4854"}],"version-history":[{"count":1,"href":"https:\/\/parapharmacieenligne.ma\/en\/wp-json\/wp\/v2\/product\/4854\/revisions"}],"predecessor-version":[{"id":4938,"href":"https:\/\/parapharmacieenligne.ma\/en\/wp-json\/wp\/v2\/product\/4854\/revisions\/4938"}],"wp:featuredmedia":[{"embeddable":true,"href":"https:\/\/parapharmacieenligne.ma\/en\/wp-json\/wp\/v2\/media\/4937"}],"wp:attachment":[{"href":"https:\/\/parapharmacieenligne.ma\/en\/wp-json\/wp\/v2\/media?parent=4854"}],"wp:term":[{"taxonomy":"product_cat","embeddable":true,"href":"https:\/\/parapharmacieenligne.ma\/en\/wp-json\/wp\/v2\/product_cat?post=4854"},{"taxonomy":"product_tag","embeddable":true,"href":"https:\/\/parapharmacieenligne.ma\/en\/wp-json\/wp\/v2\/product_tag?post=4854"},{"taxonomy":"yith_product_brand","embeddable":true,"href":"https:\/\/parapharmacieenligne.ma\/en\/wp-json\/wp\/v2\/yith_product_brand?post=4854"}],"curies":[{"name":"wp","href":"https:\/\/api.w.org\/{rel}","templated":true}]}}