{"id":4873,"date":"2026-01-25T16:25:52","date_gmt":"2026-01-25T15:25:52","guid":{"rendered":"https:\/\/parapharmacieenligne.ma\/?post_type=product&#038;p=4873"},"modified":"2026-01-25T16:28:03","modified_gmt":"2026-01-25T15:28:03","slug":"svr-topialyse-baume-protect-400ml","status":"publish","type":"product","link":"https:\/\/parapharmacieenligne.ma\/en\/product\/svr-topialyse-baume-protect-400ml\/","title":{"rendered":"Svr Topialyse Baume Protect+ 400ml"},"content":{"rendered":"<div aria-labelledby=\"tab-title-description\" class=\"woocommerce-Tabs-panel woocommerce-Tabs-panel--description panel entry-content wc-tab\" id=\"tab-description\" role=\"tabpanel\" style=\"\">\n<h2>Description<\/h2>\n<div class=\"product__main\">\n<div class=\"product__gallery\">\n<div class=\"product__gallery-thumbs\">\n<div class=\"product__main\">\n<div class=\"product__gallery\"><\/div>\n<div class=\"product__sidebar product__sidebar--is-sticky\">\n<div class=\"inner-wrapper-sticky\">\n<div class=\"product__actions product__actions--outofstock\"><\/div>\n<\/p><\/div>\n<\/p><\/div>\n<\/p><\/div>\n<div class=\"product__content\">\n<div class=\"product__tab expanded\" data-drawer-container=\"\">\n<h2 data-drawer-header=\"\"><\/h2>\n<h2 class=\"product__tab-header\" data-drawer-header=\"\"><span style=\"font-size: 1rem\">R\u00e9parer et apaiser imm\u00e9diatement et durablement les sensations de d\u00e9mangeaisons, c\u2019est bien. Prot\u00e9ger sa peau des agressions ext\u00e9rieures (acariens, pollution\u2026) accentuant irritations et grattage, c\u2019est mieux ! Et le faire tout en douceur sans picotements, qui dit mieux ?<\/span><\/h2>\n<div class=\"product__tab-content\" data-drawer-content=\"\">\n<p>TOPIALYSE BAUME PROTECT+, c\u2019est le premier soin enrichi en C\u00e9ramides AD<sup>(1)<\/sup> brevet\u00e9s qui apporte une protection face aux agressions ext\u00e9rieures (acariens, pollution\u2026) qui peuvent aggraver les irritations et les crises de grattages. Ce baume apaise imm\u00e9diatement et durablement les sensations de d\u00e9mangeaisons pour une peau apais\u00e9e, prot\u00e9g\u00e9e et r\u00e9par\u00e9e durablement. Sa texture nourrissante relipidante fond et laisse un film protecteur \u00e0 la surface de la peau avec un effet anti-adh\u00e9sion des microparticules de pollution (PM 2.5)<sup>(2)<\/sup> . Non gras et non collant, l\u2019habillage se fait directement apr\u00e8s l\u2019application !<\/p>\n<\/p>\n<p>Le Baume Protect+ est compos\u00e9 de seulement 20 ingr\u00e9dients \u00e0 98% d\u2019origine naturelle. Sans parfum mais avec une odeur d\u00e9licate.<\/p>\n<\/p>\n<p><strong>SON EFFICACITE IMMEDIATE<\/strong><br \/>\n <strong>95%<\/strong> la peau est apais\u00e9e et confortable<sup>(3)<\/sup><\/p>\n<p><strong>EFFICACE PENDANT 48H !<\/strong><br \/>\n <strong>48H<\/strong> d\u2019hydratation<sup>(4)<br \/>\n <\/sup><strong>91%<\/strong> les irritations ne sont pas r\u00e9apparues<sup>(5)<br \/>\n <\/sup><strong>86%<\/strong> les sensations de d\u00e9mangeaisons et les incitations au grattage sont diminu\u00e9es<sup>5<\/sup><\/p>\n<p><strong>UN CONFORT DURABLEMENT RETROUVE CHEZ LES ADULTES COMME LES ENFANTS <\/strong><strong>\ud83d\ude0a<\/strong><br \/>\n <strong>100%<\/strong> rougeurs, tiraillements et d\u00e9mangeaisons sont diminu\u00e9es<sup>3<br \/>\n <\/sup><strong>95%<\/strong> la qualit\u00e9 de sommeil de mon enfant est am\u00e9lior\u00e9e<sup>(6)<br \/>\n <\/sup><strong>95%<\/strong> le produit espace les pics de s\u00e9cheresse s\u00e9v\u00e8re<sup>3<\/sup><\/p>\n<p>(1) Etude ex-vivo (2) Evaluation, par analyse d\u2019image, de l\u2019efficacit\u00e9 d\u2019un produit cosm\u00e9tique de soin \u00e0 limiter la r\u00e9manence d\u2019un d\u00e9p\u00f4t de microparticules de carbone (mod\u00e8le de pollution aux particules fines) r\u00e9alis\u00e9 apr\u00e8s application du produit (3) Auto-\u00e9valuation sur 23 volontaires pendant 21 jours en application quotidienne, % de satisfaction (4) Corn\u00e9om\u00e9trie sur 10 volontaires, 48h apr\u00e8s 1 application \u2013 peau s\u00e8che (5) Auto-evaluation sur 23 sujets pendant 21 jours en application quotidienne, % de satisfaction. Evaluation 48h apr\u00e8s 1 application. (6) Auto-\u00e9valuation sur 22 enfants (3 mois \u00e0 3 ans) pendant 21 jours en application quotidienne, % de satisfaction.<\/p>\n<\/p><\/div>\n<\/p><\/div>\n<\/p><\/div>\n<\/p><\/div>\n<\/p><\/div>\n<\/p><\/div>\n<\/p><\/div>","protected":false},"excerpt":{"rendered":"<p>Highlights:Soin relipidant anti-irritations s\u00e9cheresse et grattage s\u00e9v\u00e8resTopialyse Baume Intensif est le 1er soin relipidant anti-irritations, s\u00e9cheresse et grattage s\u00e9v\u00e8res qui soulage durablement les peaux s\u00e8ches atopiques.<\/p>","protected":false},"featured_media":4954,"comment_status":"open","ping_status":"closed","template":"","meta":[],"product_cat":[85],"product_tag":[],"yith_product_brand":[99],"class_list":{"0":"post-4873","1":"product","2":"type-product","3":"status-publish","4":"has-post-thumbnail","6":"product_cat-soins-corps","7":"yith_product_brand-svr","9":"first","10":"instock","11":"sale","12":"shipping-taxable","13":"purchasable","14":"product-type-simple"},"_links":{"self":[{"href":"https:\/\/parapharmacieenligne.ma\/en\/wp-json\/wp\/v2\/product\/4873","targetHints":{"allow":["GET"]}}],"collection":[{"href":"https:\/\/parapharmacieenligne.ma\/en\/wp-json\/wp\/v2\/product"}],"about":[{"href":"https:\/\/parapharmacieenligne.ma\/en\/wp-json\/wp\/v2\/types\/product"}],"replies":[{"embeddable":true,"href":"https:\/\/parapharmacieenligne.ma\/en\/wp-json\/wp\/v2\/comments?post=4873"}],"version-history":[{"count":1,"href":"https:\/\/parapharmacieenligne.ma\/en\/wp-json\/wp\/v2\/product\/4873\/revisions"}],"predecessor-version":[{"id":4955,"href":"https:\/\/parapharmacieenligne.ma\/en\/wp-json\/wp\/v2\/product\/4873\/revisions\/4955"}],"wp:featuredmedia":[{"embeddable":true,"href":"https:\/\/parapharmacieenligne.ma\/en\/wp-json\/wp\/v2\/media\/4954"}],"wp:attachment":[{"href":"https:\/\/parapharmacieenligne.ma\/en\/wp-json\/wp\/v2\/media?parent=4873"}],"wp:term":[{"taxonomy":"product_cat","embeddable":true,"href":"https:\/\/parapharmacieenligne.ma\/en\/wp-json\/wp\/v2\/product_cat?post=4873"},{"taxonomy":"product_tag","embeddable":true,"href":"https:\/\/parapharmacieenligne.ma\/en\/wp-json\/wp\/v2\/product_tag?post=4873"},{"taxonomy":"yith_product_brand","embeddable":true,"href":"https:\/\/parapharmacieenligne.ma\/en\/wp-json\/wp\/v2\/yith_product_brand?post=4873"}],"curies":[{"name":"wp","href":"https:\/\/api.w.org\/{rel}","templated":true}]}}