{"id":4875,"date":"2026-01-25T16:25:53","date_gmt":"2026-01-25T15:25:53","guid":{"rendered":"https:\/\/parapharmacieenligne.ma\/?post_type=product&#038;p=4875"},"modified":"2026-01-25T16:28:23","modified_gmt":"2026-01-25T15:28:23","slug":"svr-spirial-roll-on-50-ml","status":"publish","type":"product","link":"https:\/\/parapharmacieenligne.ma\/en\/product\/svr-spirial-roll-on-50-ml\/","title":{"rendered":"SVR SPIRIAL Roll-On 50 ML"},"content":{"rendered":"<div aria-labelledby=\"tab-title-description\" class=\"woocommerce-Tabs-panel woocommerce-Tabs-panel--description panel entry-content wc-tab\" id=\"tab-description\" role=\"tabpanel\" style=\"\">\n<h2>Description<\/h2>\n<p>Spirial Roll On est un d\u00e9odorant hypoallerg\u00e9nique qui r\u00e9gule la transpiration 48h, absorbe l\u2019humidit\u00e9 et lutte contre les mauvaises odeurs (aisselles).<\/p>\n<p>Toutes les peaux m\u00eame les plus sensibles. Transpiration normale \u00e0 excessive. Adolescent, adulte. Aisselles. D\u00e9odorant \u00e0 l\u2019efficacit\u00e9 anti-transpirante intense 48h<sup>(1) <\/sup>m\u00eame en situations extr\u00eames (sport, stress\u2026). Formul\u00e9 avec une haute concentration en agents sudo-r\u00e9gulateurs, il r\u00e9gule la transpiration, absorbe l\u2019humidit\u00e9 et lutte contre les mauvaises odeurs dans la plus haute tol\u00e9rance. Sa texture non collante s\u00e8che rapidement et laisse la peau douce sans laisser de traces blanches. Sans parfum.<\/p>\n<p>Appliquer au quotidien sur peau propre et s\u00e8che.<\/p>\n<\/p><\/div>","protected":false},"excerpt":{"rendered":"<p>Highlights:D\u00e9odorant anti-transpirant intense 48H<\/p>","protected":false},"featured_media":4963,"comment_status":"open","ping_status":"closed","template":"","meta":[],"product_cat":[85],"product_tag":[],"yith_product_brand":[99],"class_list":{"0":"post-4875","1":"product","2":"type-product","3":"status-publish","4":"has-post-thumbnail","6":"product_cat-soins-corps","7":"yith_product_brand-svr","9":"first","10":"instock","11":"sale","12":"shipping-taxable","13":"purchasable","14":"product-type-simple"},"_links":{"self":[{"href":"https:\/\/parapharmacieenligne.ma\/en\/wp-json\/wp\/v2\/product\/4875","targetHints":{"allow":["GET"]}}],"collection":[{"href":"https:\/\/parapharmacieenligne.ma\/en\/wp-json\/wp\/v2\/product"}],"about":[{"href":"https:\/\/parapharmacieenligne.ma\/en\/wp-json\/wp\/v2\/types\/product"}],"replies":[{"embeddable":true,"href":"https:\/\/parapharmacieenligne.ma\/en\/wp-json\/wp\/v2\/comments?post=4875"}],"version-history":[{"count":1,"href":"https:\/\/parapharmacieenligne.ma\/en\/wp-json\/wp\/v2\/product\/4875\/revisions"}],"predecessor-version":[{"id":4964,"href":"https:\/\/parapharmacieenligne.ma\/en\/wp-json\/wp\/v2\/product\/4875\/revisions\/4964"}],"wp:featuredmedia":[{"embeddable":true,"href":"https:\/\/parapharmacieenligne.ma\/en\/wp-json\/wp\/v2\/media\/4963"}],"wp:attachment":[{"href":"https:\/\/parapharmacieenligne.ma\/en\/wp-json\/wp\/v2\/media?parent=4875"}],"wp:term":[{"taxonomy":"product_cat","embeddable":true,"href":"https:\/\/parapharmacieenligne.ma\/en\/wp-json\/wp\/v2\/product_cat?post=4875"},{"taxonomy":"product_tag","embeddable":true,"href":"https:\/\/parapharmacieenligne.ma\/en\/wp-json\/wp\/v2\/product_tag?post=4875"},{"taxonomy":"yith_product_brand","embeddable":true,"href":"https:\/\/parapharmacieenligne.ma\/en\/wp-json\/wp\/v2\/yith_product_brand?post=4875"}],"curies":[{"name":"wp","href":"https:\/\/api.w.org\/{rel}","templated":true}]}}