{"id":4887,"date":"2026-01-25T16:26:20","date_gmt":"2026-01-25T15:26:20","guid":{"rendered":"https:\/\/parapharmacieenligne.ma\/?post_type=product&#038;p=4887"},"modified":"2026-01-25T16:28:30","modified_gmt":"2026-01-25T15:28:30","slug":"svr-densitium-contour-des-yeux-15ml","status":"publish","type":"product","link":"https:\/\/parapharmacieenligne.ma\/en\/product\/svr-densitium-contour-des-yeux-15ml\/","title":{"rendered":"Svr Densitium Contour Des Yeux 15ml"},"content":{"rendered":"<div aria-labelledby=\"tab-title-description\" class=\"woocommerce-Tabs-panel woocommerce-Tabs-panel--description panel entry-content wc-tab\" id=\"tab-description\" role=\"tabpanel\" style=\"\">\n<h2>Description<\/h2>\n<p align=\"justify\" class=\"preamble\">DENSITIUM Contour des yeux discount, le soin expert de SVR dans votre parapharmacie en ligne \u00e0 prix discount, pour apporter une correction globale et une efficacit\u00e9 renforc\u00e9e sur l\u2019ensemble des signes de l\u2019\u00e2ge (s\u00e9cheresse, rides, rel\u00e2chement cutan\u00e9, perte d\u2019\u00e9clat\u2026)<\/p>\n<p align=\"justify\">Afin de proposer des solutions anti-\u00e2ge efficaces aux probl\u00e8mes de vieillissement de la peau et de perte de fermet\u00e9, SVR a con\u00e7u une gamme de soins aux pouvoirs raffermissants et redensifiants : DENSITIUM.<\/p>\n<p align=\"justify\">Ce soin, \u00e0 la texture velout\u00e9e et soyeuse d\u00e9licatement parfum\u00e9e est sp\u00e9cialement formul\u00e9 pour apporter une correction globale et une efficacit\u00e9 renforc\u00e9e sur l\u2019ensemble des signes de l\u2019\u00e2ge : rel\u00e2chement, rides, poches et cernes. Sa composition associe du Bio-calcium hautement assimilable par la peau aux propri\u00e9t\u00e9s protectrices, hydratantes et restructurantes et de l\u2019acide hyaluronique ultra-fragement\u00e9 redensifiant. Il contient \u00e9galement du sulfate de dextran antipoches et un complexe sp\u00e9cifique associ\u00e9 \u00e0 de la chrysine. Jour apr\u00e8s jour, les rides sont estomp\u00e9es, les poches et les cernes diminu\u00e9s, la peau se raffermit pour un regard visiblement plus jeune. Sans paraben. Test\u00e9 sous contr\u00f4le ophtalmologique<\/p>\n<\/p><\/div>","protected":false},"excerpt":{"rendered":"<p>Highlights:Correction globale, comblant, lissant15ml \u2013 Rides install\u00e9es, cernes, poches. Tous types de peau. Contour des yeux.<\/p>","protected":false},"featured_media":4967,"comment_status":"open","ping_status":"closed","template":"","meta":[],"product_cat":[83],"product_tag":[],"yith_product_brand":[99],"class_list":{"0":"post-4887","1":"product","2":"type-product","3":"status-publish","4":"has-post-thumbnail","6":"product_cat-soins-visage","7":"yith_product_brand-svr","9":"first","10":"instock","11":"sale","12":"shipping-taxable","13":"purchasable","14":"product-type-simple"},"_links":{"self":[{"href":"https:\/\/parapharmacieenligne.ma\/en\/wp-json\/wp\/v2\/product\/4887","targetHints":{"allow":["GET"]}}],"collection":[{"href":"https:\/\/parapharmacieenligne.ma\/en\/wp-json\/wp\/v2\/product"}],"about":[{"href":"https:\/\/parapharmacieenligne.ma\/en\/wp-json\/wp\/v2\/types\/product"}],"replies":[{"embeddable":true,"href":"https:\/\/parapharmacieenligne.ma\/en\/wp-json\/wp\/v2\/comments?post=4887"}],"version-history":[{"count":1,"href":"https:\/\/parapharmacieenligne.ma\/en\/wp-json\/wp\/v2\/product\/4887\/revisions"}],"predecessor-version":[{"id":4968,"href":"https:\/\/parapharmacieenligne.ma\/en\/wp-json\/wp\/v2\/product\/4887\/revisions\/4968"}],"wp:featuredmedia":[{"embeddable":true,"href":"https:\/\/parapharmacieenligne.ma\/en\/wp-json\/wp\/v2\/media\/4967"}],"wp:attachment":[{"href":"https:\/\/parapharmacieenligne.ma\/en\/wp-json\/wp\/v2\/media?parent=4887"}],"wp:term":[{"taxonomy":"product_cat","embeddable":true,"href":"https:\/\/parapharmacieenligne.ma\/en\/wp-json\/wp\/v2\/product_cat?post=4887"},{"taxonomy":"product_tag","embeddable":true,"href":"https:\/\/parapharmacieenligne.ma\/en\/wp-json\/wp\/v2\/product_tag?post=4887"},{"taxonomy":"yith_product_brand","embeddable":true,"href":"https:\/\/parapharmacieenligne.ma\/en\/wp-json\/wp\/v2\/yith_product_brand?post=4887"}],"curies":[{"name":"wp","href":"https:\/\/api.w.org\/{rel}","templated":true}]}}