{"id":4888,"date":"2026-01-25T16:26:20","date_gmt":"2026-01-25T15:26:20","guid":{"rendered":"https:\/\/parapharmacieenligne.ma\/?post_type=product&#038;p=4888"},"modified":"2026-01-25T16:28:33","modified_gmt":"2026-01-25T15:28:33","slug":"svr-palpebral-by-topialyse-creme-15ml","status":"publish","type":"product","link":"https:\/\/parapharmacieenligne.ma\/en\/product\/svr-palpebral-by-topialyse-creme-15ml\/","title":{"rendered":"SVR PALPEBRAL By Topialyse Cr\u00e8me 15ML"},"content":{"rendered":"<div aria-labelledby=\"tab-title-description\" class=\"woocommerce-Tabs-panel woocommerce-Tabs-panel--description panel entry-content wc-tab\" id=\"tab-description\" role=\"tabpanel\" style=\"\">\n<h2>Description<\/h2>\n<p>Pour les paupi\u00e8res et contours des yeux sensibles, secs, irrit\u00e9s et \u00e0 tendance atopique. D\u00e8s 3 ans.<\/p>\n<p>PALPEBRAL By Topialyse, LE N\u00b01<sup> <\/sup>DES SOINS CONTOURS DES YEUX HYPERSENSIBLES PRESCRITS PAR LES DERMATOLOGUES<sup>(1)<\/sup> .<\/p>\n<p>Tol\u00e9rance, efficacit\u00e9 et plaisir, tous r\u00e9unis pour apaiser le regard.<\/p>\n<p><strong><strong>Conseils d\u2019Utilisation : <\/strong> <\/strong><\/p>\n<p>Appliquer matin et\/ou soir sur vos paupi\u00e8res et contour de l\u2019\u0153il, sur peau propre et s\u00e8che.<\/p>\n<\/p><\/div>","protected":false},"excerpt":{"rendered":"<p>Highlights:Cr\u00e8me apaisante anti-grattage paupi\u00e8res irrit\u00e9es15ml \u2013 Tol\u00e9rance, efficacit\u00e9 et plaisir, tous r\u00e9unis pour apaiser le regard.<\/p>","protected":false},"featured_media":4969,"comment_status":"open","ping_status":"closed","template":"","meta":[],"product_cat":[83],"product_tag":[],"yith_product_brand":[99],"class_list":{"0":"post-4888","1":"product","2":"type-product","3":"status-publish","4":"has-post-thumbnail","6":"product_cat-soins-visage","7":"yith_product_brand-svr","9":"first","10":"instock","11":"sale","12":"shipping-taxable","13":"purchasable","14":"product-type-simple"},"_links":{"self":[{"href":"https:\/\/parapharmacieenligne.ma\/en\/wp-json\/wp\/v2\/product\/4888","targetHints":{"allow":["GET"]}}],"collection":[{"href":"https:\/\/parapharmacieenligne.ma\/en\/wp-json\/wp\/v2\/product"}],"about":[{"href":"https:\/\/parapharmacieenligne.ma\/en\/wp-json\/wp\/v2\/types\/product"}],"replies":[{"embeddable":true,"href":"https:\/\/parapharmacieenligne.ma\/en\/wp-json\/wp\/v2\/comments?post=4888"}],"version-history":[{"count":1,"href":"https:\/\/parapharmacieenligne.ma\/en\/wp-json\/wp\/v2\/product\/4888\/revisions"}],"predecessor-version":[{"id":4970,"href":"https:\/\/parapharmacieenligne.ma\/en\/wp-json\/wp\/v2\/product\/4888\/revisions\/4970"}],"wp:featuredmedia":[{"embeddable":true,"href":"https:\/\/parapharmacieenligne.ma\/en\/wp-json\/wp\/v2\/media\/4969"}],"wp:attachment":[{"href":"https:\/\/parapharmacieenligne.ma\/en\/wp-json\/wp\/v2\/media?parent=4888"}],"wp:term":[{"taxonomy":"product_cat","embeddable":true,"href":"https:\/\/parapharmacieenligne.ma\/en\/wp-json\/wp\/v2\/product_cat?post=4888"},{"taxonomy":"product_tag","embeddable":true,"href":"https:\/\/parapharmacieenligne.ma\/en\/wp-json\/wp\/v2\/product_tag?post=4888"},{"taxonomy":"yith_product_brand","embeddable":true,"href":"https:\/\/parapharmacieenligne.ma\/en\/wp-json\/wp\/v2\/yith_product_brand?post=4888"}],"curies":[{"name":"wp","href":"https:\/\/api.w.org\/{rel}","templated":true}]}}