{"id":4889,"date":"2026-01-25T16:26:21","date_gmt":"2026-01-25T15:26:21","guid":{"rendered":"https:\/\/parapharmacieenligne.ma\/?post_type=product&#038;p=4889"},"modified":"2026-01-25T16:28:36","modified_gmt":"2026-01-25T15:28:36","slug":"svr-clairial-creme-spf50-50ml","status":"publish","type":"product","link":"https:\/\/parapharmacieenligne.ma\/en\/product\/svr-clairial-creme-spf50-50ml\/","title":{"rendered":"SVR CLAIRIAL Cr\u00e8me SPF50+ 50ML"},"content":{"rendered":"<div aria-labelledby=\"tab-title-description\" class=\"woocommerce-Tabs-panel woocommerce-Tabs-panel--description panel entry-content wc-tab\" id=\"tab-description\" role=\"tabpanel\" style=\"\">\n<h2>Description<\/h2>\n<p>Pour toutes les peaux sensibles. Pour tous les types de t\u00e2ches li\u00e9es au soleil, au vieillissement cutan\u00e9, \u00e0 la grossesse, aux imperfections, au teint irr\u00e9gulier. Visage, d\u00e9collet\u00e9, mains. Adultes.<\/p>\n<p>Tous types de taches (soleil, vieillissement, imperfections, teint irr\u00e9gulier).<br \/>\n Appliquer le matin sur les zones expos\u00e9es : Visage \u2013 D\u00e9collet\u00e9 \u2013 Mains.<br \/>\n Pour une action anti-taches renforc\u00e9e, appliquer les autres produits de la gamme CLAIRAL :<br \/>\n \u2022 Matin et soir : Utiliser Clairial S\u00e9rum et Clairial Cr\u00e8me 10 pour une action d\u00e9pigmentante et un teint unifi\u00e9.<br \/>\n \u2022 Un soir sur deux : utiliser Clairial Peel, acc\u00e9l\u00e9rateur d\u00e9pigmentant qui booste l\u2019efficacit\u00e9 des soins d\u00e9pigmentants.<\/p>\n<p><strong><strong>Conseils d\u2019Utilisation : <\/strong> <\/strong><\/p>\n<p>Appliquez en quantit\u00e9 suffisante et homog\u00e8ne avant chaque exposition solaire. Renouvelez fr\u00e9quemment l\u2019application. Il est conseill\u00e9 de ne pas s\u2019exposer au soleil entre 12h et 16h.<\/p>\n<\/p><\/div>","protected":false},"excerpt":{"rendered":"<p>Highlights:Tr\u00e8s haute protection solaire anti-taches50ml \u2013 CLAIRIAL Cr\u00e8me SPF50+ est le 1er soin anti-taches 2-en-1 pour pr\u00e9venir l\u2019apparition et corriger les taches.<\/p>","protected":false},"featured_media":4971,"comment_status":"open","ping_status":"closed","template":"","meta":[],"product_cat":[86],"product_tag":[],"yith_product_brand":[99],"class_list":{"0":"post-4889","1":"product","2":"type-product","3":"status-publish","4":"has-post-thumbnail","6":"product_cat-protection-solaire","7":"yith_product_brand-svr","9":"first","10":"instock","11":"sale","12":"shipping-taxable","13":"purchasable","14":"product-type-simple"},"_links":{"self":[{"href":"https:\/\/parapharmacieenligne.ma\/en\/wp-json\/wp\/v2\/product\/4889","targetHints":{"allow":["GET"]}}],"collection":[{"href":"https:\/\/parapharmacieenligne.ma\/en\/wp-json\/wp\/v2\/product"}],"about":[{"href":"https:\/\/parapharmacieenligne.ma\/en\/wp-json\/wp\/v2\/types\/product"}],"replies":[{"embeddable":true,"href":"https:\/\/parapharmacieenligne.ma\/en\/wp-json\/wp\/v2\/comments?post=4889"}],"version-history":[{"count":1,"href":"https:\/\/parapharmacieenligne.ma\/en\/wp-json\/wp\/v2\/product\/4889\/revisions"}],"predecessor-version":[{"id":4972,"href":"https:\/\/parapharmacieenligne.ma\/en\/wp-json\/wp\/v2\/product\/4889\/revisions\/4972"}],"wp:featuredmedia":[{"embeddable":true,"href":"https:\/\/parapharmacieenligne.ma\/en\/wp-json\/wp\/v2\/media\/4971"}],"wp:attachment":[{"href":"https:\/\/parapharmacieenligne.ma\/en\/wp-json\/wp\/v2\/media?parent=4889"}],"wp:term":[{"taxonomy":"product_cat","embeddable":true,"href":"https:\/\/parapharmacieenligne.ma\/en\/wp-json\/wp\/v2\/product_cat?post=4889"},{"taxonomy":"product_tag","embeddable":true,"href":"https:\/\/parapharmacieenligne.ma\/en\/wp-json\/wp\/v2\/product_tag?post=4889"},{"taxonomy":"yith_product_brand","embeddable":true,"href":"https:\/\/parapharmacieenligne.ma\/en\/wp-json\/wp\/v2\/yith_product_brand?post=4889"}],"curies":[{"name":"wp","href":"https:\/\/api.w.org\/{rel}","templated":true}]}}