{"id":4890,"date":"2026-01-25T16:26:21","date_gmt":"2026-01-25T15:26:21","guid":{"rendered":"https:\/\/parapharmacieenligne.ma\/?post_type=product&#038;p=4890"},"modified":"2026-01-25T16:28:39","modified_gmt":"2026-01-25T15:28:39","slug":"svr-sun-secure-extreme-spf50-50ml","status":"publish","type":"product","link":"https:\/\/parapharmacieenligne.ma\/en\/product\/svr-sun-secure-extreme-spf50-50ml\/","title":{"rendered":"SVR SUN SECURE Extr\u00eame SPF50+ 50ML"},"content":{"rendered":"<div aria-labelledby=\"tab-title-description\" class=\"woocommerce-Tabs-panel woocommerce-Tabs-panel--description panel entry-content wc-tab\" id=\"tab-description\" role=\"tabpanel\" style=\"\">\n<h2>Description<\/h2>\n<p>Pour toutes les peaux sensibles. D\u00e8s la naissance (hors pr\u00e9matur\u00e9s). Visage et zones sensibles au soleil.<\/p>\n<p>SUN SECURE Extreme SPF50+ offre une tr\u00e8s haute protection solaire dans un gel ultra mat multi-r\u00e9sistant au toucher non gras. In\u00e9dite, sa texture baume-en-gel transparente et ultra-fondante p\u00e9n\u00e8tre rapidement pour une application express. Son d\u00e9licat parfum d\u2019\u00e9t\u00e9 donne envie d\u2019en r\u00e9appliquer encore et encore. R\u00e9siste \u00e0 l\u2019eau, \u00e0 la transpiration et aux frottements. Id\u00e9al pour les sportifs car il ne coule pas, pour les hommes et les ados car il est totalement invisible et non collant, et pour tous les r\u00e9fractaires \u00e0 la protection solaire !<\/p>\n<p>Avant de s\u2019exposer au soleil, appliquer une dose suffisante et homog\u00e8ne pour couvrir le visage et les zones expos\u00e9es. Renouveler fr\u00e9quemment l\u2019application, toutes les 2h, apr\u00e8s les baignades.<\/p>\n<p>Lire attentivement la notice.<\/p>\n<\/p><\/div>","protected":false},"excerpt":{"rendered":"<p>Highlights:Gel ultra mat multi-r\u00e9sistant SPF50+50ml \u2013 SUN SECURE Extreme : une tr\u00e8s haute protection SPF50+ adapt\u00e9e \u00e0 un ensoleillement intense et \u00e0 la pratique de sports associ\u00e9e !<\/p>","protected":false},"featured_media":4973,"comment_status":"open","ping_status":"closed","template":"","meta":[],"product_cat":[86],"product_tag":[],"yith_product_brand":[99],"class_list":{"0":"post-4890","1":"product","2":"type-product","3":"status-publish","4":"has-post-thumbnail","6":"product_cat-protection-solaire","7":"yith_product_brand-svr","9":"first","10":"instock","11":"sale","12":"shipping-taxable","13":"purchasable","14":"product-type-simple"},"_links":{"self":[{"href":"https:\/\/parapharmacieenligne.ma\/en\/wp-json\/wp\/v2\/product\/4890","targetHints":{"allow":["GET"]}}],"collection":[{"href":"https:\/\/parapharmacieenligne.ma\/en\/wp-json\/wp\/v2\/product"}],"about":[{"href":"https:\/\/parapharmacieenligne.ma\/en\/wp-json\/wp\/v2\/types\/product"}],"replies":[{"embeddable":true,"href":"https:\/\/parapharmacieenligne.ma\/en\/wp-json\/wp\/v2\/comments?post=4890"}],"version-history":[{"count":1,"href":"https:\/\/parapharmacieenligne.ma\/en\/wp-json\/wp\/v2\/product\/4890\/revisions"}],"predecessor-version":[{"id":4974,"href":"https:\/\/parapharmacieenligne.ma\/en\/wp-json\/wp\/v2\/product\/4890\/revisions\/4974"}],"wp:featuredmedia":[{"embeddable":true,"href":"https:\/\/parapharmacieenligne.ma\/en\/wp-json\/wp\/v2\/media\/4973"}],"wp:attachment":[{"href":"https:\/\/parapharmacieenligne.ma\/en\/wp-json\/wp\/v2\/media?parent=4890"}],"wp:term":[{"taxonomy":"product_cat","embeddable":true,"href":"https:\/\/parapharmacieenligne.ma\/en\/wp-json\/wp\/v2\/product_cat?post=4890"},{"taxonomy":"product_tag","embeddable":true,"href":"https:\/\/parapharmacieenligne.ma\/en\/wp-json\/wp\/v2\/product_tag?post=4890"},{"taxonomy":"yith_product_brand","embeddable":true,"href":"https:\/\/parapharmacieenligne.ma\/en\/wp-json\/wp\/v2\/yith_product_brand?post=4890"}],"curies":[{"name":"wp","href":"https:\/\/api.w.org\/{rel}","templated":true}]}}