{"id":4907,"date":"2026-01-25T16:26:49","date_gmt":"2026-01-25T15:26:49","guid":{"rendered":"https:\/\/parapharmacieenligne.ma\/?post_type=product&#038;p=4907"},"modified":"2026-01-25T16:29:00","modified_gmt":"2026-01-25T15:29:00","slug":"svr-cicavit-gel-moussant-assainissant-apaisant-ultra-doux-200ml","status":"publish","type":"product","link":"https:\/\/parapharmacieenligne.ma\/en\/product\/svr-cicavit-gel-moussant-assainissant-apaisant-ultra-doux-200ml\/","title":{"rendered":"Svr Cicavit+ Gel Moussant Assainissant Apaisant Ultra Doux 200ml"},"content":{"rendered":"<div aria-labelledby=\"tab-title-description\" class=\"woocommerce-Tabs-panel woocommerce-Tabs-panel--description panel entry-content wc-tab\" id=\"tab-description\" role=\"tabpanel\" style=\"\">\n<h2>Description<\/h2>\n<p>CICAVIT+ Gel MoussantCICAVIT+ Gel MoussantCICAVIT+ Gel MoussantCICAVIT+ Gel Moussant<br \/>\n PROMO -30%<br \/>\n CICAVIT+ Gel Moussant<br \/>\n Assainissant apaisant ultra-doux<br \/>\n marydubus<br \/>\n G\u00e9nial pour ma peaux sensible et s\u00e8che<br \/>\n <strong>Indisponible<\/strong><br \/>\n 200ml \u2013 Pour toutes les peaux irrit\u00e9es, visage, corps, cheveux, zones intimes, et plis cutan\u00e9s. Et pour toute la famille : b\u00e9b\u00e9s, enfants, et adultes.<br \/>\n Coupures, sutures, \u00e9raflures\u2026 ces blessures font parties de notre quotidien, et m\u00eame lorsque l\u2019on est fier d\u2019assumer ces marques de vie, nous souhaitons toujours que la cicatrisation soit la plus belle possible.<\/p>\n<p>La premi\u00e8re \u00e9tape essentielle pour favoriser la cicatrisation n\u2019est autre que l\u2019hygi\u00e8ne !<\/p>\n<p>Utiliser un nettoyant expert des peaux fragilis\u00e9es apaise les irritations et favorise une r\u00e9paration plus rapide et plus belle. Le nouveau Gel Moussant CICAVIT+ Assainissant Apaisant Ultra-doux permet de nettoyer les zones cutan\u00e9es irrit\u00e9es tout en respectant l\u2019\u00e9quilibre du microbiote cutan\u00e9 et le film hydrolipidique de la peau.<\/p>\n<p>UN GEL MOUSSANT QUI FAIT L\u2019UNANIMITE AUPRES DES PEAUX FRAGILISEES :<br \/>\n 100%: Apaise les irritations et les sensations de grattage(1)<br \/>\n 100%: Nettoie en douceur les zones irrit\u00e9es, fragilis\u00e9es, abim\u00e9es (y compris b\u00e9b\u00e9 et enfant(1))<br \/>\n 100%: La peau est assainie(1)<\/p>\n<p><strong>Conseils d\u2019utilisation :<\/strong><\/p>\n<p>Usage quotidien. Appliquer sur une peau mouill\u00e9e, faire mousser puis rincer et s\u00e9cher d\u00e9licatement sans frotter.<\/p>\n<p>Visage, corps, cheveux, zones intimes, et plis cutan\u00e9s.<\/p>\n<p>Convient aux b\u00e9b\u00e9s, enfants, et adultes.<\/p>\n<p>Ne pique pas les yeux. Sans parfum.<\/p>\n<\/p><\/div>","protected":false},"excerpt":{"rendered":"<p>Highlights:CICAVIT+ Gel moussant 200ml | Pour toutes les peaux irrit\u00e9es, visage, corps, cheveux, zones intimes et plus cutan\u00e9s. Et pour toute la famille : b\u00e9b\u00e9s, enfants et adultes.<\/p>","protected":false},"featured_media":4985,"comment_status":"open","ping_status":"closed","template":"","meta":[],"product_cat":[83],"product_tag":[],"yith_product_brand":[99],"class_list":{"0":"post-4907","1":"product","2":"type-product","3":"status-publish","4":"has-post-thumbnail","6":"product_cat-soins-visage","7":"yith_product_brand-svr","9":"first","10":"instock","11":"sale","12":"shipping-taxable","13":"purchasable","14":"product-type-simple"},"_links":{"self":[{"href":"https:\/\/parapharmacieenligne.ma\/en\/wp-json\/wp\/v2\/product\/4907","targetHints":{"allow":["GET"]}}],"collection":[{"href":"https:\/\/parapharmacieenligne.ma\/en\/wp-json\/wp\/v2\/product"}],"about":[{"href":"https:\/\/parapharmacieenligne.ma\/en\/wp-json\/wp\/v2\/types\/product"}],"replies":[{"embeddable":true,"href":"https:\/\/parapharmacieenligne.ma\/en\/wp-json\/wp\/v2\/comments?post=4907"}],"version-history":[{"count":1,"href":"https:\/\/parapharmacieenligne.ma\/en\/wp-json\/wp\/v2\/product\/4907\/revisions"}],"predecessor-version":[{"id":4986,"href":"https:\/\/parapharmacieenligne.ma\/en\/wp-json\/wp\/v2\/product\/4907\/revisions\/4986"}],"wp:featuredmedia":[{"embeddable":true,"href":"https:\/\/parapharmacieenligne.ma\/en\/wp-json\/wp\/v2\/media\/4985"}],"wp:attachment":[{"href":"https:\/\/parapharmacieenligne.ma\/en\/wp-json\/wp\/v2\/media?parent=4907"}],"wp:term":[{"taxonomy":"product_cat","embeddable":true,"href":"https:\/\/parapharmacieenligne.ma\/en\/wp-json\/wp\/v2\/product_cat?post=4907"},{"taxonomy":"product_tag","embeddable":true,"href":"https:\/\/parapharmacieenligne.ma\/en\/wp-json\/wp\/v2\/product_tag?post=4907"},{"taxonomy":"yith_product_brand","embeddable":true,"href":"https:\/\/parapharmacieenligne.ma\/en\/wp-json\/wp\/v2\/yith_product_brand?post=4907"}],"curies":[{"name":"wp","href":"https:\/\/api.w.org\/{rel}","templated":true}]}}