{"id":4911,"date":"2026-01-25T16:26:50","date_gmt":"2026-01-25T15:26:50","guid":{"rendered":"https:\/\/parapharmacieenligne.ma\/?post_type=product&#038;p=4911"},"modified":"2026-01-25T16:29:30","modified_gmt":"2026-01-25T15:29:30","slug":"svr-sensifine-dermo-nettoyant-200ml","status":"publish","type":"product","link":"https:\/\/parapharmacieenligne.ma\/en\/product\/svr-sensifine-dermo-nettoyant-200ml\/","title":{"rendered":"SVR SENSIFINE Dermo-Nettoyant 200ML"},"content":{"rendered":"<div aria-labelledby=\"tab-title-description\" class=\"woocommerce-Tabs-panel woocommerce-Tabs-panel--description panel entry-content wc-tab\" id=\"tab-description\" role=\"tabpanel\" style=\"\">\n<h2>Description<\/h2>\n<p>Sensifine Dermo-Nettoyant nettoie, d\u00e9maquille yeux et l\u00e8vres et soulage en un seul geste et sans frotter les peaux sensibles et intol\u00e9rantes.<\/p>\n<p>Pour toutes les peaux sensibles, intol\u00e9rantes \u00e0 poly-allergiques. Visage, yeux et l\u00e8vres.<\/p>\n<p>Un gel cr\u00e8me frais et fondant qui d\u00e9maquille, nettoie et soulage en un seul geste et sans frotter les peaux les plus sensibles et intol\u00e9rantes. Du bout des doigts ou \u00e0 l\u2019aide d\u2019un coton il \u00e9limine m\u00eame le maquillage waterproof et r\u00e9duit tiraillements et inconforts. La peau est propre, douce et confortable.<\/p>\n<p>Appliquer du bout des doigts en massant d\u00e9licatement puis tamponer avec un coton sans frotter.<\/p>\n<p>Avec ou sans rincage.<\/p>\n<\/p><\/div>","protected":false},"excerpt":{"rendered":"<p>Highlights:Nettoyant d\u00e9maquillant apaisant intense visage, yeux et l\u00e8vres200ml \u2013 Sensifine Dermo-Nettoyant nettoie, d\u00e9maquille yeux et l\u00e8vres et soulage en un seul geste et sans frotter les peaux sensibles et intol\u00e9rantes.<\/p>","protected":false},"featured_media":4998,"comment_status":"open","ping_status":"closed","template":"","meta":[],"product_cat":[83],"product_tag":[],"yith_product_brand":[99],"class_list":{"0":"post-4911","1":"product","2":"type-product","3":"status-publish","4":"has-post-thumbnail","6":"product_cat-soins-visage","7":"yith_product_brand-svr","9":"first","10":"instock","11":"sale","12":"shipping-taxable","13":"purchasable","14":"product-type-simple"},"_links":{"self":[{"href":"https:\/\/parapharmacieenligne.ma\/en\/wp-json\/wp\/v2\/product\/4911","targetHints":{"allow":["GET"]}}],"collection":[{"href":"https:\/\/parapharmacieenligne.ma\/en\/wp-json\/wp\/v2\/product"}],"about":[{"href":"https:\/\/parapharmacieenligne.ma\/en\/wp-json\/wp\/v2\/types\/product"}],"replies":[{"embeddable":true,"href":"https:\/\/parapharmacieenligne.ma\/en\/wp-json\/wp\/v2\/comments?post=4911"}],"version-history":[{"count":1,"href":"https:\/\/parapharmacieenligne.ma\/en\/wp-json\/wp\/v2\/product\/4911\/revisions"}],"predecessor-version":[{"id":4999,"href":"https:\/\/parapharmacieenligne.ma\/en\/wp-json\/wp\/v2\/product\/4911\/revisions\/4999"}],"wp:featuredmedia":[{"embeddable":true,"href":"https:\/\/parapharmacieenligne.ma\/en\/wp-json\/wp\/v2\/media\/4998"}],"wp:attachment":[{"href":"https:\/\/parapharmacieenligne.ma\/en\/wp-json\/wp\/v2\/media?parent=4911"}],"wp:term":[{"taxonomy":"product_cat","embeddable":true,"href":"https:\/\/parapharmacieenligne.ma\/en\/wp-json\/wp\/v2\/product_cat?post=4911"},{"taxonomy":"product_tag","embeddable":true,"href":"https:\/\/parapharmacieenligne.ma\/en\/wp-json\/wp\/v2\/product_tag?post=4911"},{"taxonomy":"yith_product_brand","embeddable":true,"href":"https:\/\/parapharmacieenligne.ma\/en\/wp-json\/wp\/v2\/yith_product_brand?post=4911"}],"curies":[{"name":"wp","href":"https:\/\/api.w.org\/{rel}","templated":true}]}}