{"id":4923,"date":"2026-01-25T16:27:20","date_gmt":"2026-01-25T15:27:20","guid":{"rendered":"https:\/\/parapharmacieenligne.ma\/?post_type=product&#038;p=4923"},"modified":"2026-01-25T16:29:39","modified_gmt":"2026-01-25T15:29:39","slug":"svr-sensifine-ar-creme-riche-40-ml-destockage","status":"publish","type":"product","link":"https:\/\/parapharmacieenligne.ma\/en\/product\/svr-sensifine-ar-creme-riche-40-ml-destockage\/","title":{"rendered":"SVR SENSIFINE AR Cr\u00e8me Riche 40 ML Destockage"},"content":{"rendered":"<div aria-labelledby=\"tab-title-description\" class=\"woocommerce-Tabs-panel woocommerce-Tabs-panel--description panel entry-content wc-tab\" id=\"tab-description\" role=\"tabpanel\" style=\"\">\n<h2>Description<\/h2>\n<p>Pour les peaux sujettes aux rougeurs, \u00e0 tendance couperosique. Visage. Adultes.<\/p>\n<p>V\u00e9ritable cr\u00e8me riche \u00ab \u00e0 thermostat \u00bb qui contr\u00f4le durablement les rougeurs !<\/p>\n<p>Parce que toutes les peaux pr\u00e9sentant des rougeurs ont une anomalie de la r\u00e9gulation de la temp\u00e9rature, Sensifine AR Cr\u00e8me Riche agit comme un \u00ab coupe-feu \u00bb pour apaiser imm\u00e9diatement et durablement.<\/p>\n<p><strong><strong>Conseils d\u2019Utilisation : <\/strong> <\/strong><\/p>\n<p>Appliquer matin et\/ou soir par effleurages l\u00e9gers pour \u00e9viter d\u2019agresser la peau. Excellente base de maquillage.<\/p>\n<\/p><\/div>","protected":false},"excerpt":{"rendered":"<p>Highlights:Soin d\u00e9salt\u00e9rant apaisant40ml \u2013 Gel minimaliste formul\u00e9 avec uniquement 8 ingr\u00e9dients et 97% d\u2019ingr\u00e9dients d\u2019origine naturelle.<\/p>","protected":false},"featured_media":5002,"comment_status":"open","ping_status":"closed","template":"","meta":[],"product_cat":[83],"product_tag":[],"yith_product_brand":[99],"class_list":{"0":"post-4923","1":"product","2":"type-product","3":"status-publish","4":"has-post-thumbnail","6":"product_cat-soins-visage","7":"yith_product_brand-svr","9":"first","10":"instock","11":"sale","12":"shipping-taxable","13":"purchasable","14":"product-type-simple"},"_links":{"self":[{"href":"https:\/\/parapharmacieenligne.ma\/en\/wp-json\/wp\/v2\/product\/4923","targetHints":{"allow":["GET"]}}],"collection":[{"href":"https:\/\/parapharmacieenligne.ma\/en\/wp-json\/wp\/v2\/product"}],"about":[{"href":"https:\/\/parapharmacieenligne.ma\/en\/wp-json\/wp\/v2\/types\/product"}],"replies":[{"embeddable":true,"href":"https:\/\/parapharmacieenligne.ma\/en\/wp-json\/wp\/v2\/comments?post=4923"}],"version-history":[{"count":1,"href":"https:\/\/parapharmacieenligne.ma\/en\/wp-json\/wp\/v2\/product\/4923\/revisions"}],"predecessor-version":[{"id":5003,"href":"https:\/\/parapharmacieenligne.ma\/en\/wp-json\/wp\/v2\/product\/4923\/revisions\/5003"}],"wp:featuredmedia":[{"embeddable":true,"href":"https:\/\/parapharmacieenligne.ma\/en\/wp-json\/wp\/v2\/media\/5002"}],"wp:attachment":[{"href":"https:\/\/parapharmacieenligne.ma\/en\/wp-json\/wp\/v2\/media?parent=4923"}],"wp:term":[{"taxonomy":"product_cat","embeddable":true,"href":"https:\/\/parapharmacieenligne.ma\/en\/wp-json\/wp\/v2\/product_cat?post=4923"},{"taxonomy":"product_tag","embeddable":true,"href":"https:\/\/parapharmacieenligne.ma\/en\/wp-json\/wp\/v2\/product_tag?post=4923"},{"taxonomy":"yith_product_brand","embeddable":true,"href":"https:\/\/parapharmacieenligne.ma\/en\/wp-json\/wp\/v2\/yith_product_brand?post=4923"}],"curies":[{"name":"wp","href":"https:\/\/api.w.org\/{rel}","templated":true}]}}