{"id":4924,"date":"2026-01-25T16:27:20","date_gmt":"2026-01-25T15:27:20","guid":{"rendered":"https:\/\/parapharmacieenligne.ma\/?post_type=product&#038;p=4924"},"modified":"2026-01-25T16:29:43","modified_gmt":"2026-01-25T15:29:43","slug":"svr-sensifine-ar-creme-40ml","status":"publish","type":"product","link":"https:\/\/parapharmacieenligne.ma\/en\/product\/svr-sensifine-ar-creme-40ml\/","title":{"rendered":"Svr Sensifine Ar Creme 40Ml"},"content":{"rendered":"<div aria-labelledby=\"tab-title-description\" class=\"woocommerce-Tabs-panel woocommerce-Tabs-panel--description panel entry-content wc-tab\" id=\"tab-description\" role=\"tabpanel\" style=\"\">\n<h2>Description<\/h2>\n<p><span data-sheets-userformat='{\"2\":961,\"3\":{\"1\":0},\"9\":1,\"10\":1,\"11\":4,\"12\":0}' data-sheets-value='{\"1\":2,\"2\":\"rnGel-cr\u00e8me \u00ab \u00e0 thermostat \u00bb qui contr\u00f4le durablement les rougeurs !rnrnParce que toutes les peaux pr\u00e9sentant des rougeurs ont une anomalie de la r\u00e9gulation de la temp\u00e9rature, Sensifine AR Cr\u00e8me agit comme un \u00ab coupe-feu \u00bb pour apaiser imm\u00e9diatement et durablement. Enrichie en pigment verts, les rougeurs sont neutralis\u00e9es pour un teint uniforme. Pour les peaux sujettes aux rougeurs, \u00e0 tendance couperosique. Visage. Adultes.\"}'>Gel-cr\u00e8me \u00ab \u00e0 thermostat \u00bb qui contr\u00f4le durablement les rougeurs !<br \/>\n Parce que toutes les peaux pr\u00e9sentant des rougeurs ont une anomalie de la r\u00e9gulation de la temp\u00e9rature, Sensifine AR Cr\u00e8me agit comme un \u00ab coupe-feu \u00bb pour apaiser imm\u00e9diatement et durablement. Enrichie en pigment verts, les rougeurs sont neutralis\u00e9es pour un teint uniforme. Pour les peaux sujettes aux rougeurs, \u00e0 tendance couperosique. Visage. Adultes.<\/span><\/p>\n<p><strong>CONSEILS D\u2019UTILISATION :<\/strong><\/p>\n<p><span data-sheets-userformat='{\"2\":961,\"3\":{\"1\":0},\"9\":1,\"10\":1,\"11\":4,\"12\":0}' data-sheets-value='{\"1\":2,\"2\":\"Appliquer matin et\/ou soir par effleurages l\u00e9gers pour \u00e9viter de surchauffer la peau. Pour accentuer l\u2019effet frais, si besoin, se rafra\u00eechir sous l\u2019eau froide avant l\u2019application.\"}'>Appliquer matin et\/ou soir par effleurages l\u00e9gers pour \u00e9viter de surchauffer la peau. Pour accentuer l\u2019effet frais, si besoin, se rafra\u00eechir sous l\u2019eau froide avant l\u2019application.<\/span><\/p>\n<p><strong>INGREDIENTS :<\/strong><\/p>\n<p><span data-sheets-userformat='{\"2\":961,\"3\":{\"1\":0},\"9\":1,\"10\":1,\"11\":4,\"12\":0}' data-sheets-value='{\"1\":2,\"2\":\"AQUA (PURIFIED WATER), CAPRYLIC\/CAPRIC TRIGLYCERIDE, BUTYROSPERMUM PARKII (SHEA) BUTTER, GLYCERIN, BEHENYL ALCOHOL, SILICA, SQUALANE, ARACHIDYL ALCOHOL, GLYCERYL STEARATE, CAFFEYL GLUCOSIDE, CARBOMER, CI 10020, CI 42090, DIPOTASSIUM GLYCYRRHIZATE, GALLYL GLUCOSIDE, METHYL DIISOPROPYL PROPIONAMIDE, ROSMARINYL GLUCOSIDE, SODIUM SULFATE, SACCHARIDE ISOMERATE, 1,2-HEXANEDIOL, ARACHIDYL GLUCOSIDE, CAPRYLYL GLYCOL, CITRIC ACID, METHYL METHACRYLATE CROSSPOLYMER, PENTYLENE GLYCOL, SODIUM CITRATE, SODIUM HYDROXIDE\"}'>AQUA (PURIFIED WATER), CAPRYLIC\/CAPRIC TRIGLYCERIDE, BUTYROSPERMUM PARKII (SHEA) BUTTER, GLYCERIN, BEHENYL ALCOHOL, SILICA, SQUALANE, ARACHIDYL ALCOHOL, GLYCERYL STEARATE, CAFFEYL GLUCOSIDE, CARBOMER, CI 10020, CI 42090, DIPOTASSIUM GLYCYRRHIZATE, GALLYL GLUCOSIDE, METHYL DIISOPROPYL PROPIONAMIDE, ROSMARINYL GLUCOSIDE, SODIUM SULFATE, SACCHARIDE ISOMERATE, 1,2-HEXANEDIOL, ARACHIDYL GLUCOSIDE, CAPRYLYL GLYCOL, CITRIC ACID, METHYL METHACRYLATE CROSSPOLYMER, PENTYLENE GLYCOL, SODIUM CITRATE, SODIUM HYDROXIDE<\/span><\/p>\n<\/p><\/div>","protected":false},"excerpt":{"rendered":"<p>Highlights:Soin intensif hydratant apaisant anti-rougeurs40ml \u2013 Sensifine AR Cr\u00e8me agit comme un \u00ab coupe-feu \u00bb pour apaiser imm\u00e9diatement et durablement les peaux sujettes aux rougeurs.<\/p>","protected":false},"featured_media":5004,"comment_status":"open","ping_status":"closed","template":"","meta":[],"product_cat":[83],"product_tag":[],"yith_product_brand":[99],"class_list":{"0":"post-4924","1":"product","2":"type-product","3":"status-publish","4":"has-post-thumbnail","6":"product_cat-soins-visage","7":"yith_product_brand-svr","9":"first","10":"instock","11":"sale","12":"shipping-taxable","13":"purchasable","14":"product-type-simple"},"_links":{"self":[{"href":"https:\/\/parapharmacieenligne.ma\/en\/wp-json\/wp\/v2\/product\/4924","targetHints":{"allow":["GET"]}}],"collection":[{"href":"https:\/\/parapharmacieenligne.ma\/en\/wp-json\/wp\/v2\/product"}],"about":[{"href":"https:\/\/parapharmacieenligne.ma\/en\/wp-json\/wp\/v2\/types\/product"}],"replies":[{"embeddable":true,"href":"https:\/\/parapharmacieenligne.ma\/en\/wp-json\/wp\/v2\/comments?post=4924"}],"version-history":[{"count":1,"href":"https:\/\/parapharmacieenligne.ma\/en\/wp-json\/wp\/v2\/product\/4924\/revisions"}],"predecessor-version":[{"id":5005,"href":"https:\/\/parapharmacieenligne.ma\/en\/wp-json\/wp\/v2\/product\/4924\/revisions\/5005"}],"wp:featuredmedia":[{"embeddable":true,"href":"https:\/\/parapharmacieenligne.ma\/en\/wp-json\/wp\/v2\/media\/5004"}],"wp:attachment":[{"href":"https:\/\/parapharmacieenligne.ma\/en\/wp-json\/wp\/v2\/media?parent=4924"}],"wp:term":[{"taxonomy":"product_cat","embeddable":true,"href":"https:\/\/parapharmacieenligne.ma\/en\/wp-json\/wp\/v2\/product_cat?post=4924"},{"taxonomy":"product_tag","embeddable":true,"href":"https:\/\/parapharmacieenligne.ma\/en\/wp-json\/wp\/v2\/product_tag?post=4924"},{"taxonomy":"yith_product_brand","embeddable":true,"href":"https:\/\/parapharmacieenligne.ma\/en\/wp-json\/wp\/v2\/yith_product_brand?post=4924"}],"curies":[{"name":"wp","href":"https:\/\/api.w.org\/{rel}","templated":true}]}}