{"id":4925,"date":"2026-01-25T16:27:20","date_gmt":"2026-01-25T15:27:20","guid":{"rendered":"https:\/\/parapharmacieenligne.ma\/?post_type=product&#038;p=4925"},"modified":"2026-01-25T16:29:56","modified_gmt":"2026-01-25T15:29:56","slug":"svr-densitium-bi-serum-2x15ml","status":"publish","type":"product","link":"https:\/\/parapharmacieenligne.ma\/en\/product\/svr-densitium-bi-serum-2x15ml\/","title":{"rendered":"SVR DENSITIUM Bi-S\u00e9rum 2x15ML"},"content":{"rendered":"<div aria-labelledby=\"tab-title-description\" class=\"woocommerce-Tabs-panel woocommerce-Tabs-panel--description panel entry-content wc-tab\" id=\"tab-description\" role=\"tabpanel\" style=\"\">\n<h2>Description<\/h2>\n<div class=\"product__main\">\n<div class=\"product__sidebar product__sidebar--is-sticky\">\n<div class=\"inner-wrapper-sticky\">\n<div class=\"product__instagram\">\n<div class=\"product__instagram-content\"><\/div>\n<\/p><\/div>\n<\/p><\/div>\n<\/p><\/div>\n<\/p><\/div>\n<div class=\"product__content\">\n<div class=\"product__resume\"> D\u00e9couvrez Densitium bi-s\u00e9rum : 2 formules pour une concentration record en actifs dermatologiques anti-\u00e2ge. Lutte contre les 3 probl\u00e9matiques majeures des peaux matures : rel\u00e2chement cutan\u00e9, rides et s\u00e9cheresse avanc\u00e9e.Peaux matures. Visage et cou.<\/div>\n<div class=\"product__resume\">DENSITIUM BI-SERUM d\u00e9fie les lois de la gravit\u00e9 ! 2 formules pour une concentration record (45%) en actifs dermatologiques anti-\u00e2ge pour lutter contre les 3 probl\u00e9matiques majeures des peaux matures : rel\u00e2chement cutan\u00e9, rides et s\u00e9cheresse avanc\u00e9e. Son efficacit\u00e9 r\u00e9volutionnaire est visible en \u00e0 peine un mois d\u2019utilisation m\u00eame sur double menton<sup>(1)<\/sup>.<\/div>\n<\/p><\/div>\n<div><\/div>\n<div><strong><strong>Conseils d\u2019Utilisation : <\/strong> <\/strong><\/div>\n<div>\n<p>Appliquer matin et \/ ou soir seul ou avant votre soin quotidien.<\/p>\n<p>Pour une efficacit\u00e9 optimale chauffer le produit entre les mains puis appliquer-le sur l\u2019ensemble du visage et du cou en partant du centre vers l\u2019ext\u00e9rieur. Exercez des l\u00e9gers pincements sur l\u2019ovale du visage. Lisser les rides les plus marqu\u00e9es.<\/p>\n<\/p><\/div>\n<\/p><\/div>","protected":false},"excerpt":{"rendered":"<p>Highlights:S\u00e9rum double formule anti-\u00e2ge nutrition intense2x15ml \u2013 D\u00e9couvrez Densitium bi-s\u00e9rum : 2 formules pour une concentration record en actifs dermatologiques anti-\u00e2ge. Lutte contre les 3 probl\u00e9matiques majeures des peaux matures : rel\u00e2chement cutan\u00e9, rides et s\u00e9cheresse avanc\u00e9e.<\/p>","protected":false},"featured_media":5011,"comment_status":"open","ping_status":"closed","template":"","meta":[],"product_cat":[83],"product_tag":[],"yith_product_brand":[99],"class_list":{"0":"post-4925","1":"product","2":"type-product","3":"status-publish","4":"has-post-thumbnail","6":"product_cat-soins-visage","7":"yith_product_brand-svr","9":"first","10":"instock","11":"sale","12":"shipping-taxable","13":"purchasable","14":"product-type-simple"},"_links":{"self":[{"href":"https:\/\/parapharmacieenligne.ma\/en\/wp-json\/wp\/v2\/product\/4925","targetHints":{"allow":["GET"]}}],"collection":[{"href":"https:\/\/parapharmacieenligne.ma\/en\/wp-json\/wp\/v2\/product"}],"about":[{"href":"https:\/\/parapharmacieenligne.ma\/en\/wp-json\/wp\/v2\/types\/product"}],"replies":[{"embeddable":true,"href":"https:\/\/parapharmacieenligne.ma\/en\/wp-json\/wp\/v2\/comments?post=4925"}],"version-history":[{"count":1,"href":"https:\/\/parapharmacieenligne.ma\/en\/wp-json\/wp\/v2\/product\/4925\/revisions"}],"predecessor-version":[{"id":5012,"href":"https:\/\/parapharmacieenligne.ma\/en\/wp-json\/wp\/v2\/product\/4925\/revisions\/5012"}],"wp:featuredmedia":[{"embeddable":true,"href":"https:\/\/parapharmacieenligne.ma\/en\/wp-json\/wp\/v2\/media\/5011"}],"wp:attachment":[{"href":"https:\/\/parapharmacieenligne.ma\/en\/wp-json\/wp\/v2\/media?parent=4925"}],"wp:term":[{"taxonomy":"product_cat","embeddable":true,"href":"https:\/\/parapharmacieenligne.ma\/en\/wp-json\/wp\/v2\/product_cat?post=4925"},{"taxonomy":"product_tag","embeddable":true,"href":"https:\/\/parapharmacieenligne.ma\/en\/wp-json\/wp\/v2\/product_tag?post=4925"},{"taxonomy":"yith_product_brand","embeddable":true,"href":"https:\/\/parapharmacieenligne.ma\/en\/wp-json\/wp\/v2\/yith_product_brand?post=4925"}],"curies":[{"name":"wp","href":"https:\/\/api.w.org\/{rel}","templated":true}]}}