{"id":4942,"date":"2026-01-25T16:27:46","date_gmt":"2026-01-25T15:27:46","guid":{"rendered":"https:\/\/parapharmacieenligne.ma\/?post_type=product&#038;p=4942"},"modified":"2026-01-25T16:30:10","modified_gmt":"2026-01-25T15:30:10","slug":"svr-xerial-40-ongles-abimes-epaissis-pinceau-10-ml","status":"publish","type":"product","link":"https:\/\/parapharmacieenligne.ma\/en\/product\/svr-xerial-40-ongles-abimes-epaissis-pinceau-10-ml\/","title":{"rendered":"SVR XERIAL 40 Ongles ab\u00eem\u00e9s \u00e9paissis pinceau 10 ML"},"content":{"rendered":"<div aria-labelledby=\"tab-title-description\" class=\"woocommerce-Tabs-panel woocommerce-Tabs-panel--description panel entry-content wc-tab\" id=\"tab-description\" role=\"tabpanel\" style=\"\">\n<h2>Description<\/h2>\n<p>X\u00e9rial 40 Ongles est un gel qui lisse et diminue l\u2019\u00e9paississement de l\u2019ongle ab\u00eem\u00e9, d\u00e9doubl\u00e9, stri\u00e9 et le prot\u00e8ge des agressions ext\u00e9rieures.<\/p>\n<p>Pour ongles ab\u00eem\u00e9s et \u00e9paissis. D\u00e8s 3 ans.<\/p>\n<p>XERIAL 40 Ongles est un gel qui lisse et diminue l\u2019\u00e9paississement de l\u2019ongle ab\u00eem\u00e9, d\u00e9doubl\u00e9, stri\u00e9 et le prot\u00e8ge des agressions ext\u00e9rieures, gr\u00e2ce \u00e0 son brevet Technologie Ur\u00e9e Pure<sup>(1)<\/sup><\/p>\n<\/p>\n<p>Gel actif filmog\u00e8ne sp\u00e9cialement con\u00e7u pour une application sur l\u2019ongle.<\/p>\n<p>Utilisez 1 \u00e0 2 fois par jour sur les ongles des pieds ou des mains \u00e0 l\u2019aide du tube pinceau qui permet une application, rapide et pr\u00e9cise.<br \/>\n 1 tube = 1 traitement<sup>(2)<\/sup><br \/>\n Vous pouvez l\u2019utiliser seul ou en compl\u00e9ment des traitements dermatologiques locaux.<\/p>\n<p>Lire attentivement la notice.<\/p>\n<p>(2) 2 fois par jour sur les 10 ongles des pieds ou des mains durant 3 mois.<\/p>\n<\/p><\/div>","protected":false},"excerpt":{"rendered":"<p>Highlights:Gel r\u00e9parateur pour ongles ab\u00eem\u00e9s10ml \u2013 X\u00e9rial 40 Ongles est un gel qui lisse et diminue l\u2019\u00e9paississement de l\u2019ongle ab\u00eem\u00e9, d\u00e9doubl\u00e9, stri\u00e9 et le prot\u00e8ge des agressions ext\u00e9rieures.<\/p>","protected":false},"featured_media":5017,"comment_status":"open","ping_status":"closed","template":"","meta":[],"product_cat":[85],"product_tag":[],"yith_product_brand":[99],"class_list":{"0":"post-4942","1":"product","2":"type-product","3":"status-publish","4":"has-post-thumbnail","6":"product_cat-soins-corps","7":"yith_product_brand-svr","9":"first","10":"instock","11":"sale","12":"shipping-taxable","13":"purchasable","14":"product-type-simple"},"_links":{"self":[{"href":"https:\/\/parapharmacieenligne.ma\/en\/wp-json\/wp\/v2\/product\/4942","targetHints":{"allow":["GET"]}}],"collection":[{"href":"https:\/\/parapharmacieenligne.ma\/en\/wp-json\/wp\/v2\/product"}],"about":[{"href":"https:\/\/parapharmacieenligne.ma\/en\/wp-json\/wp\/v2\/types\/product"}],"replies":[{"embeddable":true,"href":"https:\/\/parapharmacieenligne.ma\/en\/wp-json\/wp\/v2\/comments?post=4942"}],"version-history":[{"count":1,"href":"https:\/\/parapharmacieenligne.ma\/en\/wp-json\/wp\/v2\/product\/4942\/revisions"}],"predecessor-version":[{"id":5018,"href":"https:\/\/parapharmacieenligne.ma\/en\/wp-json\/wp\/v2\/product\/4942\/revisions\/5018"}],"wp:featuredmedia":[{"embeddable":true,"href":"https:\/\/parapharmacieenligne.ma\/en\/wp-json\/wp\/v2\/media\/5017"}],"wp:attachment":[{"href":"https:\/\/parapharmacieenligne.ma\/en\/wp-json\/wp\/v2\/media?parent=4942"}],"wp:term":[{"taxonomy":"product_cat","embeddable":true,"href":"https:\/\/parapharmacieenligne.ma\/en\/wp-json\/wp\/v2\/product_cat?post=4942"},{"taxonomy":"product_tag","embeddable":true,"href":"https:\/\/parapharmacieenligne.ma\/en\/wp-json\/wp\/v2\/product_tag?post=4942"},{"taxonomy":"yith_product_brand","embeddable":true,"href":"https:\/\/parapharmacieenligne.ma\/en\/wp-json\/wp\/v2\/yith_product_brand?post=4942"}],"curies":[{"name":"wp","href":"https:\/\/api.w.org\/{rel}","templated":true}]}}