{"id":4944,"date":"2026-01-25T16:27:47","date_gmt":"2026-01-25T15:27:47","guid":{"rendered":"https:\/\/parapharmacieenligne.ma\/?post_type=product&#038;p=4944"},"modified":"2026-01-25T16:30:29","modified_gmt":"2026-01-25T15:30:29","slug":"svr-sun-secure-brume-spf50-200ml","status":"publish","type":"product","link":"https:\/\/parapharmacieenligne.ma\/en\/product\/svr-sun-secure-brume-spf50-200ml\/","title":{"rendered":"SVR SUN SECURE Brume SPF50 200ml"},"content":{"rendered":"<div aria-labelledby=\"tab-title-description\" class=\"woocommerce-Tabs-panel woocommerce-Tabs-panel--description panel entry-content wc-tab\" id=\"tab-description\" role=\"tabpanel\" style=\"\">\n<h2>Description<\/h2>\n<p>Test\u00e9 \u2013 Perturbateurs endocriniensSUN SECURE Brume SPF50<br \/>\n SUN SECURE Brume SPF50<br \/>\n Brume biod\u00e9gradable fra\u00eeche et invisible SPF50<br \/>\n SUN SECURE Brume SPF50 200ml | Protection solaire l\u00e9g\u00e8re et transparente. Facile \u00e0 appliquer.<br \/>\n 335.36 dh230.28 dh<br \/>\n Indisponible<br \/>\n INNOVATION SUN SECURE : SE PROT\u00c9GER EN TOUTE TRANSPARENCE<\/p>\n<p>UVB + UVA + VISIBLE + INFRAROUGES<br \/>\n Brevet(1) Sun Secure : 4 ann\u00e9es de recherche pour inventer l\u2019association filtrante id\u00e9ale qui d\u00e9livre \u00e0 la fois une haute protection solaire tout en respectant l\u2019environnement marin.<\/p>\n<p>SUN SECURE Brume SPF50 offre une haute protection dermatologique int\u00e9grant cette nouvelle association de filtre brevet\u00e9e(1) respectueuse de l\u2019environnement marin.<\/p>\n<p>Une texture l\u00e9g\u00e8re et ultra-fine pour une application facile et rapide. Imperceptible au toucher, elle laisse un fini totalement invisible, non gras et non collant. Sa fraicheur et son d\u00e9licat parfum d\u2019\u00e9t\u00e9 donnent envie d\u2019en r\u00e9appliquer encore et encore.<\/p>\n<p>R\u00e9siste \u00e0 l\u2019eau, \u00e0 la transpiration et aux frottements.<\/p>\n<p>Son plus ? SUN SECURE Brume SPF50 respecte l\u2019environnement marin. Elle a pass\u00e9 les tests de biod\u00e9gradabilit\u00e9 selon la norme OCDE 301F, ainsi que ceux d\u2019\u00e9co-toxicit\u00e9 sur des algues (ISO 10253) et sur des invert\u00e9br\u00e9s aquatiques (ISO 14669). Deux esp\u00e8ces appartenant \u00e0 la famille des zooplanctons et phytoplanctons, indispensables au bon d\u00e9veloppement des coraux.<\/p>\n<p>Pour en savoir sur nos tests c\u2019est par ici !<\/p>\n<p>EFFICACIT\u00c9* PROUV\u00c9E SOUS CONTR\u00d4LE DERMATOLOGIQUE<br \/>\n \u2022 100% Diffusion 360\u00b0 pratique<br \/>\n \u2022 100% P\u00e9n\u00e9tration rapide<br \/>\n \u2022 100% Texture imperceptible au toucher<br \/>\n \u2022 100% Peau hydrat\u00e9e et satin\u00e9e<\/p>\n<p><strong>Conseils d\u2019utilisation :<\/strong><\/p>\n<p>Appliquer g\u00e9n\u00e9reusement et uniform\u00e9ment avant l\u2019exposition. Renouveler fr\u00e9quemment l\u2019application pour maintenir la protection, surtout apr\u00e8s avoir transpir\u00e9, nag\u00e9 ou s\u2019\u00eatre essuy\u00e9. Vaporiser dans les mains avant d\u2019appliquer sur le visage. Eviter le contact avec les yeux.<\/p>\n<p>Pensez au tri lorsque votre produit est fini : \u2022 Le boitier est 100% recyclable et se met dans la poubelle de recyclage \u2022 Le diffuseur se d\u00e9clipse et selon les communes peut se mettre dans la poubelle de recyclage ou non<\/p>\n<\/p><\/div>","protected":false},"excerpt":{"rendered":"<p>Highlights:Eau solaire protectrice biod\u00e9gradable200ml \u2013 Peaux hypersensibles au soleil. Adultes et enfants \u00e0 partir de 3 ans. Visage et corps. La 1\u00e8re* eau solaire tr\u00e8s haute protection biod\u00e9gradable et respectueuse de l\u2019environnement marin !<\/p>","protected":false},"featured_media":5026,"comment_status":"open","ping_status":"closed","template":"","meta":[],"product_cat":[86],"product_tag":[],"yith_product_brand":[99],"class_list":{"0":"post-4944","1":"product","2":"type-product","3":"status-publish","4":"has-post-thumbnail","6":"product_cat-protection-solaire","7":"yith_product_brand-svr","9":"first","10":"instock","11":"sale","12":"shipping-taxable","13":"purchasable","14":"product-type-simple"},"_links":{"self":[{"href":"https:\/\/parapharmacieenligne.ma\/en\/wp-json\/wp\/v2\/product\/4944","targetHints":{"allow":["GET"]}}],"collection":[{"href":"https:\/\/parapharmacieenligne.ma\/en\/wp-json\/wp\/v2\/product"}],"about":[{"href":"https:\/\/parapharmacieenligne.ma\/en\/wp-json\/wp\/v2\/types\/product"}],"replies":[{"embeddable":true,"href":"https:\/\/parapharmacieenligne.ma\/en\/wp-json\/wp\/v2\/comments?post=4944"}],"version-history":[{"count":1,"href":"https:\/\/parapharmacieenligne.ma\/en\/wp-json\/wp\/v2\/product\/4944\/revisions"}],"predecessor-version":[{"id":5027,"href":"https:\/\/parapharmacieenligne.ma\/en\/wp-json\/wp\/v2\/product\/4944\/revisions\/5027"}],"wp:featuredmedia":[{"embeddable":true,"href":"https:\/\/parapharmacieenligne.ma\/en\/wp-json\/wp\/v2\/media\/5026"}],"wp:attachment":[{"href":"https:\/\/parapharmacieenligne.ma\/en\/wp-json\/wp\/v2\/media?parent=4944"}],"wp:term":[{"taxonomy":"product_cat","embeddable":true,"href":"https:\/\/parapharmacieenligne.ma\/en\/wp-json\/wp\/v2\/product_cat?post=4944"},{"taxonomy":"product_tag","embeddable":true,"href":"https:\/\/parapharmacieenligne.ma\/en\/wp-json\/wp\/v2\/product_tag?post=4944"},{"taxonomy":"yith_product_brand","embeddable":true,"href":"https:\/\/parapharmacieenligne.ma\/en\/wp-json\/wp\/v2\/yith_product_brand?post=4944"}],"curies":[{"name":"wp","href":"https:\/\/api.w.org\/{rel}","templated":true}]}}