{"id":4945,"date":"2026-01-25T16:27:47","date_gmt":"2026-01-25T15:27:47","guid":{"rendered":"https:\/\/parapharmacieenligne.ma\/?post_type=product&#038;p=4945"},"modified":"2026-01-25T16:30:32","modified_gmt":"2026-01-25T15:30:32","slug":"svr-collagen-biotic-creme-rebondissante-regenerante-50ml","status":"publish","type":"product","link":"https:\/\/parapharmacieenligne.ma\/en\/product\/svr-collagen-biotic-creme-rebondissante-regenerante-50ml\/","title":{"rendered":"SVR COLLAGEN Biotic Cr\u00e8me Rebondissante R\u00e9g\u00e9n\u00e9rante 50ml"},"content":{"rendered":"<div aria-labelledby=\"tab-title-description\" class=\"woocommerce-Tabs-panel woocommerce-Tabs-panel--description panel entry-content wc-tab\" id=\"tab-description\" role=\"tabpanel\" style=\"\">\n<h2>Description<\/h2>\n<p>COLLAGEN Biotic 50ml | Une peau rebondie et repulp\u00e9e d\u00e8s 28 jours. 4 actifs pour r\u00e9g\u00e9n\u00e9rer votre peau : des probiotiques pasteuris\u00e9s, de la vitamine C stabilis\u00e9e, de l\u2019acide hyaluronique et un collag\u00e8ne d\u2019origine v\u00e9g\u00e9tale, v\u00e9gan et biod\u00e9gradable.<\/p>\n<p><strong>Efficacit\u00e9 d\u00e8s 28 jours* :<\/strong><br \/>\n \u2022 + 31 % peau repulp\u00e9e<br \/>\n \u2022 +20% peau plus ferme<br \/>\n \u2022 +28,9% peau plus lisse<\/p>\n<p><strong>Vous \u00eates convaincu.e.s :<\/strong><br \/>\n \u2022 100% peau liss\u00e9e<br \/>\n \u2022 95% peau plus \u00e9lastique<br \/>\n \u2022 95% peau r\u00e9g\u00e9n\u00e9r\u00e9e<br \/>\n \u2022 91% peau d\u00e9fatigu\u00e9e<\/p>\n<p><strong>Conseils d\u2019utilisation : <\/strong><\/p>\n<div class=\"product product--template\" data-enable-history-state=\"true\" data-section-id=\"\" data-section-type=\"product\">\n<div class=\"container\">\n<div class=\"product__content\">\n<div class=\"product__tab expanded\" data-drawer-container=\"\">\n<div class=\"product__tab-content\" data-drawer-content=\"\">\n<p>Appliquer matin et\/ou soir, au quotidien sur peau propre et s\u00e8che.<\/p>\n<\/p><\/div>\n<\/p><\/div>\n<\/p><\/div>\n<\/p><\/div>\n<\/p><\/div>\n<section class=\"shopify-section section section--nosto-products\" id=\"shopify-section-product-nosto-recommandation\">\n<div class=\"nosto_element js-nosto-placement-section is-loaded\" data-section-id=\"product-nosto-recommandation\" id=\"custom-placement-2\">\n<div class=\"container\">\n<div class=\"section__header\"><\/div>\n<\/p><\/div>\n<\/p><\/div>\n<\/section><\/div>","protected":false},"excerpt":{"rendered":"<p>Highlights:COLLAGEN Biotic 50ml | Une peau rebondie et repulp\u00e9e d\u00e8s 28 jours. 4 actifs pour r\u00e9g\u00e9n\u00e9rer votre peau : des probiotiques pasteuris\u00e9s, de la vitamine C stabilis\u00e9e, de l\u2019acide hyaluronique et un collag\u00e8ne d\u2019origine v\u00e9g\u00e9tale, v\u00e9gan et biod\u00e9gradable.<\/p>","protected":false},"featured_media":5028,"comment_status":"open","ping_status":"closed","template":"","meta":[],"product_cat":[83],"product_tag":[],"yith_product_brand":[99],"class_list":{"0":"post-4945","1":"product","2":"type-product","3":"status-publish","4":"has-post-thumbnail","6":"product_cat-soins-visage","7":"yith_product_brand-svr","9":"first","10":"instock","11":"sale","12":"shipping-taxable","13":"purchasable","14":"product-type-simple"},"_links":{"self":[{"href":"https:\/\/parapharmacieenligne.ma\/en\/wp-json\/wp\/v2\/product\/4945","targetHints":{"allow":["GET"]}}],"collection":[{"href":"https:\/\/parapharmacieenligne.ma\/en\/wp-json\/wp\/v2\/product"}],"about":[{"href":"https:\/\/parapharmacieenligne.ma\/en\/wp-json\/wp\/v2\/types\/product"}],"replies":[{"embeddable":true,"href":"https:\/\/parapharmacieenligne.ma\/en\/wp-json\/wp\/v2\/comments?post=4945"}],"version-history":[{"count":1,"href":"https:\/\/parapharmacieenligne.ma\/en\/wp-json\/wp\/v2\/product\/4945\/revisions"}],"predecessor-version":[{"id":5029,"href":"https:\/\/parapharmacieenligne.ma\/en\/wp-json\/wp\/v2\/product\/4945\/revisions\/5029"}],"wp:featuredmedia":[{"embeddable":true,"href":"https:\/\/parapharmacieenligne.ma\/en\/wp-json\/wp\/v2\/media\/5028"}],"wp:attachment":[{"href":"https:\/\/parapharmacieenligne.ma\/en\/wp-json\/wp\/v2\/media?parent=4945"}],"wp:term":[{"taxonomy":"product_cat","embeddable":true,"href":"https:\/\/parapharmacieenligne.ma\/en\/wp-json\/wp\/v2\/product_cat?post=4945"},{"taxonomy":"product_tag","embeddable":true,"href":"https:\/\/parapharmacieenligne.ma\/en\/wp-json\/wp\/v2\/product_tag?post=4945"},{"taxonomy":"yith_product_brand","embeddable":true,"href":"https:\/\/parapharmacieenligne.ma\/en\/wp-json\/wp\/v2\/yith_product_brand?post=4945"}],"curies":[{"name":"wp","href":"https:\/\/api.w.org\/{rel}","templated":true}]}}