{"id":4946,"date":"2026-01-25T16:27:47","date_gmt":"2026-01-25T15:27:47","guid":{"rendered":"https:\/\/parapharmacieenligne.ma\/?post_type=product&#038;p=4946"},"modified":"2026-01-25T16:30:34","modified_gmt":"2026-01-25T15:30:34","slug":"svr-densitium-baume-nuit-50ml","status":"publish","type":"product","link":"https:\/\/parapharmacieenligne.ma\/en\/product\/svr-densitium-baume-nuit-50ml\/","title":{"rendered":"SVR Densitium Baume Nuit 50ml"},"content":{"rendered":"<div aria-labelledby=\"tab-title-description\" class=\"woocommerce-Tabs-panel woocommerce-Tabs-panel--description panel entry-content wc-tab\" id=\"tab-description\" role=\"tabpanel\" style=\"\">\n<h2>Description<\/h2>\n<p>Peau mature normale \u00e0 s\u00e8che. Visage et cou.<\/p>\n<p>DENSITIUM CREME r\u00e9v\u00e8le la jeunesse des traits. Sa formule raffermissante renforce la peau, r\u00e9duit visiblement les rides et remod\u00e8le l\u2019ovale du visage. Sa texture l\u00e9g\u00e8re et riche, conjugue confort et effet fra\u00eecheur imm\u00e9diat.<\/p>\n<p><strong>Conseils d\u2019utilisation :<\/strong><\/p>\n<p>Appliquer le soir sur l\u2019ensemble du visage et du cou. Masser pour d\u00e9tendre les traits et vous offrir un moment de d\u00e9tente.<\/p>\n<\/p><\/div>","protected":false},"excerpt":{"rendered":"<p>Highlights:R\u00e9paration globale, r\u00e9g\u00e9n\u00e9ration intense50ml \u2013 Rides install\u00e9es, taches, fermet\u00e9. Tous types de peau. Visage et cou.<\/p>","protected":false},"featured_media":5030,"comment_status":"open","ping_status":"closed","template":"","meta":[],"product_cat":[83],"product_tag":[],"yith_product_brand":[99],"class_list":{"0":"post-4946","1":"product","2":"type-product","3":"status-publish","4":"has-post-thumbnail","6":"product_cat-soins-visage","7":"yith_product_brand-svr","9":"first","10":"instock","11":"sale","12":"shipping-taxable","13":"purchasable","14":"product-type-simple"},"_links":{"self":[{"href":"https:\/\/parapharmacieenligne.ma\/en\/wp-json\/wp\/v2\/product\/4946","targetHints":{"allow":["GET"]}}],"collection":[{"href":"https:\/\/parapharmacieenligne.ma\/en\/wp-json\/wp\/v2\/product"}],"about":[{"href":"https:\/\/parapharmacieenligne.ma\/en\/wp-json\/wp\/v2\/types\/product"}],"replies":[{"embeddable":true,"href":"https:\/\/parapharmacieenligne.ma\/en\/wp-json\/wp\/v2\/comments?post=4946"}],"version-history":[{"count":1,"href":"https:\/\/parapharmacieenligne.ma\/en\/wp-json\/wp\/v2\/product\/4946\/revisions"}],"predecessor-version":[{"id":5031,"href":"https:\/\/parapharmacieenligne.ma\/en\/wp-json\/wp\/v2\/product\/4946\/revisions\/5031"}],"wp:featuredmedia":[{"embeddable":true,"href":"https:\/\/parapharmacieenligne.ma\/en\/wp-json\/wp\/v2\/media\/5030"}],"wp:attachment":[{"href":"https:\/\/parapharmacieenligne.ma\/en\/wp-json\/wp\/v2\/media?parent=4946"}],"wp:term":[{"taxonomy":"product_cat","embeddable":true,"href":"https:\/\/parapharmacieenligne.ma\/en\/wp-json\/wp\/v2\/product_cat?post=4946"},{"taxonomy":"product_tag","embeddable":true,"href":"https:\/\/parapharmacieenligne.ma\/en\/wp-json\/wp\/v2\/product_tag?post=4946"},{"taxonomy":"yith_product_brand","embeddable":true,"href":"https:\/\/parapharmacieenligne.ma\/en\/wp-json\/wp\/v2\/yith_product_brand?post=4946"}],"curies":[{"name":"wp","href":"https:\/\/api.w.org\/{rel}","templated":true}]}}