{"id":4959,"date":"2026-01-25T16:28:18","date_gmt":"2026-01-25T15:28:18","guid":{"rendered":"https:\/\/parapharmacieenligne.ma\/?post_type=product&#038;p=4959"},"modified":"2026-01-25T16:30:44","modified_gmt":"2026-01-25T15:30:44","slug":"svr-sensifine-ar-creme-teinte-40ml","status":"publish","type":"product","link":"https:\/\/parapharmacieenligne.ma\/en\/product\/svr-sensifine-ar-creme-teinte-40ml\/","title":{"rendered":"Svr Sensifine AR creme Teinte 40ml"},"content":{"rendered":"<div aria-labelledby=\"tab-title-description\" class=\"woocommerce-Tabs-panel woocommerce-Tabs-panel--description panel entry-content wc-tab\" id=\"tab-description\" role=\"tabpanel\" style=\"\">\n<h2>Description<\/h2>\n<p>Les peaux \u00e0 tendance <strong>couperosique <\/strong>affichent g\u00e9n\u00e9ralement des rougeurs, parfois difficiles \u00e0 dissimuler. Aussi connue sous le nom de <strong>rosac\u00e9e<\/strong>, la couperose est un affection de la peau : des plaques rouges se manifestent sur le visage et plus particuli\u00e8rement au niveau du nez, des joues, du front et du menton. Cette anomalie vasculaire touche principalement les femmes et peut rapidement devenir handicapante au quotidien. Il est donc important de choisir un <strong>soin visage<\/strong> adapt\u00e9.<\/p>\n<p>Les Laboratoires SVR ont d\u00e9velopp\u00e9 la <strong>cr\u00e8me teint\u00e9e unifiante anti-rougeurs <\/strong>pour r\u00e9pondre aux besoins de ces types de peaux. Gr\u00e2ce \u00e0 sa formule enrichie en pigments naturels, cette cr\u00e8me teint\u00e9e <strong>apaise <\/strong>et <strong>estompe <\/strong>les rougeurs pour vous offrir un <strong>teint unifi\u00e9 <\/strong>pendant huit heures.<\/p>\n<h2>B\u00c9N\u00c9FICES DE CETTE CR\u00c8ME TEINT\u00c9E<\/h2>\n<p>Cette cr\u00e8me teint\u00e9e unifiante anti-rougeurs se compose de :<\/p>\n<ul>\n<li>Un extrait de r\u00e9glisse : il permet d\u2019<strong>apaiser<\/strong> et de <strong>d\u00e9congestionner <\/strong>la peau.<\/li>\n<li>Du squalane v\u00e9g\u00e9tal : il apporte \u00e0 la peau toutes ses <strong>propri\u00e9t\u00e9s hydratantes<\/strong>.<\/li>\n<li>De l\u2019Endoth\u00e9lyol : il agit sur la couperose en <strong>apaisant <\/strong>les rougeurs.<\/li>\n<li>Des pigments naturels : ils agissent sur l\u2019<strong>uniformit\u00e9 du teint<\/strong> tout en garantissant un fini naturel.<\/li>\n<\/ul><\/div>","protected":false},"excerpt":{"rendered":"<p>Highlights:La cr\u00e8me teint\u00e9e anti-rougeurs SVR est un soin unifiant et apaisant sp\u00e9cialement con\u00e7u pour les peaux \u00e0 tendance couperosique.<\/p>","protected":false},"featured_media":5036,"comment_status":"open","ping_status":"closed","template":"","meta":[],"product_cat":[83],"product_tag":[],"yith_product_brand":[99],"class_list":{"0":"post-4959","1":"product","2":"type-product","3":"status-publish","4":"has-post-thumbnail","6":"product_cat-soins-visage","7":"yith_product_brand-svr","9":"first","10":"instock","11":"sale","12":"shipping-taxable","13":"purchasable","14":"product-type-simple"},"_links":{"self":[{"href":"https:\/\/parapharmacieenligne.ma\/en\/wp-json\/wp\/v2\/product\/4959","targetHints":{"allow":["GET"]}}],"collection":[{"href":"https:\/\/parapharmacieenligne.ma\/en\/wp-json\/wp\/v2\/product"}],"about":[{"href":"https:\/\/parapharmacieenligne.ma\/en\/wp-json\/wp\/v2\/types\/product"}],"replies":[{"embeddable":true,"href":"https:\/\/parapharmacieenligne.ma\/en\/wp-json\/wp\/v2\/comments?post=4959"}],"version-history":[{"count":1,"href":"https:\/\/parapharmacieenligne.ma\/en\/wp-json\/wp\/v2\/product\/4959\/revisions"}],"predecessor-version":[{"id":5037,"href":"https:\/\/parapharmacieenligne.ma\/en\/wp-json\/wp\/v2\/product\/4959\/revisions\/5037"}],"wp:featuredmedia":[{"embeddable":true,"href":"https:\/\/parapharmacieenligne.ma\/en\/wp-json\/wp\/v2\/media\/5036"}],"wp:attachment":[{"href":"https:\/\/parapharmacieenligne.ma\/en\/wp-json\/wp\/v2\/media?parent=4959"}],"wp:term":[{"taxonomy":"product_cat","embeddable":true,"href":"https:\/\/parapharmacieenligne.ma\/en\/wp-json\/wp\/v2\/product_cat?post=4959"},{"taxonomy":"product_tag","embeddable":true,"href":"https:\/\/parapharmacieenligne.ma\/en\/wp-json\/wp\/v2\/product_tag?post=4959"},{"taxonomy":"yith_product_brand","embeddable":true,"href":"https:\/\/parapharmacieenligne.ma\/en\/wp-json\/wp\/v2\/yith_product_brand?post=4959"}],"curies":[{"name":"wp","href":"https:\/\/api.w.org\/{rel}","templated":true}]}}