{"id":4977,"date":"2026-01-25T16:28:45","date_gmt":"2026-01-25T15:28:45","guid":{"rendered":"https:\/\/parapharmacieenligne.ma\/?post_type=product&#038;p=4977"},"modified":"2026-01-25T16:31:36","modified_gmt":"2026-01-25T15:31:36","slug":"svr-ampoule-refresh-15ml","status":"publish","type":"product","link":"https:\/\/parapharmacieenligne.ma\/en\/product\/svr-ampoule-refresh-15ml\/","title":{"rendered":"SVR Ampoule Refresh 15ml"},"content":{"rendered":"<div aria-labelledby=\"tab-title-description\" class=\"woocommerce-Tabs-panel woocommerce-Tabs-panel--description panel entry-content wc-tab\" id=\"tab-description\" role=\"tabpanel\" style=\"\">\n<h2>Description<\/h2>\n<p>Ce s\u00e9rum matinal ultra-frais va r\u00e9veiller, tonifier et lisser le contour des yeux.<\/p>\n<p>Sa formule, enrichie en caf\u00e9ine, stimule le regard, favorise la micro-circulation et d\u00e9congestionne pour agir sur les cernes et les poches. Enrichie en peptides et acide hyaluronique, le contour des yeux est liss\u00e9, raffermi et hydrat\u00e9, pr\u00eat pour affronter la journ\u00e9e. Son vrai plus, son packaging innovant ! Sa pipette massante m\u00e9tallique permet de d\u00e9livrer le produit sur la zone souhait\u00e9e et de masser avec un effet frais imm\u00e9diat pour maximiser l\u2019efficacit\u00e9 anti-poches, anti-cernes.<\/p>\n<p>Fini les yeux bouffis et cern\u00e9s au r\u00e9veil, le regard est frais, r\u00e9veill\u00e9 et liss\u00e9.<\/p>\n<div class=\"product__content\">\n<div class=\"product__tab expanded\" data-drawer-container=\"\">\n<div class=\"product__tab-content\" data-drawer-content=\"\">\n<p><strong>\u2022 2% Caf\u00e9ine v\u00e9g\u00e9tale<\/strong>: D\u00e9fatigue et tonifie le regard, les cernes sont nettement r\u00e9duites.<br \/>\n <strong>\u2022 2% Peptides<\/strong> : Lissent la peau, d\u00e9tendent les traits.<br \/>\n <strong>\u2022 Acide Hyaluronique :<\/strong> De moyen poids mol\u00e9culaire il hydrate le contour de l\u2019\u0153il, les rides et ridules sont visiblement liss\u00e9es.<\/p>\n<p><strong>INNOVATION Packaging<\/strong> : Pipette avec embout massant m\u00e9tallique. L\u2019effet gla\u00e7on imm\u00e9diat et les massages permettent de maximiser l\u2019efficacit\u00e9 d\u00e9congestionnante.<\/p>\n<p>Test\u00e9 sous contr\u00f4le dermatologique et ophtalmologique. Convient aux porteurs de lentilles.<\/p>\n<p><strong>INCI: <\/strong>LAB19.04\/D.01 \u2013 INGREDIENTS : AQUA\/WATER\/EAU, GLYCERIN, PROPYLENE GLYCOL, CAFFEINE, ISONONYL ISONONANOATE, PROPANEDIOL, PENTYLENE GLYCOL, 1,2-HEXANEDIOL, SODIUM POLYACRYLATE STARCH, CAPRYLYL GLYCOL, ACRYLATES\/C10-30 ALKYL ACRYLATE CROSSPOLYMER, FUCUS VESICULOSUS EXTRACT, CITRIC ACID, SODIUM HYALURONATE, HEXYLENE GLYCOL, XANTHAN GUM, DIPEPTIDE DIAMINOBUTYROYL BENZYLAMIDE DIACETATE<\/p>\n<p>La liste des ingr\u00e9dients peut \u00eatre soumise \u00e0 des modifications, nous vous conseillons de v\u00e9rifier la liste figurant sur le produit achet\u00e9.<\/p>\n<\/p><\/div>\n<\/p><\/div>\n<div class=\"product__tab expanded\" data-drawer-container=\"\">\n<h2 class=\"product__tab-header\" data-drawer-header=\"\">Comment l\u2019utiliser ?<\/h2>\n<div class=\"product__tab-content\" data-drawer-content=\"\">\n<p>Pr\u00e9lever une petite quantit\u00e9 de s\u00e9rum avec la pipette, appliquer sur le contour de l\u2019\u0153il non irrit\u00e9, puis masser avec l\u2019embout m\u00e9tallique. Vous pouvez terminer le geste avec le bout des doigts pour finir de faire p\u00e9n\u00e9trer le soin. Ne pas appliquer dans l\u2019\u0153il.<\/p>\n<p>Pour maximiser l\u2019efficacit\u00e9 de l\u2019ampoule, n\u2019h\u00e9sitez pas \u00e0 appliquer les gestes d\u2019automassages.<\/p>\n<\/p><\/div>\n<\/p><\/div>\n<\/p><\/div>\n<\/p><\/div>","protected":false},"excerpt":{"rendered":"<p>Highlights:Concentr\u00e9 yeux, lisse, tonifie15ml \u2013 Pour tous les contours des yeux sensibles, d\u00e8s les premiers signes de l\u2019\u00e2ge. Convient aux porteurs de lentilles.<\/p>","protected":false},"featured_media":5055,"comment_status":"open","ping_status":"closed","template":"","meta":[],"product_cat":[83],"product_tag":[],"yith_product_brand":[99],"class_list":{"0":"post-4977","1":"product","2":"type-product","3":"status-publish","4":"has-post-thumbnail","6":"product_cat-soins-visage","7":"yith_product_brand-svr","9":"first","10":"instock","11":"sale","12":"shipping-taxable","13":"purchasable","14":"product-type-simple"},"_links":{"self":[{"href":"https:\/\/parapharmacieenligne.ma\/en\/wp-json\/wp\/v2\/product\/4977","targetHints":{"allow":["GET"]}}],"collection":[{"href":"https:\/\/parapharmacieenligne.ma\/en\/wp-json\/wp\/v2\/product"}],"about":[{"href":"https:\/\/parapharmacieenligne.ma\/en\/wp-json\/wp\/v2\/types\/product"}],"replies":[{"embeddable":true,"href":"https:\/\/parapharmacieenligne.ma\/en\/wp-json\/wp\/v2\/comments?post=4977"}],"version-history":[{"count":1,"href":"https:\/\/parapharmacieenligne.ma\/en\/wp-json\/wp\/v2\/product\/4977\/revisions"}],"predecessor-version":[{"id":5056,"href":"https:\/\/parapharmacieenligne.ma\/en\/wp-json\/wp\/v2\/product\/4977\/revisions\/5056"}],"wp:featuredmedia":[{"embeddable":true,"href":"https:\/\/parapharmacieenligne.ma\/en\/wp-json\/wp\/v2\/media\/5055"}],"wp:attachment":[{"href":"https:\/\/parapharmacieenligne.ma\/en\/wp-json\/wp\/v2\/media?parent=4977"}],"wp:term":[{"taxonomy":"product_cat","embeddable":true,"href":"https:\/\/parapharmacieenligne.ma\/en\/wp-json\/wp\/v2\/product_cat?post=4977"},{"taxonomy":"product_tag","embeddable":true,"href":"https:\/\/parapharmacieenligne.ma\/en\/wp-json\/wp\/v2\/product_tag?post=4977"},{"taxonomy":"yith_product_brand","embeddable":true,"href":"https:\/\/parapharmacieenligne.ma\/en\/wp-json\/wp\/v2\/yith_product_brand?post=4977"}],"curies":[{"name":"wp","href":"https:\/\/api.w.org\/{rel}","templated":true}]}}