{"id":4978,"date":"2026-01-25T16:28:45","date_gmt":"2026-01-25T15:28:45","guid":{"rendered":"https:\/\/parapharmacieenligne.ma\/?post_type=product&#038;p=4978"},"modified":"2026-01-25T16:31:42","modified_gmt":"2026-01-25T15:31:42","slug":"svr-ampoule-relax-serum-yeux-relax-ampoule-nuit-15ml","status":"publish","type":"product","link":"https:\/\/parapharmacieenligne.ma\/en\/product\/svr-ampoule-relax-serum-yeux-relax-ampoule-nuit-15ml\/","title":{"rendered":"SVR Ampoule Relax Serum Yeux Relax Ampoule Nuit 15ml"},"content":{"rendered":"<div aria-labelledby=\"tab-title-description\" class=\"woocommerce-Tabs-panel woocommerce-Tabs-panel--description panel entry-content wc-tab\" id=\"tab-description\" role=\"tabpanel\" style=\"\">\n<h2>Description<\/h2>\n<p>Ce s\u00e9rum ol\u00e9o-gel nocturne va apaiser, d\u00e9tendre et favoriser la r\u00e9g\u00e9n\u00e9ration du contour des yeux.<\/p>\n<p>Sa formule exclusive, enrichie en Gaba, agit comme un relaxant cutan\u00e9 pour d\u00e9froisser et tonifier la peau, le regard est d\u00e9tendu et les rides et ridules visiblement liss\u00e9es. Compl\u00e9t\u00e9e par un post-biotique, cette formule associ\u00e9e au massage va favoriser la microcirculation pour corriger significativement cernes et poches. Son vrai plus, son packaging innovant ! Sa pipette massante permet de d\u00e9livrer le produit sur la zone souhait\u00e9e et de masser avec un effet r\u00e9confortant imm\u00e9diat pour maximiser l\u2019efficacit\u00e9 relaxante.<\/p>\n<p>Fini les yeux fatigu\u00e9s et les rides marqu\u00e9es au r\u00e9veil, le regard est r\u00e9g\u00e9n\u00e9r\u00e9, repos\u00e9 et liss\u00e9 comme apr\u00e8s une longue nuit de sommeil r\u00e9parateur.<\/p>\n<p><strong>EFFICACIT\u00c9 PROUV\u00c9E SUR LE CONTOUR DES YEUX SENSIBLES :<\/strong><\/p>\n<p><span style=\"font-family: arial, helvetica, sans-serif\">\u2022 -15% r\u00e9duit la surface et la couleur des cernes <sup>(1)<\/sup><\/span><br \/>\n <span style=\"font-family: arial, helvetica, sans-serif\">\u2022 -14% r\u00e9duit les poches<sup>(1)<\/sup><\/span><br \/>\n <span style=\"font-family: arial, helvetica, sans-serif\">\u2022 -17% r\u00e9duit les rides de la patte d\u2019oie<sup>(1)<\/sup><\/span><br \/>\n <span style=\"font-family: arial, helvetica, sans-serif\">\u2022 +23% lisse le regard<sup>(2)<\/sup><\/span><\/p>\n<p><strong>Conseils d\u2019utilisation :<\/strong><\/p>\n<p>Le soir, sur peau propre et s\u00e8che, pr\u00e9lever une petite quantit\u00e9 de s\u00e9rum avec la pipette, appliquer sur le contour de l\u2019\u0153il, puis masser avec l\u2019embout lisse. Vous pouvez terminer le geste avec le bout des doigts pour finir de faire p\u00e9n\u00e9trer le soin. Ne pas appliquer dans l\u2019\u0153il.<\/p>\n<p>Pour maximiser l\u2019efficacit\u00e9 de l\u2019ampoule, n\u2019h\u00e9sitez pas \u00e0 appliquer les gestes d\u2019automassages.<\/p>\n<\/p><\/div>","protected":false},"excerpt":{"rendered":"<p>Highlights:Concentr\u00e9 yeux, r\u00e9g\u00e9n\u00e8re, d\u00e9fatigue15ml \u2013 Pour tous les contours des yeux sensibles, d\u00e8s les premiers signes de l\u2019\u00e2ge. Convient aux porteurs de lentilles.<\/p>","protected":false},"featured_media":5057,"comment_status":"open","ping_status":"closed","template":"","meta":[],"product_cat":[83],"product_tag":[],"yith_product_brand":[99],"class_list":{"0":"post-4978","1":"product","2":"type-product","3":"status-publish","4":"has-post-thumbnail","6":"product_cat-soins-visage","7":"yith_product_brand-svr","9":"first","10":"instock","11":"sale","12":"shipping-taxable","13":"purchasable","14":"product-type-simple"},"_links":{"self":[{"href":"https:\/\/parapharmacieenligne.ma\/en\/wp-json\/wp\/v2\/product\/4978","targetHints":{"allow":["GET"]}}],"collection":[{"href":"https:\/\/parapharmacieenligne.ma\/en\/wp-json\/wp\/v2\/product"}],"about":[{"href":"https:\/\/parapharmacieenligne.ma\/en\/wp-json\/wp\/v2\/types\/product"}],"replies":[{"embeddable":true,"href":"https:\/\/parapharmacieenligne.ma\/en\/wp-json\/wp\/v2\/comments?post=4978"}],"version-history":[{"count":1,"href":"https:\/\/parapharmacieenligne.ma\/en\/wp-json\/wp\/v2\/product\/4978\/revisions"}],"predecessor-version":[{"id":5058,"href":"https:\/\/parapharmacieenligne.ma\/en\/wp-json\/wp\/v2\/product\/4978\/revisions\/5058"}],"wp:featuredmedia":[{"embeddable":true,"href":"https:\/\/parapharmacieenligne.ma\/en\/wp-json\/wp\/v2\/media\/5057"}],"wp:attachment":[{"href":"https:\/\/parapharmacieenligne.ma\/en\/wp-json\/wp\/v2\/media?parent=4978"}],"wp:term":[{"taxonomy":"product_cat","embeddable":true,"href":"https:\/\/parapharmacieenligne.ma\/en\/wp-json\/wp\/v2\/product_cat?post=4978"},{"taxonomy":"product_tag","embeddable":true,"href":"https:\/\/parapharmacieenligne.ma\/en\/wp-json\/wp\/v2\/product_tag?post=4978"},{"taxonomy":"yith_product_brand","embeddable":true,"href":"https:\/\/parapharmacieenligne.ma\/en\/wp-json\/wp\/v2\/yith_product_brand?post=4978"}],"curies":[{"name":"wp","href":"https:\/\/api.w.org\/{rel}","templated":true}]}}