{"id":4979,"date":"2026-01-25T16:28:45","date_gmt":"2026-01-25T15:28:45","guid":{"rendered":"https:\/\/parapharmacieenligne.ma\/?post_type=product&#038;p=4979"},"modified":"2026-01-25T16:31:45","modified_gmt":"2026-01-25T15:31:45","slug":"svr-hydracid-c20-30ml","status":"publish","type":"product","link":"https:\/\/parapharmacieenligne.ma\/en\/product\/svr-hydracid-c20-30ml\/","title":{"rendered":"Svr Hydracid C20 30ml"},"content":{"rendered":"<div aria-labelledby=\"tab-title-description\" class=\"woocommerce-Tabs-panel woocommerce-Tabs-panel--description panel entry-content wc-tab\" id=\"tab-description\" role=\"tabpanel\" style=\"\">\n<h2>Description<\/h2>\n<p>30ml \u2013 Hydracid C20 Cr\u00e8me illumine imm\u00e9diatement la peau gr\u00e2ce \u00e0 sa concentration \u00e0 20% de vitamine C qui r\u00e9v\u00e8le l\u2019\u00e9clat du teint et limite la formation des rides.<\/p>\n<p>HYDRACID C20 dope vote peau. Un gel cr\u00e8me sur concentr\u00e9 en Vitamine C et Acide Hyaluronique pour \u00e9nergiser les peaux fatigu\u00e9es, les teints brouill\u00e9s et froiss\u00e9s. La peau est lisse, homog\u00e8ne et lumineuse. Comme on l\u2019aime !<\/p>\n<\/p><\/div>","protected":false},"excerpt":{"rendered":"<p>Highlights:Concentr\u00e9 \u00e9clat anti-rides anti-oxydant30ml \u2013 Hydracid C20 Cr\u00e8me illumine imm\u00e9diatement la peau gr\u00e2ce \u00e0 sa concentration \u00e0 20% de vitamine C qui r\u00e9v\u00e8le l\u2019\u00e9clat du teint et limite la formation des rides.<\/p>","protected":false},"featured_media":5059,"comment_status":"open","ping_status":"closed","template":"","meta":[],"product_cat":[83],"product_tag":[],"yith_product_brand":[99],"class_list":{"0":"post-4979","1":"product","2":"type-product","3":"status-publish","4":"has-post-thumbnail","6":"product_cat-soins-visage","7":"yith_product_brand-svr","9":"first","10":"instock","11":"sale","12":"shipping-taxable","13":"purchasable","14":"product-type-simple"},"_links":{"self":[{"href":"https:\/\/parapharmacieenligne.ma\/en\/wp-json\/wp\/v2\/product\/4979","targetHints":{"allow":["GET"]}}],"collection":[{"href":"https:\/\/parapharmacieenligne.ma\/en\/wp-json\/wp\/v2\/product"}],"about":[{"href":"https:\/\/parapharmacieenligne.ma\/en\/wp-json\/wp\/v2\/types\/product"}],"replies":[{"embeddable":true,"href":"https:\/\/parapharmacieenligne.ma\/en\/wp-json\/wp\/v2\/comments?post=4979"}],"version-history":[{"count":1,"href":"https:\/\/parapharmacieenligne.ma\/en\/wp-json\/wp\/v2\/product\/4979\/revisions"}],"predecessor-version":[{"id":5060,"href":"https:\/\/parapharmacieenligne.ma\/en\/wp-json\/wp\/v2\/product\/4979\/revisions\/5060"}],"wp:featuredmedia":[{"embeddable":true,"href":"https:\/\/parapharmacieenligne.ma\/en\/wp-json\/wp\/v2\/media\/5059"}],"wp:attachment":[{"href":"https:\/\/parapharmacieenligne.ma\/en\/wp-json\/wp\/v2\/media?parent=4979"}],"wp:term":[{"taxonomy":"product_cat","embeddable":true,"href":"https:\/\/parapharmacieenligne.ma\/en\/wp-json\/wp\/v2\/product_cat?post=4979"},{"taxonomy":"product_tag","embeddable":true,"href":"https:\/\/parapharmacieenligne.ma\/en\/wp-json\/wp\/v2\/product_tag?post=4979"},{"taxonomy":"yith_product_brand","embeddable":true,"href":"https:\/\/parapharmacieenligne.ma\/en\/wp-json\/wp\/v2\/yith_product_brand?post=4979"}],"curies":[{"name":"wp","href":"https:\/\/api.w.org\/{rel}","templated":true}]}}