{"id":4991,"date":"2026-01-25T16:29:21","date_gmt":"2026-01-25T15:29:21","guid":{"rendered":"https:\/\/parapharmacieenligne.ma\/?post_type=product&#038;p=4991"},"modified":"2026-01-25T16:31:58","modified_gmt":"2026-01-25T15:31:58","slug":"svr-xerial-fissures-crevasses-50ml","status":"publish","type":"product","link":"https:\/\/parapharmacieenligne.ma\/en\/product\/svr-xerial-fissures-crevasses-50ml\/","title":{"rendered":"Svr Xerial Fissures &#038; Crevasses 50Ml"},"content":{"rendered":"<div aria-labelledby=\"tab-title-description\" class=\"woocommerce-Tabs-panel woocommerce-Tabs-panel--description panel entry-content wc-tab\" id=\"tab-description\" role=\"tabpanel\" style=\"\">\n<h2>Description<\/h2>\n<h3>Un soin r\u00e9parateur qui pr\u00e9serve et soutient la barri\u00e8re cutan\u00e9e<\/h3>\n<p>Lorsqu\u2019elles sont soumises \u00e0 des conditions climatiques difficiles, les peaux des extr\u00e9mit\u00e9s comme les mains ou les pieds peuvent souffrir de ger\u00e7ures et de tiraillements. La <strong>cr\u00e8me pour les mains<\/strong> et les <strong>pieds secs<\/strong> permet notamment :<\/p>\n<ul>\n<li>d\u2019hydrater intens\u00e9ment et durablement la peau s\u00e8che des mains et des pieds<\/li>\n<li>d\u2019apaiser les tiraillements et les d\u00e9mangeaisons de l\u2019\u00e9piderme dess\u00e9ch\u00e9<\/li>\n<li>de participer \u00e0 la r\u00e9paration des crevasses et des fissures cutan\u00e9es<\/li>\n<\/ul>\n<p>D\u00e8s la premi\u00e8re application, les <strong>sensations d\u2019inconfort sont att\u00e9nu\u00e9es<\/strong>. Jour apr\u00e8s jour, l\u2019\u00e9piderme se renforce pour devenir moins sensible au froid, \u00e0 l\u2019humidit\u00e9 ou aux frottements.<\/p>\n<h3>Une cr\u00e8me aux compos\u00e9s apaisants et avec un complexe brevet\u00e9<\/h3>\n<p>Ce <strong>soin hydratant<\/strong> contient de nombreux ingr\u00e9dients actifs et un complexe brevet\u00e9 par la marque pour prendre soin des \u00e9pidermes d\u00e9shydrat\u00e9s :<\/p>\n<ul>\n<li>Le brevet technologique Ur\u00e9e Pure apporte une action k\u00e9ratolytique qui favorise la desquamation des peaux mortes et la reconstitution des cellules cutan\u00e9es. Il soulage les <strong>mains s\u00e8ches<\/strong> et des pieds d\u00e9shydrat\u00e9s.<\/li>\n<li>Le beurre de karit\u00e9, un compos\u00e9 d\u2019origine v\u00e9g\u00e9tale, favorise l\u2019hydratation durable des couches sup\u00e9rieures de l\u2019\u00e9piderme. Il r\u00e9pare les <strong>pieds secs<\/strong> et les mains fragiles.<\/li>\n<li>L\u2019allanto\u00efne, un ingr\u00e9dient actif apaisant, permet d\u2019adoucir les tissus cutan\u00e9s et de calmer les sensations d\u2019inconfort.<\/li>\n<\/ul>\n<p>La texture onctueuse et enveloppante de ce soin des <strong>mains s\u00e8ches<\/strong> et des pieds d\u00e9shydrat\u00e9s p\u00e9n\u00e8tre imm\u00e9diatement. Elle est formul\u00e9e <strong>sans parfum et sans paraben<\/strong>, pour une tol\u00e9rance optimale des peaux sensibles.<\/p>\n<p>La <strong>cr\u00e8me pour les mains et les pieds secs<\/strong> X\u00e9rial de SVR permet de <strong>soulager les irritations et les crevasses<\/strong>. Elle <strong>soutient la barri\u00e8re d\u00e9fensive<\/strong> de la peau, pour la renforcer jour apr\u00e8s jour contre les agressions ext\u00e9rieures responsables de la s\u00e9cheresse cutan\u00e9e.<\/p>\n<\/p><\/div>","protected":false},"excerpt":{"rendered":"<p>Highlights:Appliquez une g\u00e9n\u00e9reuse noisette de produit, sur le dos et au creux de vos mains comme sur vos pieds. Frictionnez vos mains entre elles ou massez vos pieds de mani\u00e8re \u00e0 faire p\u00e9n\u00e9trer le soin. Renouvelez l\u2019application autant de fois que vous en ressentez le besoin.<\/p>","protected":false},"featured_media":5063,"comment_status":"open","ping_status":"closed","template":"","meta":[],"product_cat":[85],"product_tag":[],"yith_product_brand":[99],"class_list":{"0":"post-4991","1":"product","2":"type-product","3":"status-publish","4":"has-post-thumbnail","6":"product_cat-soins-corps","7":"yith_product_brand-svr","9":"first","10":"instock","11":"sale","12":"shipping-taxable","13":"purchasable","14":"product-type-simple"},"_links":{"self":[{"href":"https:\/\/parapharmacieenligne.ma\/en\/wp-json\/wp\/v2\/product\/4991","targetHints":{"allow":["GET"]}}],"collection":[{"href":"https:\/\/parapharmacieenligne.ma\/en\/wp-json\/wp\/v2\/product"}],"about":[{"href":"https:\/\/parapharmacieenligne.ma\/en\/wp-json\/wp\/v2\/types\/product"}],"replies":[{"embeddable":true,"href":"https:\/\/parapharmacieenligne.ma\/en\/wp-json\/wp\/v2\/comments?post=4991"}],"version-history":[{"count":1,"href":"https:\/\/parapharmacieenligne.ma\/en\/wp-json\/wp\/v2\/product\/4991\/revisions"}],"predecessor-version":[{"id":5064,"href":"https:\/\/parapharmacieenligne.ma\/en\/wp-json\/wp\/v2\/product\/4991\/revisions\/5064"}],"wp:featuredmedia":[{"embeddable":true,"href":"https:\/\/parapharmacieenligne.ma\/en\/wp-json\/wp\/v2\/media\/5063"}],"wp:attachment":[{"href":"https:\/\/parapharmacieenligne.ma\/en\/wp-json\/wp\/v2\/media?parent=4991"}],"wp:term":[{"taxonomy":"product_cat","embeddable":true,"href":"https:\/\/parapharmacieenligne.ma\/en\/wp-json\/wp\/v2\/product_cat?post=4991"},{"taxonomy":"product_tag","embeddable":true,"href":"https:\/\/parapharmacieenligne.ma\/en\/wp-json\/wp\/v2\/product_tag?post=4991"},{"taxonomy":"yith_product_brand","embeddable":true,"href":"https:\/\/parapharmacieenligne.ma\/en\/wp-json\/wp\/v2\/yith_product_brand?post=4991"}],"curies":[{"name":"wp","href":"https:\/\/api.w.org\/{rel}","templated":true}]}}