{"id":4992,"date":"2026-01-25T16:29:21","date_gmt":"2026-01-25T15:29:21","guid":{"rendered":"https:\/\/parapharmacieenligne.ma\/?post_type=product&#038;p=4992"},"modified":"2026-01-25T16:32:01","modified_gmt":"2026-01-25T15:32:01","slug":"svr-sensifine-hydra-creme-soin-hydratant-apaisant-40ml","status":"publish","type":"product","link":"https:\/\/parapharmacieenligne.ma\/en\/product\/svr-sensifine-hydra-creme-soin-hydratant-apaisant-40ml\/","title":{"rendered":"Svr SENSIFINE Hydra Cr\u00e8me Soin Hydratant Apaisant 40ml"},"content":{"rendered":"<div aria-labelledby=\"tab-title-description\" class=\"woocommerce-Tabs-panel woocommerce-Tabs-panel--description panel entry-content wc-tab\" id=\"tab-description\" role=\"tabpanel\" style=\"\">\n<h2>Description<\/h2>\n<p>associer tol\u00e9rance, efficacit\u00e9 et plaisir, challenge relev\u00e9 pour ce nouveau soin Sensifine. Cette cr\u00e8me minimaliste a \u00e9t\u00e9 formul\u00e9 avec uniquement 10 ingr\u00e9dients et 96% d\u2019ingr\u00e9dients d\u2019origine naturelle, tous s\u00e9lectionn\u00e9s et choisis minutieusement pour apaiser instantan\u00e9ment et hydrater intens\u00e9ment ces peaux fragiles ni trop grasses ni trop s\u00e8ches. Sa texture gel-cr\u00e8me onctueuse enrichie en huile d\u2019avocat fusionne avec la peau pour apporter confort et hydratation 24h durant sans une trace de fini gras ou collant.<\/p>\n<p>Un soin qui r\u00e9conforte les peaux hypersensibles, mais qui prend aussi soin de la plan\u00e8te avec un packaging all\u00e9g\u00e9 en plastique.<\/p>\n<p>\u2022 R\u00e9duit de <strong>84%<\/strong> les inconforts cutan\u00e9es en 1 application <sup>(1)<\/sup><br \/>\n \u2022 La peau est imm\u00e9diatement apais\u00e9e : 83% <sup>(2)<\/sup><br \/>\n \u2022 Le produit laisse un fini doux : 87% <sup>(2)<\/sup><\/p>\n<p><strong><strong>Conseils d\u2019Utilisation : <\/strong> <\/strong><\/p>\n<p>Appliquer le matin et le soir sur l\u2019ensemble du visage et du cou, sur peau propre et s\u00e8che.<\/p>\n<\/p><\/div>","protected":false},"excerpt":{"rendered":"<p>Highlights:Soin hydratant apaisant40ml \u2013 Pour toutes les peaux sensibles, poly-allergiques normales \u00e0 s\u00e8ches. Visage.<\/p>","protected":false},"featured_media":5065,"comment_status":"open","ping_status":"closed","template":"","meta":[],"product_cat":[83],"product_tag":[],"yith_product_brand":[99],"class_list":{"0":"post-4992","1":"product","2":"type-product","3":"status-publish","4":"has-post-thumbnail","6":"product_cat-soins-visage","7":"yith_product_brand-svr","9":"first","10":"instock","11":"sale","12":"shipping-taxable","13":"purchasable","14":"product-type-simple"},"_links":{"self":[{"href":"https:\/\/parapharmacieenligne.ma\/en\/wp-json\/wp\/v2\/product\/4992","targetHints":{"allow":["GET"]}}],"collection":[{"href":"https:\/\/parapharmacieenligne.ma\/en\/wp-json\/wp\/v2\/product"}],"about":[{"href":"https:\/\/parapharmacieenligne.ma\/en\/wp-json\/wp\/v2\/types\/product"}],"replies":[{"embeddable":true,"href":"https:\/\/parapharmacieenligne.ma\/en\/wp-json\/wp\/v2\/comments?post=4992"}],"version-history":[{"count":1,"href":"https:\/\/parapharmacieenligne.ma\/en\/wp-json\/wp\/v2\/product\/4992\/revisions"}],"predecessor-version":[{"id":5066,"href":"https:\/\/parapharmacieenligne.ma\/en\/wp-json\/wp\/v2\/product\/4992\/revisions\/5066"}],"wp:featuredmedia":[{"embeddable":true,"href":"https:\/\/parapharmacieenligne.ma\/en\/wp-json\/wp\/v2\/media\/5065"}],"wp:attachment":[{"href":"https:\/\/parapharmacieenligne.ma\/en\/wp-json\/wp\/v2\/media?parent=4992"}],"wp:term":[{"taxonomy":"product_cat","embeddable":true,"href":"https:\/\/parapharmacieenligne.ma\/en\/wp-json\/wp\/v2\/product_cat?post=4992"},{"taxonomy":"product_tag","embeddable":true,"href":"https:\/\/parapharmacieenligne.ma\/en\/wp-json\/wp\/v2\/product_tag?post=4992"},{"taxonomy":"yith_product_brand","embeddable":true,"href":"https:\/\/parapharmacieenligne.ma\/en\/wp-json\/wp\/v2\/yith_product_brand?post=4992"}],"curies":[{"name":"wp","href":"https:\/\/api.w.org\/{rel}","templated":true}]}}