{"id":5006,"date":"2026-01-25T16:29:50","date_gmt":"2026-01-25T15:29:50","guid":{"rendered":"https:\/\/parapharmacieenligne.ma\/?post_type=product&#038;p=5006"},"modified":"2026-01-25T16:32:24","modified_gmt":"2026-01-25T15:32:24","slug":"svr-sensifine-aqua-gel-soin-desalterant-apaisant-40ml","status":"publish","type":"product","link":"https:\/\/parapharmacieenligne.ma\/en\/product\/svr-sensifine-aqua-gel-soin-desalterant-apaisant-40ml\/","title":{"rendered":"Svr SENSIFINE Aqua-Gel Soin D\u00e9salt\u00e9rant Apaisant 40ml"},"content":{"rendered":"<div aria-labelledby=\"tab-title-description\" class=\"woocommerce-Tabs-panel woocommerce-Tabs-panel--description panel entry-content wc-tab\" id=\"tab-description\" role=\"tabpanel\" style=\"\">\n<h2>Description<\/h2>\n<p>Pour toutes les peaux sensibles, poly-allergiques normales \u00e0 mixtes. Visage.<\/p>\n<p>Associer tol\u00e9rance, efficacit\u00e9 et plaisir, challenge relev\u00e9 pour ce nouveau soin Sensifine. Ce gel minimaliste a \u00e9t\u00e9 formul\u00e9 avec uniquement 8 ingr\u00e9dients et 97% d\u2019ingr\u00e9dients d\u2019origine naturelle, tous s\u00e9lectionn\u00e9s et choisis minutieusement pour apaiser instantan\u00e9ment et hydrater intens\u00e9ment ces peaux fragiles. Sa texture gel ultra fraiche enrichie en aloe vera gorge la peau d\u2019eau, confort et hydratation 12h assur\u00e9e. Un soin qui r\u00e9conforte les peaux hypersensibles, mais qui prend aussi soin de la plan\u00e8te avec un packaging all\u00e9g\u00e9 en plastique.<\/p>\n<p>Une texture mixte que la gente masculine va aussi adorer !<\/p>\n<p>\u2022 R\u00e9duit de 70% les inconforts cutan\u00e9es en 1 application (1)<br \/>\n \u2022 La peau est intens\u00e9ment hydrat\u00e9e : 90% (2)<br \/>\n \u2022 Le produit offre une sensation de fraicheur imm\u00e9diate : 95% (2)<\/p>\n<p>(1) \u00c9tude clinique sur 20 sujets apr\u00e8s 1 application. (2) Auto-\u00e9valuation sur 20 sujets pendant 21 jours en application bi-quotidienne.<\/p>\n<p>SENSIFINE Aqua-Gel c\u2019est une association de Panth\u00e9nol et de 30% de gel d\u2019Aloe Vera pour une efficacit\u00e9 apaisante et hydratante renforc\u00e9e, sans mettre de c\u00f4t\u00e9 la tol\u00e9rance et la naturalit\u00e9. Et on n\u2019oublie pas le plaisir gr\u00e2ce \u00e0 une texture ultra-sensorielle.<\/p>\n<p>Une formule ultra-minimaliste avec seulement 8 ingr\u00e9dients essentiels.<\/p>\n<p>Compos\u00e9e de 97% d\u2019ingr\u00e9dients d\u2019origine naturelle.<\/p>\n<p>En toute transparence :<\/p>\n<p>\u2022 Eau purifi\u00e9e : D\u00e9salt\u00e8re la peau<br \/>\n \u2022 Glyc\u00e9rine : Emollient v\u00e9g\u00e9tal, hydrate imm\u00e9diatement<br \/>\n \u2022 1,2 Hexanediol : Humectant, favorise le confort cutan\u00e9<br \/>\n \u2022 Aloe Vera : Son jus d\u2019origine naturelle apaise, hydrate<br \/>\n \u2022 Panthenol : Actif de r\u00e9f\u00e9rence, apaise et maintient la barri\u00e8re<br \/>\n \u2022 Acrylate : g\u00e9lifiant pour une texture fraiche<br \/>\n \u2022 Caprylic Glycol : Humectant apporte douceur, souplesse<br \/>\n \u2022 Sodium Hydroxide : Ajusteur de pH pour respecter la peau<\/p>\n<p>Efficacit\u00e9 prouv\u00e9e sous contr\u00f4le dermatologique sur peaux hypersensibles et poly-allergiques. Sans parfum. pH physiologique. Hypoallerg\u00e9nique. Non com\u00e9dog\u00e8ne.<\/p>\n<p>INCI : LAB19.01\/A.15 \u2013 INGREDIENTS (CONTAINS) : AQUA\/WATER\/EAU, GLYCERIN, 1,2-HEXANEDIOL, ALOE BARBADENSIS LEAF JUICE POWDER, PANTHENOL, ACRYLATES\/C10-30 ALKYL ACRYLATE CROSSPOLYMER, CAPRYLYL GLYCOL, SODIUM HYDROXIDE<\/p>\n<p>La liste des ingr\u00e9dients peut \u00eatre soumise \u00e0 des modifications, nous vous conseillons de v\u00e9rifier la liste figurant sur le produit achet\u00e9.<\/p>\n<p>Appliquer matin et soir sur l\u2019ensemble du visage et du cou, sur peau propre et s\u00e8che.<\/p>\n<p>Excellente base de maquillage.<\/p>\n<\/p><\/div>","protected":false},"excerpt":{"rendered":"<p>Highlights:Soin d\u00e9salt\u00e9rant apaisant40ml \u2013 Gel minimaliste formul\u00e9 avec uniquement 8 ingr\u00e9dients et 97% d\u2019ingr\u00e9dients d\u2019origine naturelle.<\/p>","protected":false},"featured_media":5073,"comment_status":"open","ping_status":"closed","template":"","meta":[],"product_cat":[83],"product_tag":[],"yith_product_brand":[99],"class_list":{"0":"post-5006","1":"product","2":"type-product","3":"status-publish","4":"has-post-thumbnail","6":"product_cat-soins-visage","7":"yith_product_brand-svr","9":"first","10":"instock","11":"sale","12":"shipping-taxable","13":"purchasable","14":"product-type-simple"},"_links":{"self":[{"href":"https:\/\/parapharmacieenligne.ma\/en\/wp-json\/wp\/v2\/product\/5006","targetHints":{"allow":["GET"]}}],"collection":[{"href":"https:\/\/parapharmacieenligne.ma\/en\/wp-json\/wp\/v2\/product"}],"about":[{"href":"https:\/\/parapharmacieenligne.ma\/en\/wp-json\/wp\/v2\/types\/product"}],"replies":[{"embeddable":true,"href":"https:\/\/parapharmacieenligne.ma\/en\/wp-json\/wp\/v2\/comments?post=5006"}],"version-history":[{"count":1,"href":"https:\/\/parapharmacieenligne.ma\/en\/wp-json\/wp\/v2\/product\/5006\/revisions"}],"predecessor-version":[{"id":5074,"href":"https:\/\/parapharmacieenligne.ma\/en\/wp-json\/wp\/v2\/product\/5006\/revisions\/5074"}],"wp:featuredmedia":[{"embeddable":true,"href":"https:\/\/parapharmacieenligne.ma\/en\/wp-json\/wp\/v2\/media\/5073"}],"wp:attachment":[{"href":"https:\/\/parapharmacieenligne.ma\/en\/wp-json\/wp\/v2\/media?parent=5006"}],"wp:term":[{"taxonomy":"product_cat","embeddable":true,"href":"https:\/\/parapharmacieenligne.ma\/en\/wp-json\/wp\/v2\/product_cat?post=5006"},{"taxonomy":"product_tag","embeddable":true,"href":"https:\/\/parapharmacieenligne.ma\/en\/wp-json\/wp\/v2\/product_tag?post=5006"},{"taxonomy":"yith_product_brand","embeddable":true,"href":"https:\/\/parapharmacieenligne.ma\/en\/wp-json\/wp\/v2\/yith_product_brand?post=5006"}],"curies":[{"name":"wp","href":"https:\/\/api.w.org\/{rel}","templated":true}]}}