{"id":5007,"date":"2026-01-25T16:29:52","date_gmt":"2026-01-25T15:29:52","guid":{"rendered":"https:\/\/parapharmacieenligne.ma\/?post_type=product&#038;p=5007"},"modified":"2026-01-25T16:32:28","modified_gmt":"2026-01-25T15:32:28","slug":"svr-xerial-30-creme-anti-rugosites-100ml","status":"publish","type":"product","link":"https:\/\/parapharmacieenligne.ma\/en\/product\/svr-xerial-30-creme-anti-rugosites-100ml\/","title":{"rendered":"Svr Xerial 30 Cr\u00e8me Anti Rugosites 100ml"},"content":{"rendered":"<div aria-labelledby=\"tab-title-description\" class=\"woocommerce-Tabs-panel woocommerce-Tabs-panel--description panel entry-content wc-tab\" id=\"tab-description\" role=\"tabpanel\" style=\"\">\n<h2>Description<\/h2>\n<div class=\"product__tab expanded\" data-drawer-container=\"\">\n<div class=\"product__tab-content\" data-drawer-content=\"\">\n<p>Pour toutes les zones tr\u00e8s s\u00e8ches et rugueuses : bras, coudes, jambes et poils incarn\u00e9s. Ne pas utiliser chez l\u2019enfant de moins de 3 ans.<\/p>\n<p>La Technologie Ur\u00e9e Pure<sup>(1) <\/sup>vient lisser et \u00e9liminer les cellules mortes de la peau tout en hydratant profond\u00e9ment ! XERIAL 30 Cr\u00e8me r\u00e9duit les rugosit\u00e9s, l\u2019aspect granuleux et les poils incarn\u00e9s pour laisser la peau visuellement, et au toucher, lisse et super hydrat\u00e9e.<\/p>\n<\/p><\/div>\n<\/p><\/div>\n<div class=\"product__tab expanded\" data-drawer-container=\"\">\n<p class=\"product__tab-header\"><strong><strong>Conseils d\u2019Utilisation : <\/strong> <\/strong><\/p>\n<div class=\"product__tab-content\" data-drawer-content=\"\">\n<p>1 \u00e0 2 fois par jour sur les zones concern\u00e9es.<\/p>\n<\/p><\/div>\n<\/p><\/div>\n<\/p><\/div>","protected":false},"excerpt":{"rendered":"<p>Highlights:Cr\u00e8me r\u00e9duit les rugosit\u00e9s et les poils incarn\u00e9s, lisse la peau et r\u00e9duit son aspect granuleux.<\/p>","protected":false},"featured_media":5075,"comment_status":"open","ping_status":"closed","template":"","meta":[],"product_cat":[85],"product_tag":[],"yith_product_brand":[99],"class_list":{"0":"post-5007","1":"product","2":"type-product","3":"status-publish","4":"has-post-thumbnail","6":"product_cat-soins-corps","7":"yith_product_brand-svr","9":"first","10":"instock","11":"sale","12":"shipping-taxable","13":"purchasable","14":"product-type-simple"},"_links":{"self":[{"href":"https:\/\/parapharmacieenligne.ma\/en\/wp-json\/wp\/v2\/product\/5007","targetHints":{"allow":["GET"]}}],"collection":[{"href":"https:\/\/parapharmacieenligne.ma\/en\/wp-json\/wp\/v2\/product"}],"about":[{"href":"https:\/\/parapharmacieenligne.ma\/en\/wp-json\/wp\/v2\/types\/product"}],"replies":[{"embeddable":true,"href":"https:\/\/parapharmacieenligne.ma\/en\/wp-json\/wp\/v2\/comments?post=5007"}],"version-history":[{"count":1,"href":"https:\/\/parapharmacieenligne.ma\/en\/wp-json\/wp\/v2\/product\/5007\/revisions"}],"predecessor-version":[{"id":5076,"href":"https:\/\/parapharmacieenligne.ma\/en\/wp-json\/wp\/v2\/product\/5007\/revisions\/5076"}],"wp:featuredmedia":[{"embeddable":true,"href":"https:\/\/parapharmacieenligne.ma\/en\/wp-json\/wp\/v2\/media\/5075"}],"wp:attachment":[{"href":"https:\/\/parapharmacieenligne.ma\/en\/wp-json\/wp\/v2\/media?parent=5007"}],"wp:term":[{"taxonomy":"product_cat","embeddable":true,"href":"https:\/\/parapharmacieenligne.ma\/en\/wp-json\/wp\/v2\/product_cat?post=5007"},{"taxonomy":"product_tag","embeddable":true,"href":"https:\/\/parapharmacieenligne.ma\/en\/wp-json\/wp\/v2\/product_tag?post=5007"},{"taxonomy":"yith_product_brand","embeddable":true,"href":"https:\/\/parapharmacieenligne.ma\/en\/wp-json\/wp\/v2\/yith_product_brand?post=5007"}],"curies":[{"name":"wp","href":"https:\/\/api.w.org\/{rel}","templated":true}]}}