{"id":5008,"date":"2026-01-25T16:29:52","date_gmt":"2026-01-25T15:29:52","guid":{"rendered":"https:\/\/parapharmacieenligne.ma\/?post_type=product&#038;p=5008"},"modified":"2026-01-25T16:32:31","modified_gmt":"2026-01-25T15:32:31","slug":"svr-masque-anti-ox-c-50ml","status":"publish","type":"product","link":"https:\/\/parapharmacieenligne.ma\/en\/product\/svr-masque-anti-ox-c-50ml\/","title":{"rendered":"Svr Masque Anti-Ox C 50ml"},"content":{"rendered":"<div aria-labelledby=\"tab-title-description\" class=\"woocommerce-Tabs-panel woocommerce-Tabs-panel--description panel entry-content wc-tab\" id=\"tab-description\" role=\"tabpanel\" style=\"\">\n<h2>Description<\/h2>\n<p>Ce masque micro-peeling \u00e0 la texture ultra-sensorielle va devenir votre nouvel alli\u00e9 booster d\u2019\u00e9clat. Sa mousse onctueuse \u00e0 la formulation unique<sup>1<\/sup> contient la plus haute concentration<sup>1<\/sup> en vitamine C stabilis\u00e9e, actif \u00e9clat de r\u00e9f\u00e9rence, associ\u00e9e \u00e0 des actifs retexturisants et repulpants. R\u00e9sultat, une concentration record<sup>1<\/sup> de <strong>41%<\/strong><sup>2<\/sup> pour exfolier, lisser et illuminer le teint. Votre peau en manque de sommeil est r\u00e9g\u00e9n\u00e9r\u00e9e et r\u00e9veill\u00e9e en <strong>15 minutes chrono !<\/strong><\/p>\n<p><strong><strong>Conseils d\u2019Utilisation : <\/strong> <\/strong><\/p>\n<p>A vous de choisir votre utilisation favorite du masque ! Agitez et appliquez la mousse aux creux des mains puis massez sur la peau propre du visage pour faire p\u00e9n\u00e9trer. Au choix, laissez poser 15 minutes puis rincer ou retirez l\u2019exc\u00e9dent avec un coton l\u00e9g\u00e8rement humidifi\u00e9 puis laissez ainsi toute la nuit. Au r\u00e9veil rincer \u00e0 l\u2019eau.<\/p>\n<p>Renouvelez l\u2019application une \u00e0 trois fois par semaine.<\/p>\n<\/p><\/div>","protected":false},"excerpt":{"rendered":"<p>Highlights:Mousse micro-peeling. Eclat, anti-rides50ml \u2013 Une mousse micro-peeling hautement concentr\u00e9e en Vitamine C Optimis\u00e9e pour un coup d\u2019\u00e9clat express !<\/p>","protected":false},"featured_media":5077,"comment_status":"open","ping_status":"closed","template":"","meta":[],"product_cat":[83],"product_tag":[],"yith_product_brand":[99],"class_list":{"0":"post-5008","1":"product","2":"type-product","3":"status-publish","4":"has-post-thumbnail","6":"product_cat-soins-visage","7":"yith_product_brand-svr","9":"first","10":"instock","11":"sale","12":"shipping-taxable","13":"purchasable","14":"product-type-simple"},"_links":{"self":[{"href":"https:\/\/parapharmacieenligne.ma\/en\/wp-json\/wp\/v2\/product\/5008","targetHints":{"allow":["GET"]}}],"collection":[{"href":"https:\/\/parapharmacieenligne.ma\/en\/wp-json\/wp\/v2\/product"}],"about":[{"href":"https:\/\/parapharmacieenligne.ma\/en\/wp-json\/wp\/v2\/types\/product"}],"replies":[{"embeddable":true,"href":"https:\/\/parapharmacieenligne.ma\/en\/wp-json\/wp\/v2\/comments?post=5008"}],"version-history":[{"count":1,"href":"https:\/\/parapharmacieenligne.ma\/en\/wp-json\/wp\/v2\/product\/5008\/revisions"}],"predecessor-version":[{"id":5078,"href":"https:\/\/parapharmacieenligne.ma\/en\/wp-json\/wp\/v2\/product\/5008\/revisions\/5078"}],"wp:featuredmedia":[{"embeddable":true,"href":"https:\/\/parapharmacieenligne.ma\/en\/wp-json\/wp\/v2\/media\/5077"}],"wp:attachment":[{"href":"https:\/\/parapharmacieenligne.ma\/en\/wp-json\/wp\/v2\/media?parent=5008"}],"wp:term":[{"taxonomy":"product_cat","embeddable":true,"href":"https:\/\/parapharmacieenligne.ma\/en\/wp-json\/wp\/v2\/product_cat?post=5008"},{"taxonomy":"product_tag","embeddable":true,"href":"https:\/\/parapharmacieenligne.ma\/en\/wp-json\/wp\/v2\/product_tag?post=5008"},{"taxonomy":"yith_product_brand","embeddable":true,"href":"https:\/\/parapharmacieenligne.ma\/en\/wp-json\/wp\/v2\/yith_product_brand?post=5008"}],"curies":[{"name":"wp","href":"https:\/\/api.w.org\/{rel}","templated":true}]}}