{"id":5009,"date":"2026-01-25T16:29:52","date_gmt":"2026-01-25T15:29:52","guid":{"rendered":"https:\/\/parapharmacieenligne.ma\/?post_type=product&#038;p=5009"},"modified":"2026-01-25T16:32:34","modified_gmt":"2026-01-25T15:32:34","slug":"svr-hydraliane-riche-creme-40ml","status":"publish","type":"product","link":"https:\/\/parapharmacieenligne.ma\/en\/product\/svr-hydraliane-riche-creme-40ml\/","title":{"rendered":"SVR Hydraliane riche Creme 40ml"},"content":{"rendered":"<div aria-labelledby=\"tab-title-description\" class=\"woocommerce-Tabs-panel woocommerce-Tabs-panel--description panel entry-content wc-tab\" id=\"tab-description\" role=\"tabpanel\" style=\"\">\n<h2>Description<\/h2>\n<div class=\"product__main\">\n<div class=\"product__sidebar product__sidebar--is-sticky\">\n<div class=\"inner-wrapper-sticky\">\n<div class=\"product__actions product__actions--outofstock\"><\/div>\n<\/p><\/div>\n<\/p><\/div>\n<\/p><\/div>\n<div class=\"product__content\">\n<div class=\"product__tab expanded\" data-drawer-container=\"\">\n<h2 class=\"product__tab-header\" data-drawer-header=\"\"><span style=\"font-size: 16px;\">Pour toutes les peaux s\u00e8ches et d\u00e9shydrat\u00e9es. Visage <\/span><\/h2>\n<div class=\"product__tab-content\" data-drawer-content=\"\">\n<p>Hydraliane Riche est enrichie en Eau Physio-Adapt\u00e9e, une eau reconstitu\u00e9e en laboratoire qui imite les facteurs d\u2019hydratation<sup>(1)<\/sup> de la peau offrant une hydratation intense d\u00e8s l\u2019application. Hydratante intense, HYDRALIANE Riche est destin\u00e9e aux peaux s\u00e8ches, ayant besoin d\u2019un suppl\u00e9ment de nutrition.<\/p>\n<p>D\u00e8s l\u2019application, la peau est hydrat\u00e9e pendant<strong> 24h<\/strong><sup>(2)<\/sup>. Apr\u00e8s 3 semaines, la peau retrouve son confort<sup>(3)<\/sup>.<\/p>\n<\/p><\/div>\n<\/p><\/div>\n<\/p><\/div>\n<\/p><\/div>","protected":false},"excerpt":{"rendered":"<p>Highlights:Cr\u00e8me hydratante intense \u2013 peaux s\u00e8ches40ml \u2013 Hydraliane Riche est la premi\u00e8re cr\u00e8me de jour pour peau s\u00e8che et sensible formul\u00e9e avec 60 % d\u2019eau physio-adapt\u00e9e pour 24h d\u2019hydratation, de confort et d\u2019\u00e9clat.<\/p>","protected":false},"featured_media":5079,"comment_status":"open","ping_status":"closed","template":"","meta":[],"product_cat":[83],"product_tag":[],"yith_product_brand":[99],"class_list":{"0":"post-5009","1":"product","2":"type-product","3":"status-publish","4":"has-post-thumbnail","6":"product_cat-soins-visage","7":"yith_product_brand-svr","9":"first","10":"instock","11":"sale","12":"shipping-taxable","13":"purchasable","14":"product-type-simple"},"_links":{"self":[{"href":"https:\/\/parapharmacieenligne.ma\/en\/wp-json\/wp\/v2\/product\/5009","targetHints":{"allow":["GET"]}}],"collection":[{"href":"https:\/\/parapharmacieenligne.ma\/en\/wp-json\/wp\/v2\/product"}],"about":[{"href":"https:\/\/parapharmacieenligne.ma\/en\/wp-json\/wp\/v2\/types\/product"}],"replies":[{"embeddable":true,"href":"https:\/\/parapharmacieenligne.ma\/en\/wp-json\/wp\/v2\/comments?post=5009"}],"version-history":[{"count":1,"href":"https:\/\/parapharmacieenligne.ma\/en\/wp-json\/wp\/v2\/product\/5009\/revisions"}],"predecessor-version":[{"id":5080,"href":"https:\/\/parapharmacieenligne.ma\/en\/wp-json\/wp\/v2\/product\/5009\/revisions\/5080"}],"wp:featuredmedia":[{"embeddable":true,"href":"https:\/\/parapharmacieenligne.ma\/en\/wp-json\/wp\/v2\/media\/5079"}],"wp:attachment":[{"href":"https:\/\/parapharmacieenligne.ma\/en\/wp-json\/wp\/v2\/media?parent=5009"}],"wp:term":[{"taxonomy":"product_cat","embeddable":true,"href":"https:\/\/parapharmacieenligne.ma\/en\/wp-json\/wp\/v2\/product_cat?post=5009"},{"taxonomy":"product_tag","embeddable":true,"href":"https:\/\/parapharmacieenligne.ma\/en\/wp-json\/wp\/v2\/product_tag?post=5009"},{"taxonomy":"yith_product_brand","embeddable":true,"href":"https:\/\/parapharmacieenligne.ma\/en\/wp-json\/wp\/v2\/yith_product_brand?post=5009"}],"curies":[{"name":"wp","href":"https:\/\/api.w.org\/{rel}","templated":true}]}}