{"id":5010,"date":"2026-01-25T16:29:53","date_gmt":"2026-01-25T15:29:53","guid":{"rendered":"https:\/\/parapharmacieenligne.ma\/?post_type=product&#038;p=5010"},"modified":"2026-01-25T16:32:36","modified_gmt":"2026-01-25T15:32:36","slug":"svr-sun-secure-ecran-mineral-teinte-peaux-seches-a-tres-seches-60g","status":"publish","type":"product","link":"https:\/\/parapharmacieenligne.ma\/en\/product\/svr-sun-secure-ecran-mineral-teinte-peaux-seches-a-tres-seches-60g\/","title":{"rendered":"SVR SUN SECURE \u00c9cran Min\u00e9ral Teint\u00e9 Peaux s\u00e8ches \u00e0 tr\u00e8s s\u00e8ches 60G"},"content":{"rendered":"<div aria-labelledby=\"tab-title-description\" class=\"woocommerce-Tabs-panel woocommerce-Tabs-panel--description panel entry-content wc-tab\" id=\"tab-description\" role=\"tabpanel\" style=\"\">\n<h2>Description<\/h2>\n<div class=\"product__main\">\n<div class=\"product__sidebar product__sidebar--is-sticky\">\n<div class=\"inner-wrapper-sticky\">\n<div class=\"product__resume\">SUN SECURE \u00c9cran Min\u00e9ral Teint\u00e9 SPF50+ est un soin qui allie tr\u00e8s haute protection SPF50+ 100% min\u00e9rale et maquillage. Il convient aux peaux intol\u00e9rantes mais aussi aux femmes qui souhaitent se maquiller au soleil toute l\u2019ann\u00e9e. Gr\u00e2ce \u00e0 sa bonne couvrance, les imperfections sont camoufl\u00e9es, le teint unifi\u00e9 toute la journ\u00e9e. Il existe en deux versions : cr\u00e8me toucher sec peaux normales \u00e0 mixtes et cr\u00e8me confort peaux s\u00e8ches \u00e0 tr\u00e8s s\u00e8ches.<\/div>\n<\/p><\/div>\n<\/p><\/div>\n<\/p><\/div>\n<div class=\"product__content\">\n<div class=\"product__tab expanded\" data-drawer-container=\"\">\n<div class=\"product__tab-content\" data-drawer-content=\"\">\n<p>Gr\u00e2ce \u00e0 sa teinte universelle, il convient \u00e0 toutes les carnations. Ce soin r\u00e9siste \u00e0 l\u2019eau, \u00e0 la transpiration et aux frottements pour une protection optimale.<\/p>\n<p><strong><strong>Conseils d\u2019Utilisation : <\/strong> <\/strong><\/p>\n<p>Appliquer matin et avant chaque exposition au soleil sur le visage. Renouveler fr\u00e9quemment lors d\u2019exposition prolong\u00e9e.<\/p>\n<\/p><\/div>\n<\/p><\/div>\n<\/p><\/div>\n<\/p><\/div>","protected":false},"excerpt":{"rendered":"<p>Highlights:SUN SECURE \u00c9cran Min\u00e9ral Teint\u00e9 SPF50+ est un soin qui allie tr\u00e8s haute protection SPF50+ 100% min\u00e9rale et maquillage.<\/p>","protected":false},"featured_media":5081,"comment_status":"open","ping_status":"closed","template":"","meta":[],"product_cat":[86],"product_tag":[],"yith_product_brand":[99],"class_list":{"0":"post-5010","1":"product","2":"type-product","3":"status-publish","4":"has-post-thumbnail","6":"product_cat-protection-solaire","7":"yith_product_brand-svr","9":"first","10":"instock","11":"sale","12":"shipping-taxable","13":"purchasable","14":"product-type-simple"},"_links":{"self":[{"href":"https:\/\/parapharmacieenligne.ma\/en\/wp-json\/wp\/v2\/product\/5010","targetHints":{"allow":["GET"]}}],"collection":[{"href":"https:\/\/parapharmacieenligne.ma\/en\/wp-json\/wp\/v2\/product"}],"about":[{"href":"https:\/\/parapharmacieenligne.ma\/en\/wp-json\/wp\/v2\/types\/product"}],"replies":[{"embeddable":true,"href":"https:\/\/parapharmacieenligne.ma\/en\/wp-json\/wp\/v2\/comments?post=5010"}],"version-history":[{"count":1,"href":"https:\/\/parapharmacieenligne.ma\/en\/wp-json\/wp\/v2\/product\/5010\/revisions"}],"predecessor-version":[{"id":5082,"href":"https:\/\/parapharmacieenligne.ma\/en\/wp-json\/wp\/v2\/product\/5010\/revisions\/5082"}],"wp:featuredmedia":[{"embeddable":true,"href":"https:\/\/parapharmacieenligne.ma\/en\/wp-json\/wp\/v2\/media\/5081"}],"wp:attachment":[{"href":"https:\/\/parapharmacieenligne.ma\/en\/wp-json\/wp\/v2\/media?parent=5010"}],"wp:term":[{"taxonomy":"product_cat","embeddable":true,"href":"https:\/\/parapharmacieenligne.ma\/en\/wp-json\/wp\/v2\/product_cat?post=5010"},{"taxonomy":"product_tag","embeddable":true,"href":"https:\/\/parapharmacieenligne.ma\/en\/wp-json\/wp\/v2\/product_tag?post=5010"},{"taxonomy":"yith_product_brand","embeddable":true,"href":"https:\/\/parapharmacieenligne.ma\/en\/wp-json\/wp\/v2\/yith_product_brand?post=5010"}],"curies":[{"name":"wp","href":"https:\/\/api.w.org\/{rel}","templated":true}]}}