{"id":5038,"date":"2026-01-25T16:30:52","date_gmt":"2026-01-25T15:30:52","guid":{"rendered":"https:\/\/parapharmacieenligne.ma\/?post_type=product&#038;p=5038"},"modified":"2026-01-25T16:32:56","modified_gmt":"2026-01-25T15:32:56","slug":"svr-clairial-creme-10-40-ml","status":"publish","type":"product","link":"https:\/\/parapharmacieenligne.ma\/en\/product\/svr-clairial-creme-10-40-ml\/","title":{"rendered":"SVR CLAIRIAL Cr\u00e8me 10 40 ML"},"content":{"rendered":"<div aria-labelledby=\"tab-title-description\" class=\"woocommerce-Tabs-panel woocommerce-Tabs-panel--description panel entry-content wc-tab\" id=\"tab-description\" role=\"tabpanel\" style=\"\">\n<h2>Description<\/h2>\n<p>CLAIRIAL Cr\u00e8me 10 est efficace sur la r\u00e9duction de tous les types de taches sur toutes les carnations<\/p>\n<p>Pour tous les types de taches brunes li\u00e9es au soleil, au vieillissement, \u00e0 la grossesse, aux marques d\u2019imperfections. Peut \u00eatre utilis\u00e9e en post-acte dermatologique. Peaux sensibles. Adultes. Visage, cou et d\u00e9collet\u00e9.<\/p>\n<p>Appliquer matin et soir apr\u00e8s CLAIRIAL SERUM. Pour une action renforc\u00e9e :<br \/>\n \u2022 Le matin : utiliser Clairial Cr\u00e8me SPF50+, la plus haute protection solaire anti-taches<sup>(1)<\/sup> pour une double action anti-taches pr\u00e9ventive et correctrice.<br \/>\n \u2022 Un soir sur deux : utiliser Clairial Peel, exfoliant doux qui booste l\u2019efficacit\u00e9 des soins d\u00e9pigmentants.<\/p>\n<\/p><\/div>","protected":false},"excerpt":{"rendered":"<p>Highlights:Soin uniformisant anti-taches<\/p>","protected":false},"featured_media":5093,"comment_status":"open","ping_status":"closed","template":"","meta":[],"product_cat":[83],"product_tag":[],"yith_product_brand":[99],"class_list":{"0":"post-5038","1":"product","2":"type-product","3":"status-publish","4":"has-post-thumbnail","6":"product_cat-soins-visage","7":"yith_product_brand-svr","9":"first","10":"instock","11":"sale","12":"shipping-taxable","13":"purchasable","14":"product-type-simple"},"_links":{"self":[{"href":"https:\/\/parapharmacieenligne.ma\/en\/wp-json\/wp\/v2\/product\/5038","targetHints":{"allow":["GET"]}}],"collection":[{"href":"https:\/\/parapharmacieenligne.ma\/en\/wp-json\/wp\/v2\/product"}],"about":[{"href":"https:\/\/parapharmacieenligne.ma\/en\/wp-json\/wp\/v2\/types\/product"}],"replies":[{"embeddable":true,"href":"https:\/\/parapharmacieenligne.ma\/en\/wp-json\/wp\/v2\/comments?post=5038"}],"version-history":[{"count":1,"href":"https:\/\/parapharmacieenligne.ma\/en\/wp-json\/wp\/v2\/product\/5038\/revisions"}],"predecessor-version":[{"id":5094,"href":"https:\/\/parapharmacieenligne.ma\/en\/wp-json\/wp\/v2\/product\/5038\/revisions\/5094"}],"wp:featuredmedia":[{"embeddable":true,"href":"https:\/\/parapharmacieenligne.ma\/en\/wp-json\/wp\/v2\/media\/5093"}],"wp:attachment":[{"href":"https:\/\/parapharmacieenligne.ma\/en\/wp-json\/wp\/v2\/media?parent=5038"}],"wp:term":[{"taxonomy":"product_cat","embeddable":true,"href":"https:\/\/parapharmacieenligne.ma\/en\/wp-json\/wp\/v2\/product_cat?post=5038"},{"taxonomy":"product_tag","embeddable":true,"href":"https:\/\/parapharmacieenligne.ma\/en\/wp-json\/wp\/v2\/product_tag?post=5038"},{"taxonomy":"yith_product_brand","embeddable":true,"href":"https:\/\/parapharmacieenligne.ma\/en\/wp-json\/wp\/v2\/yith_product_brand?post=5038"}],"curies":[{"name":"wp","href":"https:\/\/api.w.org\/{rel}","templated":true}]}}