{"id":5039,"date":"2026-01-25T16:30:53","date_gmt":"2026-01-25T15:30:53","guid":{"rendered":"https:\/\/parapharmacieenligne.ma\/?post_type=product&#038;p=5039"},"modified":"2026-01-25T16:32:59","modified_gmt":"2026-01-25T15:32:59","slug":"svr-physiopure-gelee-moussante-200ml","status":"publish","type":"product","link":"https:\/\/parapharmacieenligne.ma\/en\/product\/svr-physiopure-gelee-moussante-200ml\/","title":{"rendered":"SVR PHYSIOPURE Gel\u00e9e Moussante 200ML"},"content":{"rendered":"<div aria-labelledby=\"tab-title-description\" class=\"woocommerce-Tabs-panel woocommerce-Tabs-panel--description panel entry-content wc-tab\" id=\"tab-description\" role=\"tabpanel\" style=\"\">\n<h2>Description<\/h2>\n<p>Physiopure Gel\u00e9e Moussante s\u2019adresse aux femmes qui pr\u00e9f\u00e8rent le nettoyage \u00e0 l\u2019eau. Cette gel\u00e9e se transforme en mousse onctueuse pour un nettoyage au rin\u00e7age facile.<\/p>\n<p>Pour toutes les peaux sensibles \u2013 Visage<\/p>\n<p>PHYSIOPURE Gel\u00e9e Moussante est une gel\u00e9e purifiante et rafraichissante qui ne d\u00e9ss\u00e8che pas la peau. Toute en l\u00e9g\u00e8ret\u00e9, elle se tranforme en mousse pour un nettoyage haute sensorialit\u00e9 !<\/p>\n<p><strong><strong>Conseils d\u2019Utilisation : <\/strong> <\/strong><\/p>\n<p>Appliquer matin et\/ou soir sur visage humide. Rincer abondamment. S\u00e9cher en tapotant sans frotter.<\/p>\n<\/p><\/div>","protected":false},"excerpt":{"rendered":"<p>Highlights:Cr\u00e8me apaisante r\u00e9paration acc\u00e9l\u00e9r\u00e9e anti-marquesCICAVIT+ Cr\u00e8me est un soin qui acc\u00e9l\u00e8re la r\u00e9paration cutan\u00e9e et apaise intens\u00e9ment les peaux abim\u00e9es et irrit\u00e9es de toute la famille<\/p>","protected":false},"featured_media":5095,"comment_status":"open","ping_status":"closed","template":"","meta":[],"product_cat":[85],"product_tag":[],"yith_product_brand":[99],"class_list":{"0":"post-5039","1":"product","2":"type-product","3":"status-publish","4":"has-post-thumbnail","6":"product_cat-soins-corps","7":"yith_product_brand-svr","9":"first","10":"instock","11":"sale","12":"shipping-taxable","13":"purchasable","14":"product-type-simple"},"_links":{"self":[{"href":"https:\/\/parapharmacieenligne.ma\/en\/wp-json\/wp\/v2\/product\/5039","targetHints":{"allow":["GET"]}}],"collection":[{"href":"https:\/\/parapharmacieenligne.ma\/en\/wp-json\/wp\/v2\/product"}],"about":[{"href":"https:\/\/parapharmacieenligne.ma\/en\/wp-json\/wp\/v2\/types\/product"}],"replies":[{"embeddable":true,"href":"https:\/\/parapharmacieenligne.ma\/en\/wp-json\/wp\/v2\/comments?post=5039"}],"version-history":[{"count":1,"href":"https:\/\/parapharmacieenligne.ma\/en\/wp-json\/wp\/v2\/product\/5039\/revisions"}],"predecessor-version":[{"id":5096,"href":"https:\/\/parapharmacieenligne.ma\/en\/wp-json\/wp\/v2\/product\/5039\/revisions\/5096"}],"wp:featuredmedia":[{"embeddable":true,"href":"https:\/\/parapharmacieenligne.ma\/en\/wp-json\/wp\/v2\/media\/5095"}],"wp:attachment":[{"href":"https:\/\/parapharmacieenligne.ma\/en\/wp-json\/wp\/v2\/media?parent=5039"}],"wp:term":[{"taxonomy":"product_cat","embeddable":true,"href":"https:\/\/parapharmacieenligne.ma\/en\/wp-json\/wp\/v2\/product_cat?post=5039"},{"taxonomy":"product_tag","embeddable":true,"href":"https:\/\/parapharmacieenligne.ma\/en\/wp-json\/wp\/v2\/product_tag?post=5039"},{"taxonomy":"yith_product_brand","embeddable":true,"href":"https:\/\/parapharmacieenligne.ma\/en\/wp-json\/wp\/v2\/yith_product_brand?post=5039"}],"curies":[{"name":"wp","href":"https:\/\/api.w.org\/{rel}","templated":true}]}}