{"id":5040,"date":"2026-01-25T16:30:53","date_gmt":"2026-01-25T15:30:53","guid":{"rendered":"https:\/\/parapharmacieenligne.ma\/?post_type=product&#038;p=5040"},"modified":"2026-01-25T16:33:02","modified_gmt":"2026-01-25T15:33:02","slug":"svr-topialyse-baume-lavant-200ml","status":"publish","type":"product","link":"https:\/\/parapharmacieenligne.ma\/en\/product\/svr-topialyse-baume-lavant-200ml\/","title":{"rendered":"SVR TOPIALYSE Baume Lavant 200ML"},"content":{"rendered":"<div aria-labelledby=\"tab-title-description\" class=\"woocommerce-Tabs-panel woocommerce-Tabs-panel--description panel entry-content wc-tab\" id=\"tab-description\" role=\"tabpanel\" style=\"\">\n<h2>Description<\/h2>\n<p>Topialyse baume lavant \u2013 Une v\u00e9ritable innovation, aussi efficace qu\u2019un soin, TOPIALYSE BAUME LAVANT est le 1er baume lavant<\/p>\n<p>Pour les peaux tr\u00e8s s\u00e8ches \u00e0 tendance atopique. D\u00e8s la naissance. Corps, visage, cheveux, hygi\u00e8ne intime. Ne pique pas les yeux.<\/p>\n<p>TOPIALYSE BAUME LAVANT est un soin lavant sans parfum sans sulfate pour les peaux tr\u00e8s s\u00e8ches \u00e0 tendance atopique.<\/p>\n<p><strong><strong>Conseils d\u2019Utilisation : <\/strong> <\/strong><\/p>\n<p>Usage quotidien. Appliquer sur peau mouill\u00e9e, faire mousser, rincer puis s\u00e9cher d\u00e9licatement sans frotter.<\/p>\n<p>Corps, visage, hygi\u00e8ne intime.<\/p>\n<p>Convient aux cheveux et au corps du b\u00e9b\u00e9, ne pique pas les yeux.<\/p>\n<\/p><\/div>","protected":false},"excerpt":{"rendered":"<p>Highlights:Soin lavant apaisant s\u00e9cheresse et grattage s\u00e9v\u00e8res \u2013 peaux tr\u00e8s s\u00e8ches \u00e0 atopiques.200ml \u2013 Topialyse baume lavant \u2013 Une v\u00e9ritable innovation, aussi efficace qu\u2019un soin, TOPIALYSE BAUME LAVANT est le 1er baume lavant<\/p>","protected":false},"featured_media":5097,"comment_status":"open","ping_status":"closed","template":"","meta":[],"product_cat":[85],"product_tag":[],"yith_product_brand":[99],"class_list":{"0":"post-5040","1":"product","2":"type-product","3":"status-publish","4":"has-post-thumbnail","6":"product_cat-soins-corps","7":"yith_product_brand-svr","9":"first","10":"instock","11":"sale","12":"shipping-taxable","13":"purchasable","14":"product-type-simple"},"_links":{"self":[{"href":"https:\/\/parapharmacieenligne.ma\/en\/wp-json\/wp\/v2\/product\/5040","targetHints":{"allow":["GET"]}}],"collection":[{"href":"https:\/\/parapharmacieenligne.ma\/en\/wp-json\/wp\/v2\/product"}],"about":[{"href":"https:\/\/parapharmacieenligne.ma\/en\/wp-json\/wp\/v2\/types\/product"}],"replies":[{"embeddable":true,"href":"https:\/\/parapharmacieenligne.ma\/en\/wp-json\/wp\/v2\/comments?post=5040"}],"version-history":[{"count":1,"href":"https:\/\/parapharmacieenligne.ma\/en\/wp-json\/wp\/v2\/product\/5040\/revisions"}],"predecessor-version":[{"id":5098,"href":"https:\/\/parapharmacieenligne.ma\/en\/wp-json\/wp\/v2\/product\/5040\/revisions\/5098"}],"wp:featuredmedia":[{"embeddable":true,"href":"https:\/\/parapharmacieenligne.ma\/en\/wp-json\/wp\/v2\/media\/5097"}],"wp:attachment":[{"href":"https:\/\/parapharmacieenligne.ma\/en\/wp-json\/wp\/v2\/media?parent=5040"}],"wp:term":[{"taxonomy":"product_cat","embeddable":true,"href":"https:\/\/parapharmacieenligne.ma\/en\/wp-json\/wp\/v2\/product_cat?post=5040"},{"taxonomy":"product_tag","embeddable":true,"href":"https:\/\/parapharmacieenligne.ma\/en\/wp-json\/wp\/v2\/product_tag?post=5040"},{"taxonomy":"yith_product_brand","embeddable":true,"href":"https:\/\/parapharmacieenligne.ma\/en\/wp-json\/wp\/v2\/yith_product_brand?post=5040"}],"curies":[{"name":"wp","href":"https:\/\/api.w.org\/{rel}","templated":true}]}}