{"id":5042,"date":"2026-01-25T16:30:54","date_gmt":"2026-01-25T15:30:54","guid":{"rendered":"https:\/\/parapharmacieenligne.ma\/?post_type=product&#038;p=5042"},"modified":"2026-01-25T16:33:18","modified_gmt":"2026-01-25T15:33:18","slug":"svr-spirial-extreme-traitement-detranspirant-intensif-20-ml","status":"publish","type":"product","link":"https:\/\/parapharmacieenligne.ma\/en\/product\/svr-spirial-extreme-traitement-detranspirant-intensif-20-ml\/","title":{"rendered":"SVR SPIRIAL Extr\u00eame Traitement D\u00e9transpirant INTENSIF 20 ML"},"content":{"rendered":"<div aria-labelledby=\"tab-title-description\" class=\"woocommerce-Tabs-panel woocommerce-Tabs-panel--description panel entry-content wc-tab\" id=\"tab-description\" role=\"tabpanel\" style=\"\">\n<h2>Description<\/h2>\n<p>SPIRIAL EXTREME r\u00e9gule la transpiration tout en respectant les peaux sensibles.<\/p>\n<div class=\"product__content\">\n<div class=\"product__tab expanded\" data-drawer-container=\"\">\n<div class=\"product__tab-content\" data-drawer-content=\"\">\n<p>Toutes les peaux m\u00eame les plus sensibles. Transpiration excessive ou extr\u00eame. Adolescent \u00e0 partir de 12 ans (sur avis m\u00e9dical), adulte. Aisselles.<\/p>\n<p>Innovation SVR : Spirial Extreme, le meilleur de l\u2019efficacit\u00e9 d\u00e9transpirante dans la plus haute tol\u00e9rance pour les transpirations extr\u00eames (stress, humidit\u00e9, sport, prise de m\u00e9dicaments\u2026). Il r\u00e9gule la transpiration d\u00e8s la 1<sup>\u00e8re<\/sup> application<sup>(1)<\/sup> gr\u00e2ce \u00e0 sa formule hautement concentr\u00e9e en agents sudo-r\u00e9gulateurs pour r\u00e9guler la transpiration, absorber l\u2019humidit\u00e9 et lutter contre les mauvaises odeurs.<\/p>\n<\/p><\/div>\n<\/p><\/div>\n<\/p><\/div>\n<\/p><\/div>","protected":false},"excerpt":{"rendered":"<p>Highlights:Traitement d\u00e9transpirant intensif<\/p>","protected":false},"featured_media":5101,"comment_status":"open","ping_status":"closed","template":"","meta":[],"product_cat":[85],"product_tag":[],"yith_product_brand":[99],"class_list":{"0":"post-5042","1":"product","2":"type-product","3":"status-publish","4":"has-post-thumbnail","6":"product_cat-soins-corps","7":"yith_product_brand-svr","9":"first","10":"instock","11":"sale","12":"shipping-taxable","13":"purchasable","14":"product-type-simple"},"_links":{"self":[{"href":"https:\/\/parapharmacieenligne.ma\/en\/wp-json\/wp\/v2\/product\/5042","targetHints":{"allow":["GET"]}}],"collection":[{"href":"https:\/\/parapharmacieenligne.ma\/en\/wp-json\/wp\/v2\/product"}],"about":[{"href":"https:\/\/parapharmacieenligne.ma\/en\/wp-json\/wp\/v2\/types\/product"}],"replies":[{"embeddable":true,"href":"https:\/\/parapharmacieenligne.ma\/en\/wp-json\/wp\/v2\/comments?post=5042"}],"version-history":[{"count":1,"href":"https:\/\/parapharmacieenligne.ma\/en\/wp-json\/wp\/v2\/product\/5042\/revisions"}],"predecessor-version":[{"id":5102,"href":"https:\/\/parapharmacieenligne.ma\/en\/wp-json\/wp\/v2\/product\/5042\/revisions\/5102"}],"wp:featuredmedia":[{"embeddable":true,"href":"https:\/\/parapharmacieenligne.ma\/en\/wp-json\/wp\/v2\/media\/5101"}],"wp:attachment":[{"href":"https:\/\/parapharmacieenligne.ma\/en\/wp-json\/wp\/v2\/media?parent=5042"}],"wp:term":[{"taxonomy":"product_cat","embeddable":true,"href":"https:\/\/parapharmacieenligne.ma\/en\/wp-json\/wp\/v2\/product_cat?post=5042"},{"taxonomy":"product_tag","embeddable":true,"href":"https:\/\/parapharmacieenligne.ma\/en\/wp-json\/wp\/v2\/product_tag?post=5042"},{"taxonomy":"yith_product_brand","embeddable":true,"href":"https:\/\/parapharmacieenligne.ma\/en\/wp-json\/wp\/v2\/yith_product_brand?post=5042"}],"curies":[{"name":"wp","href":"https:\/\/api.w.org\/{rel}","templated":true}]}}